{"id":998,"date":"2015-04-21T08:34:25","date_gmt":"2015-03-26T08:51:32","guid":{"rendered":"https:\/\/gracieuse.ch\/domaine\/pour-vous-servir\/"},"modified":"2024-11-04T15:17:50","modified_gmt":"2024-11-04T14:17:50","slug":"pour-vous-servir","status":"publish","type":"page","link":"https:\/\/gracieuse.ch\/it\/domaine\/pour-vous-servir\/","title":{"rendered":"Servizi personalizzati"},"content":{"rendered":"<div id='layer_slider_1'  class='avia-layerslider main_color avia-shadow  avia-builder-el-0  el_before_av_textblock  avia-builder-el-first  container_wrap sidebar_right'  style='height: 401px;'  ><\/div><div id='after_layer_slider_1'  class='main_color av_default_container_wrap container_wrap sidebar_right'  ><div class='container av-section-cont-open' ><div class='template-page content  av-content-small alpha units'><div class='post-entry post-entry-type-page post-entry-998'><div class='entry-content-wrapper clearfix'>\n<section  class='av_textblock_section av-39dm38-14a2c3633b4767c632f0d78d3cc9a7ea '   itemscope=\"itemscope\" itemtype=\"https:\/\/schema.org\/CreativeWork\" ><div class='avia_textblock'  itemprop=\"text\" ><h1 style=\"text-align: center;\">Servizi personalizzati<\/h1>\n<\/div><\/section>\n<div  class='hr av-32lj1w-8f2c3118b847d436c87a89ce7ec012e3 hr-short  avia-builder-el-2  el_after_av_textblock  el_before_av_one_third  hr-center'><span class='hr-inner '><span class=\"hr-inner-style\"><\/span><\/span><\/div>\n<div  class='flex_column av-2wxdik-c190147eaf6a1a9b0bf672cc6382c719 av_one_third  avia-builder-el-3  el_after_av_hr  el_before_av_two_third  first flex_column_div  '     ><p>\n<style type=\"text\/css\" data-created_by=\"avia_inline_auto\" id=\"style-css-av-2t6cek-70ded4a22bb90e9cd33ec266049d02d5\">\n.avia-image-container.av-2t6cek-70ded4a22bb90e9cd33ec266049d02d5 img.avia_image{\nbox-shadow:none;\n}\n.avia-image-container.av-2t6cek-70ded4a22bb90e9cd33ec266049d02d5 .av-image-caption-overlay-center{\ncolor:#ffffff;\n}\n<\/style>\n<div  class='avia-image-container av-2t6cek-70ded4a22bb90e9cd33ec266049d02d5 av-styling- avia-align-center  avia-builder-el-4  el_before_av_textblock  avia-builder-el-first '   itemprop=\"image\" itemscope=\"itemscope\" itemtype=\"https:\/\/schema.org\/ImageObject\" ><div class=\"avia-image-container-inner\"><div class=\"avia-image-overlay-wrap\"><img alt=\"\" fetchpriority=\"high\" class='wp-image-2097 avia-img-lazy-loading-not-2097 avia_image ' src='https:\/\/gracieuse.ch\/wp-content\/uploads\/2024\/10\/Domaine-de-la-Gracieuse-Lonay-129-Modifier-web-300x200.jpg' alt='' title='Domaine de la Gracieuse - Lonay-129-Modifier-web'  height=\"200\" width=\"300\"  itemprop=\"thumbnailUrl\"  \/><\/div><\/div><\/div><br \/>\n<section  class='av_textblock_section av-2lpbzo-004d822fd58f3b01019d0325b3ceefe2 '   itemscope=\"itemscope\" itemtype=\"https:\/\/schema.org\/CreativeWork\" ><div class='avia_textblock'  itemprop=\"text\" ><\/div><\/section><\/p><\/div>\n\n<style type=\"text\/css\" data-created_by=\"avia_inline_auto\" id=\"style-css-av-2erfuk-585ae6909cc9389c8ff1f41dcd96d0dd\">\n.flex_column.av-2erfuk-585ae6909cc9389c8ff1f41dcd96d0dd{\nborder-radius:0px 0px 0px 0px;\npadding:0px 0px 0px 0px;\n}\n<\/style>\n<div  class='flex_column av-2erfuk-585ae6909cc9389c8ff1f41dcd96d0dd av_two_third  avia-builder-el-6  el_after_av_one_third  el_before_av_hr  flex_column_div av-zero-column-padding  '     ><section  class='av_textblock_section av-26a4c4-d33eb15a8e0a78bf6aa8fb55577c129f '   itemscope=\"itemscope\" itemtype=\"https:\/\/schema.org\/CreativeWork\" ><div class='avia_textblock'  itemprop=\"text\" ><p><strong>Un servizio attento e di qualit\u00e0<\/strong><\/p>\n<p>Approfittate di un servizio a 4 stelle e di un team attento al vostro benessere. Potete affidarci il vostro bucato, la stiratura o il cucito, e una lavanderia \u00e8 a vostra disposizione. Il personale della reception e del negozio \u00e8 a disposizione tutti i giorni. Un team di tecnici pu\u00f2 aiutarvi con piccoli lavori (riparazioni, falegnameria, elettricit\u00e0, ecc.) e offre un servizio di navetta per la stazione di Morges quattro volte al giorno. Sul sito de La Gracieuse sono disponibili altri servizi come parrucchiere, chiropodista e fisioterapista.<\/p>\n<\/div><\/section><\/div>\n<style type=\"text\/css\" data-created_by=\"avia_inline_auto\" id=\"style-css-av-ruho-5e7c50a29cfb5fb0ce22be1dec3e7a52\">\n#top .hr.hr-invisible.av-ruho-5e7c50a29cfb5fb0ce22be1dec3e7a52{\nheight:50px;\n}\n<\/style>\n<div  class='hr av-ruho-5e7c50a29cfb5fb0ce22be1dec3e7a52 hr-invisible  avia-builder-el-8  el_after_av_two_third  el_before_av_hr '><span class='hr-inner '><span class=\"hr-inner-style\"><\/span><\/span><\/div><\/p>\n<div  class='hr av-1wi9o4-8b9d48d9c5dd10f734cbb42e1c31eccf hr-short  avia-builder-el-9  el_after_av_hr  el_before_av_hr  hr-center'><span class='hr-inner '><span class=\"hr-inner-style\"><\/span><\/span><\/div>\n\n<style type=\"text\/css\" data-created_by=\"avia_inline_auto\" id=\"style-css-av-1or858-22a2a77bc678b5dfa59454daf8e0fb62\">\n#top .hr.hr-invisible.av-1or858-22a2a77bc678b5dfa59454daf8e0fb62{\nheight:50px;\n}\n<\/style>\n<div  class='hr av-1or858-22a2a77bc678b5dfa59454daf8e0fb62 hr-invisible  avia-builder-el-10  el_after_av_hr  el_before_av_one_third '><span class='hr-inner '><span class=\"hr-inner-style\"><\/span><\/span><\/div>\n<div  class='flex_column av-5ouek-91f4d4298657d2f3b8a99fadec106bd1 av_one_third  avia-builder-el-11  el_after_av_hr  el_before_av_one_third  first flex_column_div  '     ><p>\n<style type=\"text\/css\" data-created_by=\"avia_inline_auto\" id=\"style-css-av-1eaif0-d74167ef71628089c7e65b65de903487\">\n.avia-image-container.av-1eaif0-d74167ef71628089c7e65b65de903487 img.avia_image{\nbox-shadow:none;\n}\n.avia-image-container.av-1eaif0-d74167ef71628089c7e65b65de903487 .av-image-caption-overlay-center{\ncolor:#ffffff;\n}\n<\/style>\n<div  class='avia-image-container av-1eaif0-d74167ef71628089c7e65b65de903487 av-styling- av-img-linked avia-align-center  avia-builder-el-12  el_before_av_textblock  avia-builder-el-first '   itemprop=\"image\" itemscope=\"itemscope\" itemtype=\"https:\/\/schema.org\/ImageObject\" ><div class=\"avia-image-container-inner\"><div class=\"avia-image-overlay-wrap\"><a href=\"https:\/\/gracieuse.ch\/it\/domaine\/\" class='avia_image '  aria-label='LE DOMAINE'><img alt=\"\" fetchpriority=\"high\" class='wp-image-971 avia-img-lazy-loading-not-971 avia_image ' src='https:\/\/gracieuse.ch\/wp-content\/uploads\/2015\/03\/miniature-LG-exterieurs-148-G-Martinez-300x199.jpg' alt='' title='LE DOMAINE'  height=\"199\" width=\"300\"  itemprop=\"thumbnailUrl\"  \/><\/a><\/div><\/div><\/div><br \/>\n<section  class='av_textblock_section av-16h73o-275d62cb44d8319f4b239b24791ca218 '   itemscope=\"itemscope\" itemtype=\"https:\/\/schema.org\/CreativeWork\" ><div class='avia_textblock'  itemprop=\"text\" ><h3 style=\"text-align: center;\">PROPRIETA<\/h3>\n<h3 style=\"text-align: center;\"><\/h3>\n<\/div><\/section><\/p><\/div>\n<style type=\"text\/css\" data-created_by=\"avia_inline_auto\" id=\"style-css-av-10giy4-879263ccd3ac650e20158a98a767c42b\">\n.flex_column.av-10giy4-879263ccd3ac650e20158a98a767c42b{\nborder-radius:0px 0px 0px 0px;\npadding:0px 0px 0px 0px;\n}\n<\/style>\n<div  class='flex_column av-10giy4-879263ccd3ac650e20158a98a767c42b av_one_third  avia-builder-el-14  el_after_av_one_third  el_before_av_one_third  flex_column_div av-zero-column-padding  '     ><p>\n<style type=\"text\/css\" data-created_by=\"avia_inline_auto\" id=\"style-css-av-vrvyk-dd5b8abd641a83f69f8d1bf5cacb40d4\">\n.avia-image-container.av-vrvyk-dd5b8abd641a83f69f8d1bf5cacb40d4 img.avia_image{\nbox-shadow:none;\n}\n.avia-image-container.av-vrvyk-dd5b8abd641a83f69f8d1bf5cacb40d4 .av-image-caption-overlay-center{\ncolor:#ffffff;\n}\n<\/style>\n<div  class='avia-image-container av-vrvyk-dd5b8abd641a83f69f8d1bf5cacb40d4 av-styling- av-img-linked avia-align-center  avia-builder-el-15  el_before_av_textblock  avia-builder-el-first '   itemprop=\"image\" itemscope=\"itemscope\" itemtype=\"https:\/\/schema.org\/ImageObject\" ><div class=\"avia-image-container-inner\"><div class=\"avia-image-overlay-wrap\"><a href=\"https:\/\/gracieuse.ch\/it\/appartements\/\" class='avia_image '  aria-label='Domaine de la Gracieuse-2013-Modifier-web'><img alt=\"\" fetchpriority=\"high\" class='wp-image-2013 avia-img-lazy-loading-not-2013 avia_image ' src='https:\/\/gracieuse.ch\/wp-content\/uploads\/2024\/10\/Domaine-de-la-Gracieuse-2013-Modifier-web-300x200.jpg' alt='' title='Domaine de la Gracieuse-2013-Modifier-web'  height=\"200\" width=\"300\"  itemprop=\"thumbnailUrl\"  \/><\/a><\/div><\/div><\/div><br \/>\n<section  class='av_textblock_section av-p6n2c-72168eec2ee801e70eaae8a98e67f7b3 '   itemscope=\"itemscope\" itemtype=\"https:\/\/schema.org\/CreativeWork\" ><div class='avia_textblock'  itemprop=\"text\" ><h1 style=\"text-align: center;\">APPARTAMENTI<\/h1>\n<h3 style=\"text-align: center;\"><\/h3>\n<\/div><\/section><\/p><\/div>\n<style type=\"text\/css\" data-created_by=\"avia_inline_auto\" id=\"style-css-av-l0a98-9e8cb45a0d3b3ef82c9b003dd9430da0\">\n.flex_column.av-l0a98-9e8cb45a0d3b3ef82c9b003dd9430da0{\nborder-radius:0px 0px 0px 0px;\npadding:0px 0px 0px 0px;\n}\n<\/style>\n<div  class='flex_column av-l0a98-9e8cb45a0d3b3ef82c9b003dd9430da0 av_one_third  avia-builder-el-17  el_after_av_one_third  avia-builder-el-last  flex_column_div av-zero-column-padding  '     ><p>\n<style type=\"text\/css\" data-created_by=\"avia_inline_auto\" id=\"style-css-av-hf8f8-07cbbbf35cedd9cfa88c1b79db21c44d\">\n.avia-image-container.av-hf8f8-07cbbbf35cedd9cfa88c1b79db21c44d img.avia_image{\nbox-shadow:none;\n}\n.avia-image-container.av-hf8f8-07cbbbf35cedd9cfa88c1b79db21c44d .av-image-caption-overlay-center{\ncolor:#ffffff;\n}\n<\/style>\n<div  class='avia-image-container av-hf8f8-07cbbbf35cedd9cfa88c1b79db21c44d av-styling- av-img-linked avia-align-center  avia-builder-el-18  el_before_av_textblock  avia-builder-el-first '   itemprop=\"image\" itemscope=\"itemscope\" itemtype=\"https:\/\/schema.org\/ImageObject\" ><div class=\"avia-image-container-inner\"><div class=\"avia-image-overlay-wrap\"><a href=\"https:\/\/gracieuse.ch\/it\/demande-de-documentation\/\" class='avia_image '  aria-label='DOCUMENTATION'><img alt=\"\" fetchpriority=\"high\" class='wp-image-977 avia-img-lazy-loading-not-977 avia_image ' src='https:\/\/gracieuse.ch\/wp-content\/uploads\/2015\/05\/Documentation-300x212.jpg' alt='' title='DOCUMENTATION'  height=\"212\" width=\"300\"  itemprop=\"thumbnailUrl\"  \/><\/a><\/div><\/div><\/div><br \/>\n<section  class='av_textblock_section av-awux8-433628a2c2e973fbba84c8e0ba125408 '   itemscope=\"itemscope\" itemtype=\"https:\/\/schema.org\/CreativeWork\" ><div class='avia_textblock'  itemprop=\"text\" ><h3 style=\"text-align: center;\">DOCUMENTAZIONE<\/h3>\n<h3 style=\"text-align: center;\"><\/h3>\n<\/div><\/section><\/p><\/div><\/p>\n","protected":false},"excerpt":{"rendered":"","protected":false},"author":2,"featured_media":0,"parent":975,"menu_order":0,"comment_status":"open","ping_status":"open","template":"","meta":{"_seopress_robots_primary_cat":"","_seopress_titles_title":"","_seopress_titles_desc":"","_seopress_robots_index":"","footnotes":""},"class_list":["post-998","page","type-page","status-publish","hentry"],"_links":{"self":[{"href":"https:\/\/gracieuse.ch\/it\/wp-json\/wp\/v2\/pages\/998","targetHints":{"allow":["GET"]}}],"collection":[{"href":"https:\/\/gracieuse.ch\/it\/wp-json\/wp\/v2\/pages"}],"about":[{"href":"https:\/\/gracieuse.ch\/it\/wp-json\/wp\/v2\/types\/page"}],"author":[{"embeddable":true,"href":"https:\/\/gracieuse.ch\/it\/wp-json\/wp\/v2\/users\/2"}],"replies":[{"embeddable":true,"href":"https:\/\/gracieuse.ch\/it\/wp-json\/wp\/v2\/comments?post=998"}],"version-history":[{"count":14,"href":"https:\/\/gracieuse.ch\/it\/wp-json\/wp\/v2\/pages\/998\/revisions"}],"predecessor-version":[{"id":2731,"href":"https:\/\/gracieuse.ch\/it\/wp-json\/wp\/v2\/pages\/998\/revisions\/2731"}],"up":[{"embeddable":true,"href":"https:\/\/gracieuse.ch\/it\/wp-json\/wp\/v2\/pages\/975"}],"wp:attachment":[{"href":"https:\/\/gracieuse.ch\/it\/wp-json\/wp\/v2\/media?parent=998"}],"curies":[{"name":"wp","href":"https:\/\/api.w.org\/{rel}","templated":true}]}}