{"id":1738,"date":"2018-06-15T09:12:26","date_gmt":"2018-06-15T08:12:26","guid":{"rendered":"https:\/\/gracieuse.ch\/?page_id=1738"},"modified":"2018-06-29T09:37:40","modified_gmt":"2018-06-29T08:37:40","slug":"avviso-legale","status":"publish","type":"page","link":"https:\/\/gracieuse.ch\/it\/avviso-legale\/","title":{"rendered":"Note legali"},"content":{"rendered":"\n<style type=\"text\/css\" data-created_by=\"avia_inline_auto\" id=\"style-css-av-av_one_full-352b07ef7d3bc99b2e9f92e7a9e06bdb\">\n.flex_column.av-av_one_full-352b07ef7d3bc99b2e9f92e7a9e06bdb{\nborder-radius:0px 0px 0px 0px;\npadding:0px 0px 0px 0px;\n}\n<\/style>\n<div  class='flex_column av-av_one_full-352b07ef7d3bc99b2e9f92e7a9e06bdb av_one_full  avia-builder-el-0  avia-builder-el-no-sibling  first flex_column_div av-zero-column-padding  '     ><section  class='av_textblock_section av-av_textblock-0366cc7376be6c9e82a3e9cc8987b64f '   itemscope=\"itemscope\" itemtype=\"https:\/\/schema.org\/CreativeWork\" ><div class='avia_textblock'  itemprop=\"text\" ><h1>NOTE LEGALI<\/h1>\n<h2>EMERA<\/h2>\n<p>E\u2019SPACE PARK B<br \/>\n45, All\u00e9e des Ormes<br \/>\nCS 12100<br \/>\n06254 MOUGINS CEDEX<\/p>\n<p>SAS con capitale di 4.300.000 \u20ac \u009f Registro delle Imprese di GRASSE n\u00b0 399 751 452<\/p>\n<h2>SITO IN HOSTING DA:<\/h2>\n<p><a href=\"https:\/\/www.ovh.com\/fr\/index.xml\">Ovh<\/a><\/p>\n<p>Conformemente all\u2019articolo 27 della legge francese 78-17 detta Informatica e Libert\u00e0 del 06 gennaio 1978, garantiamo all\u2019utente un diritto di accesso, di modifica e di cancellazione dei dati che lo riguardano. Per esercitarlo o qualora non desideri essere contattato, l\u2019utente ci deve inviare un messaggio dal nostro sito: <a href=\"http:\/\/www.emera.fr\/contact\/\">cliccare sul link<\/a><\/p>\n<p>Sito in hosting da OVH,140 Quai du Sartel, 59100 Roubaix Tel. 1007<\/p>\n<h2>EDITORE<\/h2>\n<p>La societ\u00e0 EMERA, societ\u00e0 per azioni semplificata con capitale di 4.300.000,00 euro, immatricolata nel Registro delle Imprese di Cannes con il numero 399 751 452, la cui sede sociale \u00e8 sita in 45 all\u00e9e des Ormes \u2013 E\u2019Space park B \u2013 CS 12100 \u2013 06254 MOUGINS Cedex, rappresentata dal suo presidente, il sig. Claude CHETON (qui di seguito designata \u00abEMERA\u00bb).<\/p>\n<p>Rappresentata dal suo Presidente in carica, sig. Claude CHETON, debitamente autorizzato ai fini dei presenti.<\/p>\n<p>Partita IVA intracomunitaria: FR 09 399 751 452<\/p>\n<h2>DIREZIONE DELLA PUBBLICAZIONE E DELLA REDAZIONE<\/h2>\n<h3>Direttore della pubblicazione:<\/h3>\n<p>Responsabile della comunicazione<br \/>\nEMERA<br \/>\nCS 12100<br \/>\n06254 MOUGINS CEDEX<br \/>\nT 04 92 990 990<\/p>\n<h3>Sviluppo web:<\/h3>\n<p>Nell\u2019ambito dell\u2019esercizio dei diritti secondo le Leggi n\u00b01881-07-29 del 29 luglio 1881 sulla libert\u00e0 della Stampa e n\u00b086-1067 del 30 settembre 1986 sulla libert\u00e0 di comunicazione, ogni corrispondenza deve essere inviata al Responsabile della Comunicazione.<\/p>\n<h2>CREDITI DEL SITO<\/h2>\n<p>Strumento di gestione contenuto: WORDPRESS<\/p>\n<p>Progettazione del sito: IDEAL COM Villantipolis, Villa N\u00b06, 473 Route des Dolines, 06560 Sophia-Antipolis<\/p>\n<p>Realizzazione del sito: IDEAL COM Villantipolis, Villa N\u00b06, 473 Route des Dolines, 06560 Sophia-Antipolis<\/p>\n<p>Propriet\u00e0 del sito: EMERA CS 12100 \u2013 06254 MOUGINS CEDEX<\/p>\n<h2>PROPRIET\u00c0 INTELLETTUALE<\/h2>\n<p>EMERA \u00e8 titolare dei diritti di propriet\u00e0 intellettuale riguardanti il sito e il suo contenuto.<\/p>\n<p>A questo titolo EMERA \u00e8 titolare del nome di dominio www.emera.fr, \u00e8 proprietaria dei diritti di autore relativi al contenuto del Sito e dei diritti di produttore dei database del sito.<\/p>\n<p>D&#8217;altronde, EMERA \u00e8 titolare dei diritti di utilizzo del marchio dell\u2019Unione francese\/europea<\/p>\n<p>L\u2019accesso ai servizi \u00e8 limitato esclusivamente all\u2019uso dell\u2019utente nelle condizioni e nei limiti definiti nelle Condizioni Generali di Utilizzo consultabili nel sito.<\/p>\n<p>Di conseguenza, sono vietati nella fattispecie l\u2019accesso ai servizi al fine di estrazione, riproduzione, utilizzo, rivendita, scambio, affitto, modifica, adattamento, correzione e ci\u00f2 sia a titolo gratuito che oneroso, di tutto il sito internet o di una sua parte, dei servizi e dei relativi contenuti protetti dal diritto d&#8217;autore, dal diritto dei marchi, dal diritto dei software, dal diritto dei produttori di database, o da qualsivoglia altro diritto di propriet\u00e0 intellettuale.<\/p>\n<h2>DATI PERSONALI<\/h2>\n<p>Le informazioni raccolte sono oggetto di un trattamento informatico volto a migliorare la relazione EMERA\/utente e ad avvertire questi delle operazioni promozionali e commerciali di EMERA; se del caso, servono a trattare le candidature degli utenti per un impiego da EMERA.<\/p>\n<p>Conformemente alla legge francese detta \u00abinformatica e libert\u00e0\u00bb del 6 gennaio 1978 modificata nel 2004 e al Regolamento (UE) 2016\/679 del Parlamento europeo e del Consiglio del 27 aprile 2016, l\u2019Utente usufruisce di un diritto di accesso, di modifica, di rettifica, di cancellazione e di portabilit\u00e0 delle informazioni che lo riguardano, che pu\u00f2 esercitare rivolgendosi ad EMERA, 45 all\u00e9e des Ormes \u2013 E\u2019Space park B \u2013 CS 12100 \u2013 06254 MOUGINS Cedex, o via mail al seguente indirizzo: arco@emera.fr<\/p>\n<p>L\u2019utente pu\u00f2 inoltre, per motivi legittimi, opporsi al trattamento dei dati che lo riguardano o chiedere di farlo limitare.<\/p>\n<p>Per ulteriori precisazioni sulla raccolta e sul trattamento dei dati personali effettuati da EMERA, l\u2019utente \u00e8 pregato di vedere le Condizioni Generali di Utilizzo.<\/p>\n<h2>RISPETTARE IL DIRITTO ALL\u2019IMMAGINE<\/h2>\n<p>Qualunque persona, qualunque sia la sua notoriet\u00e0, dispone di un diritto esclusivo sulla sua immagine e sull\u2019utilizzo che ne \u00e8 fatto. Pu\u00f2 quindi opporsi alla riproduzione e alla diffusione della stessa.<\/p>\n<p>Poich\u00e9 l\u2019immagine di una persona \u00e8 un dato personale, si applicano i principi della legge \u201cinformatica e libert\u00e0\u201d. Ad esempio, la divulgazione da un sito web dell\u2019immagine o del video di una persona, deve avvenire nel rispetto dei principi di tutela della legge del 6 gennaio 1978 modificata. Questi principi concordano con le garanzie tratte dal diritto all\u2019immagine (CNIL, commissione nazionale informatica e libert\u00e0).<\/p>\n<h2>GOOGLE ANALYTICS<\/h2>\n<p>Questo sito utilizza Google Analytics che utilizza dei cookie; i dati generati dai cookie riguardanti l\u2019uso del sito fatto dall\u2019utente (ivi compreso il suo indirizzo IP) saranno trasmessi e memorizzati da Google in server situati negli Stati Uniti. Google utilizzer\u00e0 questa informazione per valutare l\u2019utilizzo del sito fatto dall\u2019utente, compilare rapporti sull\u2019attivit\u00e0 del sito destinati al suo editore e fornire altri servizi relativi all\u2019attivit\u00e0 del sito e all\u2019utilizzo di Internet. Google pu\u00f2 comunicare questi dati a terzi in caso di obbligo legale o quando questi terzi trattano questi dati per conto di Google, ivi compreso nella fattispecie l\u2019editore di questo sito. Google non assocer\u00e0 l&#8217;indirizzo IP dell\u2019utente con qualunque altro dato detenuto da Google. L\u2019utente pu\u00f2 disattivare l\u2019utilizzo dei cookie selezionando gli adeguati parametri del suo browser. Tuttavia, una tale disattivazione potr\u00e0 impedire l\u2019uso di alcune funzioni di questo sito. Utilizzando questo sito internet, l\u2019utente acconsente espressamente al trattamento dei suoi dati nominativi da parte di Google alle condizioni e per le finalit\u00e0 precedentemente descritte.<\/p>\n<h2 style=\"text-align: center;\">ADESIONE ALL\u2019ASSOCIAZIONE DI MEDIATORI: MEDIAZIONE DEL CONSUMO AME<\/h2>\n<p style=\"text-align: center;\">Informiamo i nostri residenti che il servizio clientela \u00e8 a disposizione in caso di controversia<\/p>\n<p style=\"text-align: center;\">SERVIZIO CLIENTI<br \/>\nEMERA<br \/>\n98, rue Vaugirard | 75006 PARIGI<br \/>\nTel.: +33 (0)6 79 63 68 27<br \/>\n<a href=\"http:\/\/www.emera.fr\/ecrire-au-service-relations-clientele\/\">Contatto servizio clienti<\/a><\/p>\n<p style=\"text-align: left;\">Se non si \u00e8 riusciti a trovare nessuna soluzione in via amichevole tra il gruppo Emera e una delle sue filiali e il consumatore o se il consumatore non ha ricevuto nessuna risposta al reclamo sporto, pu\u00f2 allora adire l\u2019unit\u00e0 della Mediazione del Consumo AME entro un termine massimo di un anno.<\/p>\n<p style=\"text-align: left;\">Le controversie sulla mediazione del consumo sono essenzialmente quelle connesse alle prestazioni previste nel contratto di soggiorno, cio\u00e8: controversie sulla fatturazione, sulle condizioni di accoglienza, sulla pulizia della biancheria&#8230; Sono esclusi dal dispositivo, i servizi sanitari forniti da professionisti sanitari ai pazienti per valutare, mantenere o ripristinare il loro stato di salute, ivi compresa la prescrizione, la somministrazione e la fornitura di farmici e di dispositivi medici.<\/p>\n<p>Il consumatore adisce l\u2019entit\u00e0 della Mediazione del Consumo AME via internet o per posta completando un modulo messo a sua disposizione nel sito, corredato dei documenti su cui si basa la sua domanda.<\/p>\n<p>L\u2019entit\u00e0 della Mediazione del Consumo AME accuser\u00e0 ricevuta del deferimento e il membro mediatore nominato disporr\u00e0 di un termine di 3 settimane per statuire in primo luogo sull\u2019ammissibilit\u00e0 della domanda. Disporr\u00e0 di un termine di 3 mesi per compiere la sua missione (tranne proroga in caso di dossier complessi).<\/p>\n<p>Allo scadere del termine di 3 mesi, il mediatore far\u00e0 una proposta, tranne se vi \u00e8 stato un accordo tra le parti sotto la sua egida.<br \/>\nOgni parte \u00e8 libera di seguire o meno la proposta fatta dal membro mediatore.<\/p>\n<p>L\u2019accettazione della soluzione proposta dal membro mediatore lega le parti e pone un termine alla controversia che le oppone. Dopo questa accettazione, non potr\u00e0 essere avviata nessuna azione legale per la stessa controversia, tranne se emerge un elemento nuovo.<\/p>\n<h2 style=\"text-align: center;\">I recapiti dell\u2019AME sono i seguenti:<br \/>\n\u2013 recapiti postali: AME CONSO Angela ALBERT \u2013<\/h2>\n<h2 style=\"text-align: center;\">Pr\u00e9sidente, 11 Place dauphine, 75053 PARIGI CEDEX 01 \u2013<\/h2>\n<p style=\"text-align: center;\">Recapiti elettronici: www.mediationconso-ame.com \u2013<\/p>\n<p style=\"text-align: center;\">Recapiti telefonici: 09.53.01.02.69<\/p>\n<\/div><\/section><br \/>\n<div  class='avia-button-wrap av-av_button-95e4e491cf6f16cfc08aa1889f4f08be-wrap avia-button-center  avia-builder-el-2  el_after_av_textblock  avia-builder-el-last '><a href='https:\/\/gracieuse.ch\/it\/condizioni-duso\/'  class='avia-button av-av_button-95e4e491cf6f16cfc08aa1889f4f08be av-link-btn avia-icon_select-yes-left-icon avia-size-medium avia-position-center avia-color-theme-color'  target=\"_blank\"  rel=\"noopener noreferrer\"  aria-label=\"Condizioni generali di utilizzo\"><span class='avia_button_icon avia_button_icon_left' aria-hidden='true' data-av_icon='\ue84b' data-av_iconfont='entypo-fontello'><\/span><span class='avia_iconbox_title' >Condizioni generali di utilizzo<\/span><\/a><\/div><\/p><\/div>\n","protected":false},"excerpt":{"rendered":"","protected":false},"author":6,"featured_media":0,"parent":0,"menu_order":0,"comment_status":"closed","ping_status":"open","template":"","meta":{"_seopress_robots_primary_cat":"","_seopress_titles_title":"","_seopress_titles_desc":"","_seopress_robots_index":"","footnotes":""},"class_list":["post-1738","page","type-page","status-publish","hentry"],"_links":{"self":[{"href":"https:\/\/gracieuse.ch\/it\/wp-json\/wp\/v2\/pages\/1738","targetHints":{"allow":["GET"]}}],"collection":[{"href":"https:\/\/gracieuse.ch\/it\/wp-json\/wp\/v2\/pages"}],"about":[{"href":"https:\/\/gracieuse.ch\/it\/wp-json\/wp\/v2\/types\/page"}],"author":[{"embeddable":true,"href":"https:\/\/gracieuse.ch\/it\/wp-json\/wp\/v2\/users\/6"}],"replies":[{"embeddable":true,"href":"https:\/\/gracieuse.ch\/it\/wp-json\/wp\/v2\/comments?post=1738"}],"version-history":[{"count":7,"href":"https:\/\/gracieuse.ch\/it\/wp-json\/wp\/v2\/pages\/1738\/revisions"}],"predecessor-version":[{"id":1773,"href":"https:\/\/gracieuse.ch\/it\/wp-json\/wp\/v2\/pages\/1738\/revisions\/1773"}],"wp:attachment":[{"href":"https:\/\/gracieuse.ch\/it\/wp-json\/wp\/v2\/media?parent=1738"}],"curies":[{"name":"wp","href":"https:\/\/api.w.org\/{rel}","templated":true}]}}