{"id":1001,"date":"2015-04-21T08:31:54","date_gmt":"2015-03-26T08:51:32","guid":{"rendered":"https:\/\/gracieuse.ch\/domaine\/soins\/"},"modified":"2024-11-04T14:03:54","modified_gmt":"2024-11-04T13:03:54","slug":"soins","status":"publish","type":"page","link":"https:\/\/gracieuse.ch\/it\/domaine\/soins\/","title":{"rendered":"Le cure"},"content":{"rendered":"<div id='layer_slider_1'  class='avia-layerslider main_color avia-shadow  avia-builder-el-0  el_before_av_textblock  avia-builder-el-first  container_wrap sidebar_right'  style='height: 401px;'  ><\/div><div id='after_layer_slider_1'  class='main_color av_default_container_wrap container_wrap sidebar_right'  ><div class='container av-section-cont-open' ><div class='template-page content  av-content-small alpha units'><div class='post-entry post-entry-type-page post-entry-1001'><div class='entry-content-wrapper clearfix'>\n<section  class='av_textblock_section av-3mz5jk-9130e6a1d46daa542e416fb1baf23c19 '   itemscope=\"itemscope\" itemtype=\"https:\/\/schema.org\/CreativeWork\" ><div class='avia_textblock'  itemprop=\"text\" ><h1 style=\"text-align: center;\" data-mce-style=\"text-align: center;\">CURA<\/h1>\n<\/div><\/section>\n\n<style type=\"text\/css\" data-created_by=\"avia_inline_auto\" id=\"style-css-av-2oyqu8-bf139b1f6ac1127ccb5c52768c57f5a5\">\n.flex_column.av-2oyqu8-bf139b1f6ac1127ccb5c52768c57f5a5{\nborder-radius:0px 0px 0px 0px;\npadding:0px 0px 0px 0px;\n}\n<\/style>\n<div  class='flex_column av-2oyqu8-bf139b1f6ac1127ccb5c52768c57f5a5 av_one_full  avia-builder-el-2  el_after_av_textblock  el_before_av_gallery  first flex_column_div av-zero-column-padding  column-top-margin'     ><section  class='av_textblock_section av-2lqn20-f666272468deb8e2c384375367b4a9a4 '   itemscope=\"itemscope\" itemtype=\"https:\/\/schema.org\/CreativeWork\" ><div class='avia_textblock'  itemprop=\"text\" ><p>Se necessario, un&#8217;infermiera \u00e8 presente nella residenza e pu\u00f2 intervenire 24 ore al giorno. Un servizio di assistenza domiciliare in loco garantir\u00e0 la vostra sicurezza, se necessario, e saranno predisposti servizi programmati in base alle vostre esigenze, come l&#8217;assistenza per la doccia, la somministrazione di farmaci o il monitoraggio dei parametri vitali.<\/p>\n<p>Un team di fisioterapisti professionisti \u00e8 a vostra disposizione. Sono inoltre disponibili un terapista occupazionale, un chiropodista, un audioprotesista e un servizio di radiologia portatile. Questa \u00e9quipe \u00e8 supervisionata da un servizio medico presente nella residenza durante la settimana e reperibile di notte e nei fine settimana.<\/p>\n<p>Tutti i servizi medici sono coperti dall&#8217;assicurazione sanitaria di base.<\/p>\n<\/div><\/section><br \/>\n<div  class='hr av-2dcweg-76020e0b911cabcda372b5178dd19fa1 hr-short  avia-builder-el-4  el_after_av_textblock  el_before_av_textblock  hr-center'><span class='hr-inner '><span class=\"hr-inner-style\"><\/span><\/span><\/div><br \/>\n<section  class='av_textblock_section av-26h6yo-128bb28e41b4e75efd4810e35424ecee '   itemscope=\"itemscope\" itemtype=\"https:\/\/schema.org\/CreativeWork\" ><div class='avia_textblock'  itemprop=\"text\" ><p><strong>Unit\u00e0 di cura<\/strong><\/p>\n<p>L&#8217;unit\u00e0 di cura \u00e8 una struttura medica progettata per assistere le persone non autosufficienti, con particolare attenzione al benessere. Combinando le competenze mediche con un tocco alberghiero, il nostro team dedicato si impegna a fornire un&#8217;assistenza personalizzata, garantendo comfort e serenit\u00e0 a ogni residente.<\/p>\n<p>Le nostre due sezioni, psicogena e geriatrica, sono specificamente adattate per soddisfare le diverse esigenze dei nostri pazienti. Le camere, ampie e luminose, sono arredate con cura e creano un ambiente favorevole al relax. Oltre a un&#8217;assistenza medica di alta qualit\u00e0, offriamo attivit\u00e0 stimolanti e piacevoli spazi comuni che favoriscono l&#8217;interazione sociale. Il nostro obiettivo \u00e8 creare una casa in cui tutti si sentano rispettati, apprezzati e curati.<\/p>\n<\/div><\/section><br \/>\n<div  class='avia-button-wrap av-m2ndkyay-a49eb378ed4cb223767f607d4d80bec4-wrap avia-button-left  avia-builder-el-6  el_after_av_textblock  el_before_av_hr '><a href='https:\/\/gracieuse.ch\/domaine\/unite-de-soins\/'  class='avia-button av-m2ndkyay-a49eb378ed4cb223767f607d4d80bec4 av-link-btn avia-icon_select-no avia-size-small avia-position-left avia-color-theme-color'   aria-label=\"Per saperne di pi\u00f9 sull\u2019Unit\u00e0 di cura\"><span class='avia_iconbox_title' >Per saperne di pi\u00f9 sull\u2019Unit\u00e0 di cura<\/span><\/a><\/div><br \/>\n<div  class='hr av-dnerc-bd758c998f61956e0ad954592e378645 hr-short  avia-builder-el-7  el_after_av_button  avia-builder-el-last  hr-center'><span class='hr-inner '><span class=\"hr-inner-style\"><\/span><\/span><\/div><\/p><\/div>\n<style type=\"text\/css\" data-created_by=\"avia_inline_auto\" id=\"style-css-av-m2t44qf4-182257ac0d0a3f04b16dd9c72ec80389\">\n#top .avia-gallery.av-m2t44qf4-182257ac0d0a3f04b16dd9c72ec80389 .avia-gallery-thumb a{\nwidth:20%;\n}\n<\/style>\n<div  class='avia-gallery av-m2t44qf4-182257ac0d0a3f04b16dd9c72ec80389 avia_animate_when_visible  avia-builder-el-8  el_after_av_one_full  el_before_av_hr  avia_lazyload avia-gallery-animate avia-gallery-1'  itemprop=\"image\" itemscope=\"itemscope\" itemtype=\"https:\/\/schema.org\/ImageObject\" ><meta itemprop=\"contentURL\" content=\"https:\/\/gracieuse.ch\/it\/domaine\/soins\/\"><div class='avia-gallery-thumb'><a href=\"https:\/\/gracieuse.ch\/wp-content\/uploads\/2024\/10\/Domaine-de-la-Gracieuse-Lonay-60-Modifier-web-1030x687.jpg\" data-rel='gallery-1' data-prev-img='https:\/\/gracieuse.ch\/wp-content\/uploads\/2024\/10\/Domaine-de-la-Gracieuse-Lonay-60-Modifier-web-495x400.jpg' class='first_thumb lightbox ' data-onclick='1' title='Domaine de la Gracieuse - Lonay-60-Modifier-web'  itemprop=\"thumbnailUrl\"  ><img alt=\"\" fetchpriority=\"high\" class=\"wp-image-2033 avia-img-lazy-loading-not-2033\"   src='https:\/\/gracieuse.ch\/wp-content\/uploads\/2024\/10\/Domaine-de-la-Gracieuse-Lonay-60-Modifier-web-495x400.jpg' width='495' height='400'  title='Domaine de la Gracieuse - Lonay-60-Modifier-web' alt='' \/><div class='big-prev-fake'><img alt=\"\" loading=\"lazy\" class=\"wp-image-2033 avia-img-lazy-loading-2033\"  width='495' height='400' src='https:\/\/gracieuse.ch\/wp-content\/uploads\/2024\/10\/Domaine-de-la-Gracieuse-Lonay-60-Modifier-web-495x400.jpg' title='Domaine de la Gracieuse - Lonay-60-Modifier-web' alt='' \/><\/div><\/a><a href=\"https:\/\/gracieuse.ch\/wp-content\/uploads\/2024\/10\/Gracieuse-interieur-95-1030x605.jpg\" data-rel='gallery-1' data-prev-img='https:\/\/gracieuse.ch\/wp-content\/uploads\/2024\/10\/Gracieuse-interieur-95-495x400.jpg' class='lightbox ' data-onclick='2' title='Gracieuse-int\u00e9rieur (95)'  itemprop=\"thumbnailUrl\"  ><img alt=\"\" fetchpriority=\"high\" class=\"wp-image-2203 avia-img-lazy-loading-not-2203\"   src='https:\/\/gracieuse.ch\/wp-content\/uploads\/2024\/10\/Gracieuse-interieur-95-495x400.jpg' width='495' height='400'  title='Gracieuse-int\u00e9rieur (95)' alt='' \/><div class='big-prev-fake'><img alt=\"\" loading=\"lazy\" class=\"wp-image-2203 avia-img-lazy-loading-2203\"  width='495' height='400' src='https:\/\/gracieuse.ch\/wp-content\/uploads\/2024\/10\/Gracieuse-interieur-95-495x400.jpg' title='Gracieuse-int\u00e9rieur (95)' alt='' \/><\/div><\/a><a href=\"https:\/\/gracieuse.ch\/wp-content\/uploads\/2024\/10\/Domaine-de-la-Gracieuse-Lonay-6-Modifier-web-1030x687.jpg\" data-rel='gallery-1' data-prev-img='https:\/\/gracieuse.ch\/wp-content\/uploads\/2024\/10\/Domaine-de-la-Gracieuse-Lonay-6-Modifier-web-495x400.jpg' class='lightbox ' data-onclick='3' title='Domaine de la Gracieuse - Lonay-6-Modifier-web'  itemprop=\"thumbnailUrl\"  ><img alt=\"\" fetchpriority=\"high\" class=\"wp-image-2021 avia-img-lazy-loading-not-2021\"   src='https:\/\/gracieuse.ch\/wp-content\/uploads\/2024\/10\/Domaine-de-la-Gracieuse-Lonay-6-Modifier-web-495x400.jpg' width='495' height='400'  title='Domaine de la Gracieuse - Lonay-6-Modifier-web' alt='' \/><div class='big-prev-fake'><img alt=\"\" loading=\"lazy\" class=\"wp-image-2021 avia-img-lazy-loading-2021\"  width='495' height='400' src='https:\/\/gracieuse.ch\/wp-content\/uploads\/2024\/10\/Domaine-de-la-Gracieuse-Lonay-6-Modifier-web-495x400.jpg' title='Domaine de la Gracieuse - Lonay-6-Modifier-web' alt='' \/><\/div><\/a><a href=\"https:\/\/gracieuse.ch\/wp-content\/uploads\/2024\/10\/Domaine-de-la-Gracieuse-Lonay-15-Modifier-2-web-1030x687.jpg\" data-rel='gallery-1' data-prev-img='https:\/\/gracieuse.ch\/wp-content\/uploads\/2024\/10\/Domaine-de-la-Gracieuse-Lonay-15-Modifier-2-web-495x400.jpg' class='lightbox ' data-onclick='4' title='Domaine de la Gracieuse - Lonay-15-Modifier-2-web'  itemprop=\"thumbnailUrl\"  ><img alt=\"\" fetchpriority=\"high\" class=\"wp-image-2025 avia-img-lazy-loading-not-2025\"   src='https:\/\/gracieuse.ch\/wp-content\/uploads\/2024\/10\/Domaine-de-la-Gracieuse-Lonay-15-Modifier-2-web-495x400.jpg' width='495' height='400'  title='Domaine de la Gracieuse - Lonay-15-Modifier-2-web' alt='' \/><div class='big-prev-fake'><img alt=\"\" loading=\"lazy\" class=\"wp-image-2025 avia-img-lazy-loading-2025\"  width='495' height='400' src='https:\/\/gracieuse.ch\/wp-content\/uploads\/2024\/10\/Domaine-de-la-Gracieuse-Lonay-15-Modifier-2-web-495x400.jpg' title='Domaine de la Gracieuse - Lonay-15-Modifier-2-web' alt='' \/><\/div><\/a><\/div><\/div><\/p>\n<div  class='hr av-1udfgo-aa13730acb6d2c968be4d27fc560a3b9 hr-short  avia-builder-el-9  el_after_av_gallery  el_before_av_hr  hr-center'><span class='hr-inner '><span class=\"hr-inner-style\"><\/span><\/span><\/div>\n\n<style type=\"text\/css\" data-created_by=\"avia_inline_auto\" id=\"style-css-av-1oh368-c1f84004a4a6f28d1164204b2f3074e0\">\n#top .hr.hr-invisible.av-1oh368-c1f84004a4a6f28d1164204b2f3074e0{\nheight:50px;\n}\n<\/style>\n<div  class='hr av-1oh368-c1f84004a4a6f28d1164204b2f3074e0 hr-invisible  avia-builder-el-10  el_after_av_hr  el_before_av_one_third '><span class='hr-inner '><span class=\"hr-inner-style\"><\/span><\/span><\/div>\n<div  class='flex_column av-1jrhgo-67a3169a39c5d0b96cfaf3948804fbb0 av_one_third  avia-builder-el-11  el_after_av_hr  el_before_av_one_third  first flex_column_div  '     ><p>\n<style type=\"text\/css\" data-created_by=\"avia_inline_auto\" id=\"style-css-av-4x7sw-324d080383a3fdf39d0905aaaa8ddf2d\">\n.avia-image-container.av-4x7sw-324d080383a3fdf39d0905aaaa8ddf2d img.avia_image{\nbox-shadow:none;\n}\n.avia-image-container.av-4x7sw-324d080383a3fdf39d0905aaaa8ddf2d .av-image-caption-overlay-center{\ncolor:#ffffff;\n}\n<\/style>\n<div  class='avia-image-container av-4x7sw-324d080383a3fdf39d0905aaaa8ddf2d av-styling- av-img-linked avia-align-center  avia-builder-el-12  el_before_av_textblock  avia-builder-el-first '   itemprop=\"image\" itemscope=\"itemscope\" itemtype=\"https:\/\/schema.org\/ImageObject\" ><div class=\"avia-image-container-inner\"><div class=\"avia-image-overlay-wrap\"><a href=\"https:\/\/gracieuse.ch\/it\/domaine\/\" class='avia_image '  aria-label='LE DOMAINE'><img alt=\"\" fetchpriority=\"high\" class='wp-image-971 avia-img-lazy-loading-not-971 avia_image ' src='https:\/\/gracieuse.ch\/wp-content\/uploads\/2015\/03\/miniature-LG-exterieurs-148-G-Martinez-300x199.jpg' alt='' title='LE DOMAINE'  height=\"199\" width=\"300\"  itemprop=\"thumbnailUrl\"  \/><\/a><\/div><\/div><\/div><br \/>\n<section  class='av_textblock_section av-16hh4o-380489465933fd5983cfe4bb4258d910 '   itemscope=\"itemscope\" itemtype=\"https:\/\/schema.org\/CreativeWork\" ><div class='avia_textblock'  itemprop=\"text\" ><h3 style=\"text-align: center;\" data-mce-style=\"text-align: center;\">IL DOMAIN<\/h3>\n<h3 style=\"text-align: center;\" data-mce-style=\"text-align: center;\"><\/h3>\n<\/div><\/section><\/p><\/div>\n\n<style type=\"text\/css\" data-created_by=\"avia_inline_auto\" id=\"style-css-av-15nolk-3756f10390a4fb4469a40d8677d7c821\">\n.flex_column.av-15nolk-3756f10390a4fb4469a40d8677d7c821{\nborder-radius:0px 0px 0px 0px;\npadding:0px 0px 0px 0px;\n}\n<\/style>\n<div  class='flex_column av-15nolk-3756f10390a4fb4469a40d8677d7c821 av_one_third  avia-builder-el-14  el_after_av_one_third  el_before_av_one_third  flex_column_div av-zero-column-padding  '     ><p>\n<style type=\"text\/css\" data-created_by=\"avia_inline_auto\" id=\"style-css-av-ue4ag-b8e3a3a7f16f87e9f0228a1a25008f0b\">\n.avia-image-container.av-ue4ag-b8e3a3a7f16f87e9f0228a1a25008f0b img.avia_image{\nbox-shadow:none;\n}\n.avia-image-container.av-ue4ag-b8e3a3a7f16f87e9f0228a1a25008f0b .av-image-caption-overlay-center{\ncolor:#ffffff;\n}\n<\/style>\n<div  class='avia-image-container av-ue4ag-b8e3a3a7f16f87e9f0228a1a25008f0b av-styling- av-img-linked avia-align-center  avia-builder-el-15  el_before_av_textblock  avia-builder-el-first '   itemprop=\"image\" itemscope=\"itemscope\" itemtype=\"https:\/\/schema.org\/ImageObject\" ><div class=\"avia-image-container-inner\"><div class=\"avia-image-overlay-wrap\"><a href=\"https:\/\/gracieuse.ch\/it\/appartements\/\" class='avia_image '  aria-label='Domaine de la Gracieuse-2013-Modifier-web'><img alt=\"\" fetchpriority=\"high\" class='wp-image-2013 avia-img-lazy-loading-not-2013 avia_image ' src='https:\/\/gracieuse.ch\/wp-content\/uploads\/2024\/10\/Domaine-de-la-Gracieuse-2013-Modifier-web-300x200.jpg' alt='' title='Domaine de la Gracieuse-2013-Modifier-web'  height=\"200\" width=\"300\"  itemprop=\"thumbnailUrl\"  \/><\/a><\/div><\/div><\/div><br \/>\n<section  class='av_textblock_section av-qmjw0-da12929f20249d92c793f0a14e96884b '   itemscope=\"itemscope\" itemtype=\"https:\/\/schema.org\/CreativeWork\" ><div class='avia_textblock'  itemprop=\"text\" ><h3 style=\"text-align: center;\" data-mce-style=\"text-align: center;\">I PIANI<\/h3>\n<h3 style=\"text-align: center;\" data-mce-style=\"text-align: center;\"><\/h3>\n<\/div><\/section><\/p><\/div>\n\n<style type=\"text\/css\" data-created_by=\"avia_inline_auto\" id=\"style-css-av-j6pww-635602dcbeba49f756e9395af26930d9\">\n.flex_column.av-j6pww-635602dcbeba49f756e9395af26930d9{\nborder-radius:0px 0px 0px 0px;\npadding:0px 0px 0px 0px;\n}\n<\/style>\n<div  class='flex_column av-j6pww-635602dcbeba49f756e9395af26930d9 av_one_third  avia-builder-el-17  el_after_av_one_third  avia-builder-el-last  flex_column_div av-zero-column-padding  '     ><p>\n<style type=\"text\/css\" data-created_by=\"avia_inline_auto\" id=\"style-css-av-ffboo-d593087d50b7d8d2e0a27cde6f65b75a\">\n.avia-image-container.av-ffboo-d593087d50b7d8d2e0a27cde6f65b75a img.avia_image{\nbox-shadow:none;\n}\n.avia-image-container.av-ffboo-d593087d50b7d8d2e0a27cde6f65b75a .av-image-caption-overlay-center{\ncolor:#ffffff;\n}\n<\/style>\n<div  class='avia-image-container av-ffboo-d593087d50b7d8d2e0a27cde6f65b75a av-styling- av-img-linked avia-align-center  avia-builder-el-18  el_before_av_textblock  avia-builder-el-first '   itemprop=\"image\" itemscope=\"itemscope\" itemtype=\"https:\/\/schema.org\/ImageObject\" ><div class=\"avia-image-container-inner\"><div class=\"avia-image-overlay-wrap\"><a href=\"https:\/\/gracieuse.ch\/it\/restaurant-bar\/\" class='avia_image '  aria-label='Domaine de la Gracieuse - Lonay-282-Modifier-web'><img alt=\"\" fetchpriority=\"high\" class='wp-image-1969 avia-img-lazy-loading-not-1969 avia_image ' src='https:\/\/gracieuse.ch\/wp-content\/uploads\/2024\/10\/Domaine-de-la-Gracieuse-Lonay-282-Modifier-web-300x201.jpg' alt='' title='Domaine de la Gracieuse - Lonay-282-Modifier-web'  height=\"201\" width=\"300\"  itemprop=\"thumbnailUrl\"  \/><\/a><\/div><\/div><\/div><br \/>\n<section  class='av_textblock_section av-78lcg-4cadc6519841baeda8cd1ab76e8420cd '   itemscope=\"itemscope\" itemtype=\"https:\/\/schema.org\/CreativeWork\" ><div class='avia_textblock'  itemprop=\"text\" ><h3 style=\"text-align: center;\" data-mce-style=\"text-align: center;\">IL RISTORANTE\/BAR<\/h3>\n<h3 style=\"text-align: center;\" data-mce-style=\"text-align: center;\"><\/h3>\n<\/div><\/section><\/p><\/div>\n","protected":false},"excerpt":{"rendered":"","protected":false},"author":2,"featured_media":0,"parent":975,"menu_order":0,"comment_status":"open","ping_status":"open","template":"","meta":{"_seopress_robots_primary_cat":"","_seopress_titles_title":"","_seopress_titles_desc":"","_seopress_robots_index":"","footnotes":""},"class_list":["post-1001","page","type-page","status-publish","hentry"],"_links":{"self":[{"href":"https:\/\/gracieuse.ch\/it\/wp-json\/wp\/v2\/pages\/1001","targetHints":{"allow":["GET"]}}],"collection":[{"href":"https:\/\/gracieuse.ch\/it\/wp-json\/wp\/v2\/pages"}],"about":[{"href":"https:\/\/gracieuse.ch\/it\/wp-json\/wp\/v2\/types\/page"}],"author":[{"embeddable":true,"href":"https:\/\/gracieuse.ch\/it\/wp-json\/wp\/v2\/users\/2"}],"replies":[{"embeddable":true,"href":"https:\/\/gracieuse.ch\/it\/wp-json\/wp\/v2\/comments?post=1001"}],"version-history":[{"count":24,"href":"https:\/\/gracieuse.ch\/it\/wp-json\/wp\/v2\/pages\/1001\/revisions"}],"predecessor-version":[{"id":2658,"href":"https:\/\/gracieuse.ch\/it\/wp-json\/wp\/v2\/pages\/1001\/revisions\/2658"}],"up":[{"embeddable":true,"href":"https:\/\/gracieuse.ch\/it\/wp-json\/wp\/v2\/pages\/975"}],"wp:attachment":[{"href":"https:\/\/gracieuse.ch\/it\/wp-json\/wp\/v2\/media?parent=1001"}],"curies":[{"name":"wp","href":"https:\/\/api.w.org\/{rel}","templated":true}]}}