{"id":320,"date":"2015-05-13T19:29:00","date_gmt":"2015-05-13T18:29:00","guid":{"rendered":"https:\/\/gracieuse.ch\/?page_id=320"},"modified":"2015-09-27T16:19:14","modified_gmt":"2015-09-27T15:19:14","slug":"our-commitment","status":"publish","type":"page","link":"https:\/\/gracieuse.ch\/en\/the-domain\/our-commitment\/","title":{"rendered":"Our commitment"},"content":{"rendered":"<p><div id='layer_slider_1'  class='avia-layerslider main_color avia-shadow  avia-builder-el-0  el_before_av_textblock  avia-builder-el-first  container_wrap sidebar_right'  style='height: 401px;'  ><\/div><div id='after_layer_slider_1'  class='main_color av_default_container_wrap container_wrap sidebar_right'  ><div class='container av-section-cont-open' ><div class='template-page content  av-content-small alpha units'><div class='post-entry post-entry-type-page post-entry-320'><div class='entry-content-wrapper clearfix'> <section  class='av_textblock_section av-av_textblock-0366cc7376be6c9e82a3e9cc8987b64f '   itemscope=\"itemscope\" itemtype=\"https:\/\/schema.org\/CreativeWork\" ><div class='avia_textblock'  itemprop=\"text\" ><h1 style=\"text-align: center;\">NOTRE ENGAGEMENT<\/h1>\n<\/div><\/section> <div  class='hr av-av_hr-bad5bc90bcef2f12297bff634a297b07 hr-short  avia-builder-el-2  el_after_av_textblock  el_before_av_one_third  hr-center'><span class='hr-inner '><span class=\"hr-inner-style\"><\/span><\/span><\/div> <div  class='flex_column av-av_one_third-2a9015ff38129c418a3f2eafba3e9512 av_one_third  avia-builder-el-3  el_after_av_hr  el_before_av_two_third  first flex_column_div  '     ><p> \n<style type=\"text\/css\" data-created_by=\"avia_inline_auto\" id=\"style-css-av-av_image-2bb99b977ece2882412d3121d076d94e\">\n.avia-image-container.av-av_image-2bb99b977ece2882412d3121d076d94e img.avia_image{\nbox-shadow:none;\n}\n.avia-image-container.av-av_image-2bb99b977ece2882412d3121d076d94e .av-image-caption-overlay-center{\ncolor:#ffffff;\n}\n<\/style>\n<div  class='avia-image-container av-av_image-2bb99b977ece2882412d3121d076d94e av-styling- avia-align-center  avia-builder-el-4  el_before_av_textblock  avia-builder-el-first '   itemprop=\"image\" itemscope=\"itemscope\" itemtype=\"https:\/\/schema.org\/ImageObject\" ><div class=\"avia-image-container-inner\"><div class=\"avia-image-overlay-wrap\"><img alt=\"\" fetchpriority=\"high\" class='wp-image-64 avia-img-lazy-loading-not-64 avia_image ' src='https:\/\/gracieuse.ch\/wp-content\/uploads\/2015\/03\/GMartinez188-5-495x400.jpg' alt='' title='GMartinez188-5'  height=\"400\" width=\"495\"  itemprop=\"thumbnailUrl\"  \/><\/div><\/div><\/div> <section  class='av_textblock_section av-av_textblock-0366cc7376be6c9e82a3e9cc8987b64f '   itemscope=\"itemscope\" itemtype=\"https:\/\/schema.org\/CreativeWork\" ><div class='avia_textblock'  itemprop=\"text\" ><\/div><\/section> <\/p><\/div> <div  class='flex_column av-av_two_third-b51168870d26eac9084c0e2dc495efe0 av_two_third  avia-builder-el-6  el_after_av_one_third  el_before_av_hr  flex_column_div  '     ><section  class='av_textblock_section av-av_textblock-0366cc7376be6c9e82a3e9cc8987b64f '   itemscope=\"itemscope\" itemtype=\"https:\/\/schema.org\/CreativeWork\" ><div class='avia_textblock'  itemprop=\"text\" ><p> Jour apr\u00e8s jour, nous nous engageons \u00e0\u00a0: Vous accueillir 7\/7 j dans une infrastructure h\u00f4teli\u00e8re haut de gamme enti\u00e8rement r\u00e9nov\u00e9e et repens\u00e9e pour r\u00e9pondre au mieux \u00e0 vos besoins et attentes Vous offrir une gastronomie d\u00e9licate et saine. Vous proposer une large gamme d\u2019activit\u00e9s sportives, culturelles et ludiques. Encourager les \u00e9changes au sein et \u00e0 l\u2019ext\u00e9rieur de la R\u00e9sidence. \u0152uvrer pour votre bien-\u00eatre et vous assurer un service d\u2019excellence. Vous garantir un s\u00e9jour en tout qui\u00e9tude. <\/p>\n<\/div><\/section><\/div>\n<style type=\"text\/css\" data-created_by=\"avia_inline_auto\" id=\"style-css-av-av_hr-0688d0b0b6ed2f8b057db7a8270206df\">\n#top .hr.hr-invisible.av-av_hr-0688d0b0b6ed2f8b057db7a8270206df{\nheight:50px;\n}\n<\/style>\n<div  class='hr av-av_hr-0688d0b0b6ed2f8b057db7a8270206df hr-invisible  avia-builder-el-8  el_after_av_two_third  el_before_av_hr '><span class='hr-inner '><span class=\"hr-inner-style\"><\/span><\/span><\/div> <div  class='hr av-av_hr-bad5bc90bcef2f12297bff634a297b07 hr-short  avia-builder-el-9  el_after_av_hr  el_before_av_hr  hr-center'><span class='hr-inner '><span class=\"hr-inner-style\"><\/span><\/span><\/div> \n<style type=\"text\/css\" data-created_by=\"avia_inline_auto\" id=\"style-css-av-av_hr-0688d0b0b6ed2f8b057db7a8270206df\">\n#top .hr.hr-invisible.av-av_hr-0688d0b0b6ed2f8b057db7a8270206df{\nheight:50px;\n}\n<\/style>\n<div  class='hr av-av_hr-0688d0b0b6ed2f8b057db7a8270206df hr-invisible  avia-builder-el-10  el_after_av_hr  el_before_av_one_third '><span class='hr-inner '><span class=\"hr-inner-style\"><\/span><\/span><\/div> <div  class='flex_column av-av_one_third-2a9015ff38129c418a3f2eafba3e9512 av_one_third  avia-builder-el-11  el_after_av_hr  el_before_av_one_third  first flex_column_div  '     ><p> \n<style type=\"text\/css\" data-created_by=\"avia_inline_auto\" id=\"style-css-av-av_image-1ce51d90827cac44b66417581bb3022d\">\n.avia-image-container.av-av_image-1ce51d90827cac44b66417581bb3022d img.avia_image{\nbox-shadow:none;\n}\n.avia-image-container.av-av_image-1ce51d90827cac44b66417581bb3022d .av-image-caption-overlay-center{\ncolor:#ffffff;\n}\n<\/style>\n<div  class='avia-image-container av-av_image-1ce51d90827cac44b66417581bb3022d av-styling- av-img-linked avia-align-center  avia-builder-el-12  el_before_av_textblock  avia-builder-el-first '   itemprop=\"image\" itemscope=\"itemscope\" itemtype=\"https:\/\/schema.org\/ImageObject\" ><div class=\"avia-image-container-inner\"><div class=\"avia-image-overlay-wrap\"><a href=\"https:\/\/gracieuse.ch\/domaine\/\" class='avia_image '  aria-label='GMartinez188-5'><img alt=\"\" fetchpriority=\"high\" class='wp-image-64 avia-img-lazy-loading-not-64 avia_image ' src='https:\/\/gracieuse.ch\/wp-content\/uploads\/2015\/03\/GMartinez188-5-495x400.jpg' alt='' title='GMartinez188-5'  height=\"400\" width=\"495\"  itemprop=\"thumbnailUrl\"  \/><\/a><\/div><\/div><\/div> <section  class='av_textblock_section av-av_textblock-0366cc7376be6c9e82a3e9cc8987b64f '   itemscope=\"itemscope\" itemtype=\"https:\/\/schema.org\/CreativeWork\" ><div class='avia_textblock'  itemprop=\"text\" ><h3 style=\"text-align: center;\">L&#8217;HISTOIRE<\/h3>\n<h3 style=\"text-align: center;\"><\/h3>\n<\/div><\/section> <\/p><\/div> <div  class='flex_column av-av_one_third-b51168870d26eac9084c0e2dc495efe0 av_one_third  avia-builder-el-14  el_after_av_one_third  el_before_av_one_third  flex_column_div  '     ><p> \n<style type=\"text\/css\" data-created_by=\"avia_inline_auto\" id=\"style-css-av-av_image-1ce51d90827cac44b66417581bb3022d\">\n.avia-image-container.av-av_image-1ce51d90827cac44b66417581bb3022d img.avia_image{\nbox-shadow:none;\n}\n.avia-image-container.av-av_image-1ce51d90827cac44b66417581bb3022d .av-image-caption-overlay-center{\ncolor:#ffffff;\n}\n<\/style>\n<div  class='avia-image-container av-av_image-1ce51d90827cac44b66417581bb3022d av-styling- av-img-linked avia-align-center  avia-builder-el-15  el_before_av_textblock  avia-builder-el-first '   itemprop=\"image\" itemscope=\"itemscope\" itemtype=\"https:\/\/schema.org\/ImageObject\" ><div class=\"avia-image-container-inner\"><div class=\"avia-image-overlay-wrap\"><a href=\"https:\/\/gracieuse.ch\/domaine\/\" class='avia_image '  aria-label='GMartinez188-5'><img alt=\"\" fetchpriority=\"high\" class='wp-image-64 avia-img-lazy-loading-not-64 avia_image ' src='https:\/\/gracieuse.ch\/wp-content\/uploads\/2015\/03\/GMartinez188-5-495x400.jpg' alt='' title='GMartinez188-5'  height=\"400\" width=\"495\"  itemprop=\"thumbnailUrl\"  \/><\/a><\/div><\/div><\/div> <section  class='av_textblock_section av-av_textblock-0366cc7376be6c9e82a3e9cc8987b64f '   itemscope=\"itemscope\" itemtype=\"https:\/\/schema.org\/CreativeWork\" ><div class='avia_textblock'  itemprop=\"text\" ><h3 style=\"text-align: center;\">POUR VOUS SERVIR<\/h3>\n<h3 style=\"text-align: center;\"><\/h3>\n<\/div><\/section> <\/p><\/div> <div  class='flex_column av-av_one_third-b51168870d26eac9084c0e2dc495efe0 av_one_third  avia-builder-el-17  el_after_av_one_third  avia-builder-el-last  flex_column_div  '     ><p> \n<style type=\"text\/css\" data-created_by=\"avia_inline_auto\" id=\"style-css-av-av_image-1ce51d90827cac44b66417581bb3022d\">\n.avia-image-container.av-av_image-1ce51d90827cac44b66417581bb3022d img.avia_image{\nbox-shadow:none;\n}\n.avia-image-container.av-av_image-1ce51d90827cac44b66417581bb3022d .av-image-caption-overlay-center{\ncolor:#ffffff;\n}\n<\/style>\n<div  class='avia-image-container av-av_image-1ce51d90827cac44b66417581bb3022d av-styling- av-img-linked avia-align-center  avia-builder-el-18  el_before_av_textblock  avia-builder-el-first '   itemprop=\"image\" itemscope=\"itemscope\" itemtype=\"https:\/\/schema.org\/ImageObject\" ><div class=\"avia-image-container-inner\"><div class=\"avia-image-overlay-wrap\"><a href=\"https:\/\/gracieuse.ch\/domaine\/\" class='avia_image '  aria-label='GMartinez188-5'><img alt=\"\" fetchpriority=\"high\" class='wp-image-64 avia-img-lazy-loading-not-64 avia_image ' src='https:\/\/gracieuse.ch\/wp-content\/uploads\/2015\/03\/GMartinez188-5-495x400.jpg' alt='' title='GMartinez188-5'  height=\"400\" width=\"495\"  itemprop=\"thumbnailUrl\"  \/><\/a><\/div><\/div><\/div> <section  class='av_textblock_section av-av_textblock-0366cc7376be6c9e82a3e9cc8987b64f '   itemscope=\"itemscope\" itemtype=\"https:\/\/schema.org\/CreativeWork\" ><div class='avia_textblock'  itemprop=\"text\" ><h3 style=\"text-align: center;\">SANT\u00c9 ET ALIMENTATION<\/h3>\n<h3 style=\"text-align: center;\"><\/h3>\n<\/div><\/section> <\/p><\/div><\/p>\n","protected":false},"excerpt":{"rendered":"","protected":false},"author":2,"featured_media":0,"parent":318,"menu_order":0,"comment_status":"open","ping_status":"open","template":"","meta":{"_seopress_robots_primary_cat":"","_seopress_titles_title":"","_seopress_titles_desc":"","_seopress_robots_index":"","footnotes":""},"class_list":["post-320","page","type-page","status-publish","hentry"],"_links":{"self":[{"href":"https:\/\/gracieuse.ch\/en\/wp-json\/wp\/v2\/pages\/320","targetHints":{"allow":["GET"]}}],"collection":[{"href":"https:\/\/gracieuse.ch\/en\/wp-json\/wp\/v2\/pages"}],"about":[{"href":"https:\/\/gracieuse.ch\/en\/wp-json\/wp\/v2\/types\/page"}],"author":[{"embeddable":true,"href":"https:\/\/gracieuse.ch\/en\/wp-json\/wp\/v2\/users\/2"}],"replies":[{"embeddable":true,"href":"https:\/\/gracieuse.ch\/en\/wp-json\/wp\/v2\/comments?post=320"}],"version-history":[{"count":2,"href":"https:\/\/gracieuse.ch\/en\/wp-json\/wp\/v2\/pages\/320\/revisions"}],"predecessor-version":[{"id":651,"href":"https:\/\/gracieuse.ch\/en\/wp-json\/wp\/v2\/pages\/320\/revisions\/651"}],"up":[{"embeddable":true,"href":"https:\/\/gracieuse.ch\/en\/wp-json\/wp\/v2\/pages\/318"}],"wp:attachment":[{"href":"https:\/\/gracieuse.ch\/en\/wp-json\/wp\/v2\/media?parent=320"}],"curies":[{"name":"wp","href":"https:\/\/api.w.org\/{rel}","templated":true}]}}