{"id":1737,"date":"2018-06-15T09:12:15","date_gmt":"2018-06-15T08:12:15","guid":{"rendered":"https:\/\/gracieuse.ch\/?page_id=1737"},"modified":"2018-06-28T16:24:58","modified_gmt":"2018-06-28T15:24:58","slug":"impressum","status":"publish","type":"page","link":"https:\/\/gracieuse.ch\/de\/impressum\/","title":{"rendered":"Impressum"},"content":{"rendered":"\n<style type=\"text\/css\" data-created_by=\"avia_inline_auto\" id=\"style-css-av-av_one_full-352b07ef7d3bc99b2e9f92e7a9e06bdb\">\n.flex_column.av-av_one_full-352b07ef7d3bc99b2e9f92e7a9e06bdb{\nborder-radius:0px 0px 0px 0px;\npadding:0px 0px 0px 0px;\n}\n<\/style>\n<div  class='flex_column av-av_one_full-352b07ef7d3bc99b2e9f92e7a9e06bdb av_one_full  avia-builder-el-0  el_before_av_button  avia-builder-el-first  first flex_column_div av-zero-column-padding  '     ><section  class='av_textblock_section av-av_textblock-0366cc7376be6c9e82a3e9cc8987b64f '   itemscope=\"itemscope\" itemtype=\"https:\/\/schema.org\/CreativeWork\" ><div class='avia_textblock'  itemprop=\"text\" ><h1>IMPRESSUM<\/h1>\n<h2>EMERA<\/h2>\n<p>E\u2019SPACE PARK B<\/p>\n<p>45, All\u00e9e des Ormes<\/p>\n<p>CS 12100<\/p>\n<p>06254 MOUGINS CEDEX<\/p>\n<p>Vereinfachte Aktiengesellschaft mit 4.300.000 \u20ac Stammkapital Handelsregister GRASSE Nr. 399.751.452<\/p>\n<h2>HOSTING DER WEBSITE VON:<\/h2>\n<p><a href=\"https:\/\/www.ovh.com\/fr\/index.xml\">Ovh<\/a><\/p>\n<p>Gem\u00e4\u00df Artikel 27 des Datenschutzgesetzes Nr. 78-17 vom 06\/01\/1978 gew\u00e4hrleisten wir Ihnen im Hinblick auf Ihre personenbezogenen Daten ein Recht auf Auskunft, \u00c4nderung und L\u00f6schung. Um Ihre Rechte wahrzunehmen oder falls Sie keine Nachrichten von uns erhalten m\u00f6chten, senden Sie uns bitte eine Nachricht \u00fcber unsere Website:<a href=\"http:\/\/www.emera.fr\/contact\/\"> klicken Sie auf den Link<\/a><\/p>\n<p>Hosting der Website: OVH, 140 Quai du Sartel, 59100 Roubaix, Tel. 1007<\/p>\n<h2>HERAUSGEBER<\/h2>\n<p>Die vereinfachte Aktiengesellschaft EMERA mit 4.300.000,00 Euro Stammkapital, eingetragen im Handelsregister Cannes unter der Nummer 399 751 452, mit Sitz in 06254 MOUGINS Cedex, 45 all\u00e9e des Ormes \u2013 E\u2019Space park B \u2013 CS 12100, vertreten durch ihren Vorsitzenden Herrn Claude CHETON (im Folgenden \u201eEMERA\u201c),<\/p>\n<p>Vertreten durch ihren amtierenden Vorsitzenden Herrn Claude CHETON, der f\u00fcr vorliegendes Dokument ordnungsgem\u00e4\u00df bevollm\u00e4chtigt ist.<\/p>\n<p>USt-Identifikationsnummer: FR 09 399 751 452<\/p>\n<h2>LEITUNG DER VER\u00d6FFENTLICHUNG UND DER REDAKTION<\/h2>\n<p><strong>Leiter der Ver\u00f6ffentlichung:<\/strong><\/p>\n<p>Kommunikationsleiter<\/p>\n<p>EMERA<\/p>\n<p>CS 12100<\/p>\n<p>06254 MOUGINS CEDEX<\/p>\n<p>T 04 92 990 990<\/p>\n<p><strong>Website-Entwicklung:<\/strong><\/p>\n<p>Im Sinne der Wahrnehmung der von den Gesetzen Nr. 1881-07-29 vom 29. Juli 1881 \u00fcber Pressefreiheit und Nr. 86-1067 vom 30. September 1986 \u00fcber Kommunikationsfreiheit gew\u00e4hrten Rechte ist jeder Schriftverkehr an den Kommunikationsleiter zu richten.<\/p>\n<h2>NACHWEISE DER WEBSITE<\/h2>\n<p>Content-Management-System: WORDPRESS<\/p>\n<p>Konzeption der Website: IDEAL COM Villantipolis, Villa N\u00b06, 473 Route des Dolines, 06560 Sophia-Antipolis<\/p>\n<p>Verwirklichung der Website: IDEAL COM Villantipolis, Villa N\u00b06, 473 Route des Dolines, 06560 Sophia-Antipolis<\/p>\n<p>Eigentum der Website: EMERA CS 12100 \u2013 06254 MOUGINS CEDEX<\/p>\n<h2>GEISTIGES EIGENTUM<\/h2>\n<p>EMERA ist Inhaber der Rechte am geistigen Eigentum f\u00fcr ihre Website und deren Inhalt.<\/p>\n<p>In diesem Sinne ist EMERA Inhaber des Domain-Namens www.emera.fr und Eigent\u00fcmer der Urheberrechte f\u00fcr den Inhalt der Website und Eigent\u00fcmer der Rechte an der Erstellung der Datenbanken der Website.<\/p>\n<p>Des Weiteren ist EMERA insbesondere Inhaber der Nutzungsrechte an der franz\u00f6sischen \/ europ\u00e4ischen Marke.<\/p>\n<p>Der Zugriff auf die Leistungen ist auf die Nutzung des Benutzers unter den Bedingungen und Einschr\u00e4nkungen der auf unserer Website einsehbaren Allgemeinen Nutzungsbedingungen beschr\u00e4nkt.<\/p>\n<p>Verboten ist folglich insbesondere der Zugriff auf die Leistungen im Hinblick auf unentgeltliche oder entgeltliche Entnahme, Wiedergabe, Verwendung, Weiterverkauf, Tausch, Vermietung, \u00c4nderung, Anpassung oder Korrektur der Website, der Leistungen, ihrer urheberrechtlich gesch\u00fctzten Inhalte, des Markenrechts, des Softwarerechts, des Rechts an der Erstellung von Datenbanken oder beliebiger sonstiger Rechte am geistigen Eigentum im Ganzen oder in Teilen.<\/p>\n<h2>PERSONENBEZOGENE DATEN<\/h2>\n<p>Die erfassten Informationen werden elektronisch verarbeitet, um die Beziehung zwischen EMERA und dem Benutzer zu verbessern, den Benutzer \u00fcber Angebote und Gesch\u00e4ftsvorg\u00e4nge von EMERA zu informieren oder gegebenenfalls die Bewerbungen der Benutzer f\u00fcr eine Stelle bei EMERA zu verarbeiten.<\/p>\n<p>Gem\u00e4\u00df dem 2004 ge\u00e4nderten Datenschutzgesetz vom 6. Januar 1978 und der Verordnung (EU) 2016\/679 des europ\u00e4ischen Parlaments und des Rates vom 27. April 2016 stehen dem Betroffenen das Recht auf Auskunft, \u00c4nderung, Berichtigung, L\u00f6schung und \u00dcbertragbarkeit der ihn betreffenden Daten zu. Dieses Recht kann durch ein Schreiben an EMERA, 45 all\u00e9e des Ormes \u2013 E\u2019Space park B \u2013 CS 12100 \u2013 06254 MOUGINS Cedex oder per E-Mail an arco@emera.fr wahrgenommen werden.<\/p>\n<p>Der Benutzer kann au\u00dferdem aus berechtigten Gr\u00fcnden der Verarbeitung seiner personenbezogenen Daten widersprechen oder diese einschr\u00e4nken.<\/p>\n<p>Weitere Einzelheiten \u00fcber die Erfassung und Verarbeitung personenbezogener Daten durch EMERA findet der Benutzer in den Allgemeinen Nutzungsbedingungen.<\/p>\n<h2>BEACHTUNG DES BILDNISRECHTS<\/h2>\n<p>Jede Person hat unabh\u00e4ngig von ihrer Bekanntheit das Exklusivrecht am eigenen Bild und an dessen Nutzung. Sie kann daher seiner Wiedergabe und Verbreitung widersprechen.<\/p>\n<p>Da das Bild einer Person zu den personenbezogenen Daten geh\u00f6rt, finden die Datenschutzprinzipien Anwendung. Die Verbreitung beispielsweise des Bildes oder Videos einer Person \u00fcber eine Website hat unter Beachtung der Schutzprinzipien des ge\u00e4nderten Datenschutzgesetzes vom 6. Januar 1978 zu erfolgen. Diese Prinzipien schlie\u00dfen sich den aus dem Bildnisrecht ergebenden Garantien an. (CNIL)<\/p>\n<h2>GOOGLE ANALYTICS<\/h2>\n<p>Diese Website verwendet Google Analytics, die wiederum Cookies verwendet. Die von den Cookies erzeugten Daten \u00fcber Ihre Nutzung der Website (einschlie\u00dflich Ihrer IP-Adresse) werden von Google an Server in den USA \u00fcbermittelt und dort gespeichert. Google verwendet diese Informationen, um Ihre Nutzung der Website auszuwerten, Berichte \u00fcber die Aktivit\u00e4t der Website f\u00fcr ihren Herausgeber zusammenzustellen und weitere mit der Websitenutzung und der Internetnutzung verbundene Dienstleistungen zu erbringen. Google kann diese Daten an Dritte, insbesondere einschlie\u00dflich des Herausgebers dieser Website, weitergeben, sofern eine gesetzliche Verpflichtung dazu besteht oder wenn diese Dritten diese Daten im Auftrag von Google verarbeiten. Google f\u00fchrt Ihre IP-Adresse nicht mit anderen von Google gespeicherten Daten zusammen. Sie k\u00f6nnen in Ihren Browsereinstellungen die Verwendung von Cookies deaktivieren. Eine solche Deaktivierung kann allerdings die Nutzung mancher Funktionalit\u00e4ten dieser Website verhindern. Durch Nutzung dieser Website stimmen Sie der Verarbeitung Ihrer personenbezogenen Daten durch Google unter den oben genannten Bedingungen zu den beschriebenen Zwecken ausdr\u00fccklich zu.<\/p>\n<h2>MITGLIEDSCHAFT BEIM SCHLICHTUNGSVERBAND: VERBRAUCHERSCHLICHTUNGSSTELLE AME<\/h2>\n<p>Wir informieren unsere Gebietsans\u00e4ssigen dar\u00fcber, dass ihnen in Streitf\u00e4llen unsere Kundenabteilung zur Verf\u00fcgung steht.<\/p>\n<p style=\"text-align: center;\"><strong>SERVICE RELATION CLIENTELE (Kundenabteilung)<\/strong><\/p>\n<p style=\"text-align: center;\"><strong>EMERA<\/strong><\/p>\n<p style=\"text-align: center;\">98, rue Vaugirard | 75006 PARIS<\/p>\n<p style=\"text-align: center;\">Tel.: +33 (0)6 79 63 68 27<\/p>\n<p style=\"text-align: center;\"><a href=\"http:\/\/www.emera.fr\/ecrire-au-service-relations-clientele\/\">Kontakt Kundenabteilung<\/a><\/p>\n<p>Falls zwischen der Emera-Gruppe oder einer ihrer Zweigstellen und dem Verbraucher keine g\u00fctliche L\u00f6sung gefunden werden konnte oder der Verbraucher keine Antwort auf seine Beschwerde erhalten hat, kann sich der Verbraucher innerhalb eines Jahres an die Verbraucherschlichtungsstelle AME wenden.<\/p>\n<p>Bei den von der Verbraucherschlichtungsstelle betroffenen Streitf\u00e4llen handelt es sich haupts\u00e4chlich um Streitf\u00e4lle im Zusammenhang mit dem Aufenthaltsvertrag: Streitf\u00e4lle \u00fcber die Rechnungsstellung, die Empfangsbedingungen, die W\u00e4schepflege &#8230; Von der Schlichtung ausgenommen sind von Gesundheitsfachleuten an Patienten erbrachte Gesundheitsleistungen zur Einsch\u00e4tzung, Erhaltung oder Wiederherstellung ihres Gesundheitszustandes, einschlie\u00dflich Verschreibung, Verabreichung und Lieferung von Medikamenten und medizinischen Hilfsmitteln.<\/p>\n<p>Der Verbraucher wendet sich an die Verbraucherschlichtungsstelle AME \u00fcber das Internet oder per Post durch Ausf\u00fcllen eines ihm auf der Website zur Verf\u00fcgung gestellten Formulars unter Beif\u00fcgung der seinen Antrag belegenden Dokumente.<\/p>\n<p>Die Verbraucherschlichtungsstelle AME hat den Eingang des Antrags zu best\u00e4tigen und der zugeteilte Schlichter verf\u00fcgt \u00fcber eine Frist von 3 Wochen, um zun\u00e4chst \u00fcber die Zul\u00e4ssigkeit des Antrags zu entscheiden. Es stehen ihm 3 Monate f\u00fcr die Durchf\u00fchrung seiner Aufgabe zur Verf\u00fcgung (mit Ausnahme von Verl\u00e4ngerung bei komplexen Angelegenheiten).<\/p>\n<p>Nach Ablauf der 3-monatigen Frist hat der Schlichter einen Vorschlag zu unterbreiten, es sei denn, dass unter seiner Leitung eine Vereinbarung zwischen den Vertragspartnern erzielt wurde.<\/p>\n<p>Es steht den Vertragspartnern frei, dem vom Schlichter gemachten Vorschlag zu folgen.<\/p>\n<p>Die Annahme der vom Schlichter vorgeschlagenen L\u00f6sung ist f\u00fcr die Vertragspartner verbindlich und beendet den zwischen ihnen bestehenden Streitfall. Nach dieser Annahme kann f\u00fcr denselben Streitfall keine gerichtliche Klage mehr eingelegt werden, es sei denn, dass neue Aspekte aufgetreten sind.<\/p>\n<p style=\"text-align: center;\"><strong>Anschrift der AME:<\/strong><\/p>\n<p style=\"text-align: center;\"><strong>\u2013 Postanschrift: AME CONSO Angela ALBERT \u2013 Vorsitzende, 11 Place dauphine, 75053 PARIS CEDEX 01 \u2013<\/strong><\/p>\n<p style=\"text-align: center;\"><strong>Website: www.mediationconso-ame.com \u2013<\/strong><\/p>\n<p style=\"text-align: center;\"><strong>Telefonnummer: 09.53.01.02.69<\/strong><\/p>\n<\/div><\/section><\/div>\n<div  class='avia-button-wrap av-av_button-639327c9b33d4e321e9a89fc6eb22e9f-wrap avia-button-center  avia-builder-el-2  el_after_av_one_full  avia-builder-el-last '><a href='https:\/\/gracieuse.ch\/de\/gebruiksvoorwaarden\/'  class='avia-button av-av_button-639327c9b33d4e321e9a89fc6eb22e9f av-link-btn avia-icon_select-yes-left-icon avia-size-medium avia-position-center avia-color-theme-color'  target=\"_blank\"  rel=\"noopener noreferrer\"  aria-label=\"Gebruiksvoorwaarden\"><span class='avia_button_icon avia_button_icon_left' aria-hidden='true' data-av_icon='\ue84b' data-av_iconfont='entypo-fontello'><\/span><span class='avia_iconbox_title' >Gebruiksvoorwaarden<\/span><\/a><\/div>\n","protected":false},"excerpt":{"rendered":"","protected":false},"author":6,"featured_media":0,"parent":0,"menu_order":0,"comment_status":"closed","ping_status":"open","template":"","meta":{"_seopress_robots_primary_cat":"","_seopress_titles_title":"","_seopress_titles_desc":"","_seopress_robots_index":"","footnotes":""},"class_list":["post-1737","page","type-page","status-publish","hentry"],"_links":{"self":[{"href":"https:\/\/gracieuse.ch\/de\/wp-json\/wp\/v2\/pages\/1737","targetHints":{"allow":["GET"]}}],"collection":[{"href":"https:\/\/gracieuse.ch\/de\/wp-json\/wp\/v2\/pages"}],"about":[{"href":"https:\/\/gracieuse.ch\/de\/wp-json\/wp\/v2\/types\/page"}],"author":[{"embeddable":true,"href":"https:\/\/gracieuse.ch\/de\/wp-json\/wp\/v2\/users\/6"}],"replies":[{"embeddable":true,"href":"https:\/\/gracieuse.ch\/de\/wp-json\/wp\/v2\/comments?post=1737"}],"version-history":[{"count":7,"href":"https:\/\/gracieuse.ch\/de\/wp-json\/wp\/v2\/pages\/1737\/revisions"}],"predecessor-version":[{"id":1762,"href":"https:\/\/gracieuse.ch\/de\/wp-json\/wp\/v2\/pages\/1737\/revisions\/1762"}],"wp:attachment":[{"href":"https:\/\/gracieuse.ch\/de\/wp-json\/wp\/v2\/media?parent=1737"}],"curies":[{"name":"wp","href":"https:\/\/api.w.org\/{rel}","templated":true}]}}