{"id":1721,"date":"2018-05-31T15:57:52","date_gmt":"2018-05-31T14:57:52","guid":{"rendered":"https:\/\/gracieuse.ch\/?page_id=1721"},"modified":"2018-06-29T09:41:38","modified_gmt":"2018-06-29T08:41:38","slug":"gebruiksvoorwaarden","status":"publish","type":"page","link":"https:\/\/gracieuse.ch\/de\/gebruiksvoorwaarden\/","title":{"rendered":"ALLGEMEINE NUTZUNGSBEDINGUNGEN"},"content":{"rendered":"<section  class='av_textblock_section av-av_textblock-0366cc7376be6c9e82a3e9cc8987b64f '   itemscope=\"itemscope\" itemtype=\"https:\/\/schema.org\/CreativeWork\" ><div class='avia_textblock'  itemprop=\"text\" ><header>\n<h1>ALLGEMEINE NUTZUNGSBEDINGUNGEN<\/h1>\n<p>Die Nutzung der von der Firma EMERA herausgegebenen Website setzt voraus, dass der Benutzer, der die von der Website zur Verf\u00fcgung gestellten Leistungen in Anspruch nehmen m\u00f6chte, mit nachstehenden Nutzungsbedingungen in ihrer jeweils neuesten Fassung vorbehaltlos einverstanden ist.<\/p>\n<h2><strong>Ges<\/strong><strong>etzliche Identifikation<\/strong><\/h2>\n<p>Die Website wird herausgegeben von der vereinfachten Aktiengesellschaft EMERA mit 4.300.000,00 Euro Stammkapital, eingetragen im Handelsregister Cannes unter der Nummer 399 751 452, mit Sitz in 06254 MOUGINS Cedex, 45 all\u00e9e des Ormes \u2013 E\u2019Space park B \u2013 CS 12100, vertreten durch ihren Vorsitzenden Herrn Claude CHETON, der f\u00fcr vorliegende Bedingungen ordnungsgem\u00e4\u00df bevollm\u00e4chtigt ist und der auch einzeln als \u201eder Vertragspartner\u201c oder zusammen mit dem Benutzer als \u201edie Vertragspartner\u201c bezeichnet werden kann (im Folgenden \u201eEMERA\u201c).<\/p>\n<h2><strong>Definitionen<\/strong><\/h2>\n<p>Die nachstehend in diesen Bedingungen im Singular oder im Plural verwendeten Begriffe sind wie folgt definiert:<\/p>\n<h2><strong>\u201ePersonenbezogene Daten\u201c<\/strong><\/h2>\n<p>Alle vom Benutzer \u00fcbermittelten Ausk\u00fcnfte, Daten und Inhalte, die im Rahmen der Nutzung der Leistungen der von EMERA gehosteten Website erfasst und verarbeitet werden und es im Sinne des franz\u00f6sischen Datenschutzgesetzes vom 6. Januar 1978 (ge\u00e4ndert durch den Erlass vom 4. November 1991 und durch das Gesetz vom 6. August 2004 \u00fcber die Umsetzung der Richtlinie 95\/46\/EG) und der Verordnung (EU) 2016\/679 des Europ\u00e4ischen Parlaments und des Rates vom 27. April 2016 erm\u00f6glichen, eine die Website nutzende nat\u00fcrliche Person direkt oder indirekt zu benennen oder zu identifizieren.<\/p>\n<h2><strong>\u201eLeistungen\u201c<\/strong><\/h2>\n<p>Bezeichnet s\u00e4mtliche dem Benutzer von EMERA \u00fcber die Website zur Verf\u00fcgung gestellten Leistungen.<\/p>\n<h2><strong>\u201eSite\u201c oder \u201eWebsite\u201c<\/strong><\/h2>\n<p>Bezeichnet die Website mit der URL www.emera.fr<\/p>\n<h2><strong>\u201eBenutzer\u201c<\/strong><\/h2>\n<p>Bezeichnet alle Besucher der Website.<\/p>\n<h2><strong>Einverst\u00e4ndnis des Benutzers &#8211; Warnung<\/strong><\/h2>\n<p>Der Benutzer erkl\u00e4rt und erkennt an, dass ihm vorliegende Allgemeine Nutzungsbedingungen (im Folgenden die \u201eANB\u201c) einwandfrei bekannt sind und er ausdr\u00fccklich mit diesen Bedingungen einverstanden ist.<\/p>\n<p>Jeder Beginn der Nutzung der von der Website angebotenen Leistungen und insbesondere eine Anmeldung f\u00fcr den Newsletter der Website oder das Ausf\u00fcllen eines auf der Website vorhandenen Formulars unterstellt den Benutzer in jedem Fall den vorliegenden ANB. Es wird von diesem Zeitpunkt an davon ausgegangen, dass der Benutzer mit s\u00e4mtlichen in vorliegenden Bedingungen festgelegten Vorschriften sowie mit allen eventuell in auf der Website verf\u00fcgbaren Dokumenten enthaltenen, durch Verweis in vorliegende ANB integrierten Vorschriften, die seine Beziehung zu Dritten und zu EMERA regeln, einverstanden ist.<\/p>\n<p>Vorliegende ANB sind w\u00e4hrend der gesamten Dauer der Websitenutzung und bis zu ihrer Ersetzung durch neue ANB gegen\u00fcber Dritten wirksam.<\/p>\n<p>Der Benutzer erkennt ebenfalls an, vor einer Nutzung der \u00fcber diese Website angebotenen Leistungen das auf der Website eingestellte Impressum eingesehen zu haben.<\/p>\n<h2><strong>Beweisvereinbarung<\/strong><\/h2>\n<p>Der Benutzer erkennt an, dass die \u00fcber die Website vorgenommenen Aufzeichnungen und Speicherungen einschlie\u00dflich aller Verbindungsdaten (im Folgenden die \u201eEDV-Dokumente\u201c) volle Beweiskraft zwischen dem Benutzer und EMERA entfalten. Somit sind die EDV-Dokumente (einschlie\u00dflich ihres Datums und ihrer Uhrzeit) bei Streitigkeiten zwischen den Vertragspartnern verbindlich.<\/p>\n<p>Der Benutzer erkennt folglich die G\u00fcltigkeit und Beweiskraft von E-Mail-Nachrichten in seinen Vertragsbeziehungen mit EMERA an. Ebenso k\u00f6nnen die \u00fcber die Website erfolgten Benachrichtigungen als Beweismittel beim Benutzer geltend gemacht werden.<\/p>\n<h2>Weiterentwicklungen<\/h2>\n<p>EMERA beh\u00e4lt sich vor, diese ANB ganz nach ihrem Ermessen je nach technischer Weiterentwicklung der Website sowie ihrer Leistungsangebote oder aufgrund von gesetzlichen Entwicklungen zu \u00e4ndern.<\/p>\n<p>Allgemein richtet sich die Nutzung der Website durch den Benutzer stets nach der neuesten, bei der jeweiligen Nutzung aufrufbaren Version der ANB. Es obliegt dem Benutzer, die auf der Website zug\u00e4nglichen ANB so oft wie notwendig einzusehen.<\/p>\n<h2>Versto\u00df<\/h2>\n<p>Ein Versto\u00df gegen vorliegende ANB berechtigt EMERA, dem f\u00fcr den betreffenden Versto\u00df verantwortlichen Benutzer in der Zukunft den Zugang zu den auf der Website angebotenen Leistungen zu verweigern, unbeschadet des Schadenersatzes, den EMERA gegebenenfalls bei dem f\u00fcr den genannten Versto\u00df verantwortlichen Benutzer geltend machen kann.<\/p>\n<h2>Allgemeine Beschreibung der Leistungen<\/h2>\n<p>EMERA stellt Benutzern eine Website zur Verf\u00fcgung, auf der sie sich \u00fcber ihre Produkte und Leistungen informieren k\u00f6nnen.<\/p>\n<p>Um regelm\u00e4\u00dfig \u00fcber das aktuelle Geschehen des Unternehmens und seines Leistungsangebots auf dem Laufenden zu bleiben, hat der Benutzer die M\u00f6glichkeit, sich f\u00fcr den Newsletter der Website anzumelden und gesch\u00e4ftliche Informationsanfragen zu senden.<\/p>\n<p>Er kann bei EMERA auch Bewerbungen einreichen.<\/p>\n<p>Ausf\u00fchrlichere Informationen findet der Benutzer auf der Website.<\/p>\n<h2>Lizenz f\u00fcr die Verwendung der Websitebestandteile<\/h2>\n<h2>Umfang der gew\u00e4hrten Rechte<\/h2>\n<p>F\u00fcr die Dauer der Nutzung der Website gew\u00e4hrt EMERA dem Benutzer, der damit einverstanden ist, das nicht exklusive und nicht \u00fcbertragbare Recht, die Website im begrenzten Rahmen des nachstehend festgelegten Nutzungsbereichs im Gebiet und unter Einhaltung der hier genannten Bestimmungen zu nutzen (im Folgenden die \u201eLizenz\u201c).<\/p>\n<p>Der Benutzer erkennt ausdr\u00fccklich an, dass s\u00e4mtliche Rechte f\u00fcr die Bestandteile der Website ausschlie\u00dfliches Eigentum von EMERA bleiben.<\/p>\n<p>Der Benutzer darf sie weder verkaufen noch abtreten, ver\u00f6ffentlichen, vorstellen, verbreiten oder Dritten auf eine beliebige andere Weise zur Verf\u00fcgung stellen.<\/p>\n<h2>Nutzungsbereich<\/h2>\n<p>Vorliegende Lizenz ist ausdr\u00fccklich und ausschlie\u00dflich auf Handlungen beschr\u00e4nkt, die f\u00fcr die Nutzung der Website durch den Benutzer erforderlich sind.<\/p>\n<h2>Nutzungsbeschr\u00e4nkungen<\/h2>\n<p>Die Nutzung der von EMERA herausgegebenen und den Benutzern zur Verf\u00fcgung gestellten Website unterliegt nachstehend beschriebenen Einschr\u00e4nkungen.<\/p>\n<p>Vorliegende Lizenz ist strikt pers\u00f6nlich, und der Benutzer darf die ihm im Rahmen vorliegender Lizenz zustehenden Rechte oder Pflichten ohne vorherige schriftliche Genehmigung von EMERA weder abtreten noch \u00fcbertragen.<\/p>\n<p>Als Anhaltspunkt untersagt EMERA den Benutzern, ohne ihre schriftliche Genehmigung eine der folgenden Handlungen vorzunehmen:<\/p>\n<ul>\n<li>Bestandteile der Website ganz oder teilweise kopieren.<\/li>\n<li>Die bereitgestellte Website ganz oder teilweise mit beliebigen Mitteln und in beliebiger Form dauerhaft oder vor\u00fcbergehend wiedergeben.<\/li>\n<li>Die Bestandteile der Website, die EDV-Programme und Softwarel\u00f6sungen disassemblieren, dekompilieren oder durch Reverse Engineering extrahieren, mit Ausnahme der von der geltenden Gesetzgebung ausdr\u00fccklich genehmigten Ma\u00dfnahmen.<\/li>\n<li>Die Aufmachung oder den Inhalt der Website, der EDV-Programme und Softwarel\u00f6sungen, der Marke, des Gesch\u00e4ftsnamens, der Logos auf der Website usw. \u00e4ndern, verf\u00e4lschen oder anpassen oder beliebige \u00c4nderungen daran vornehmen oder die Hinweise \u00fcber die Identit\u00e4t und das Eigentum der Website, insbesondere die Namen der Mitwirkenden l\u00f6schen.<\/li>\n<li>Die Website ganz oder teilweise \u00fcbersetzen, anpassen, \u00fcberarbeiten oder \u00e4ndern.<\/li>\n<li>Die in den Pr\u00e4sentationen oder im Inhalt der Website enthaltenen EDV-Programme und Softwarel\u00f6sungen l\u00f6schen oder ver\u00e4ndern.<\/li>\n<li>Den Quelltext der Software der Website aufrufen.<\/li>\n<li>Tests oder Leistungsanalysen oder Bewertungen bez\u00fcglich der Website ohne vorherige schriftliche Genehmigung von EMERA ver\u00f6ffentlichen.<\/li>\n<\/ul>\n<h2>Laufzeit<\/h2>\n<p>Vorliegende Lizenz wird f\u00fcr den Zeitraum der Nutzung der Website gew\u00e4hrt.<\/p>\n<h2>Gebiete<\/h2>\n<p>Vorliegende Lizenz wird von den Vertragspartnern ausdr\u00fccklich auf die Gebiete der ganzen Welt beschr\u00e4nkt.<\/p>\n<h2>Ausstattung<\/h2>\n<p>F\u00fcr den Gebrauch, die Instandhaltung und die Kosten der f\u00fcr den Aufruf der Website erforderlichen EDV-, Telefon- oder sonstigen Anlagen ist allein der Benutzer verantwortlich. EMERA haftet nicht f\u00fcr im Rahmen der Nutzung der Website entstehende Sch\u00e4den an Anlagen.<\/p>\n<h2>Personenbezogene Daten<\/h2>\n<p>Erfassung personenbezogener Daten<\/p>\n<p>Folgende personenbezogenen Daten werden auf der Website erfasst:<\/p>\n<p><strong>Anmeldung f\u00fcr den Newsletter<\/strong><\/p>\n<p>Wenn sich der Benutzer f\u00fcr den Newsletter der Website anmeldet, wird seine E-Mail-Adresse gespeichert.<\/p>\n<p><strong>Anfrage f\u00fcr Zusendung von Unterlagen<\/strong><\/p>\n<p>Wenn der Benutzer das Anfrageformular f\u00fcr Unterlagen ausf\u00fcllt, werden von der Website nachstehende personenbezogenen Daten erfasst:<\/p>\n<ul>\n<li>Anrede, Name und Vorname;<\/li>\n<li>E-Mail-Adresse;<\/li>\n<li>Telefonnummer;<\/li>\n<li>Postanschrift.<\/li>\n<\/ul>\n<p><strong>Bitte um R\u00fcckruf<\/strong><\/p>\n<p>Wenn der Benutzer das R\u00fcckrufformular ausf\u00fcllt, werden von der Website nachstehende personenbezogenen Daten erfasst:<\/p>\n<ul>\n<li>Name;<\/li>\n<li>E-Mail-Adresse;<\/li>\n<li>Telefonnummer;<\/li>\n<li>Postanschrift.<\/li>\n<li><\/li>\n<\/ul>\n<p><strong>Anfrage f\u00fcr Kontaktaufnahme mit der Gesch\u00e4ftsleitung, der Kundenabteilung oder dem Firmensitz<\/strong><\/p>\n<p>Wenn der Benutzer ein Anfrageformular f\u00fcr Kontaktaufnahme mit der Gesch\u00e4ftsleitung, der Kundenabteilung oder dem Firmensitz ausf\u00fcllt, werden von der Website nachstehende personenbezogenen Daten erfasst:<\/p>\n<ul>\n<li>Anrede, Name und Vorname;<\/li>\n<li>E-Mail-Adresse;<\/li>\n<li>Telefonnummer;<\/li>\n<li>Postanschrift.<\/li>\n<\/ul>\n<p><strong>Bewerbung f\u00fcr eine Stelle<\/strong><\/p>\n<p>Wenn der Benutzer eine Spontanbewerbung einreicht oder sich auf ein auf der Website ver\u00f6ffentlichtes spezifisches Stellenangebot bewirbt, werden von der Website nachstehende personenbezogenen Daten gespeichert:<\/p>\n<ul>\n<li>Anrede, Name und Vorname;<\/li>\n<li>E-Mail-Adresse,<\/li>\n<li>Postanschrift,<\/li>\n<li>Telefonnummer;<\/li>\n<li>Lebenslauf;<\/li>\n<li>Anschreiben (nur bei Bewerbung auf ein Stellenangebot).<\/li>\n<\/ul>\n<p><strong>Cookies<\/strong><\/p>\n<p>Im Rahmen der Nutzung der Website werden Cookies verwendet. Der Benutzer hat die M\u00f6glichkeit, die Parameter seines Browsers so zu konfigurieren, dass Cookies deaktiviert werden.<\/p>\n<p><strong>Verwendung der personenbezogenen Daten<\/strong><\/p>\n<p>Zweck der Erfassung der personenbezogenen Daten des Benutzers ist die Bereitstellung der Leistungen der Website, ihre Verbesserung und die Erhaltung einer gesicherten Umgebung. Die Daten werden wie folgt verwendet:<\/p>\n<p>\u2013\u00a0\u00a0\u00a0\u00a0\u00a0\u00a0\u00a0\u00a0\u00a0\u00a0 Bearbeitung der vom Benutzer \u00fcbermittelten Anfragen f\u00fcr Zusendung von Unterlagen;<\/p>\n<p>\u2013\u00a0\u00a0\u00a0\u00a0\u00a0\u00a0\u00a0\u00a0\u00a0\u00a0 Bearbeitung der vom Benutzer \u00fcbermittelten Bitte um R\u00fcckruf;<\/p>\n<p>\u2013\u00a0\u00a0\u00a0\u00a0\u00a0\u00a0\u00a0\u00a0\u00a0\u00a0 Bearbeitung der vom Benutzer \u00fcbermittelten Kontaktanfragen;<\/p>\n<p>\u2013\u00a0\u00a0\u00a0\u00a0\u00a0\u00a0\u00a0\u00a0\u00a0\u00a0 Bearbeitung der vom Benutzer eingereichten Stellenbewerbungen;<\/p>\n<p>\u2013\u00a0\u00a0\u00a0\u00a0\u00a0\u00a0\u00a0\u00a0\u00a0\u00a0 Erstellung von Sitzungsstatistiken;<\/p>\n<p>\u2013\u00a0\u00a0\u00a0\u00a0\u00a0\u00a0\u00a0\u00a0\u00a0\u00a0 Versand von Newslettern an die Benutzer;<\/p>\n<p>\u2013\u00a0\u00a0\u00a0\u00a0\u00a0\u00a0\u00a0\u00a0\u00a0\u00a0 Versand von gesch\u00e4ftlichen Informationen und Werbung je nach den vom Benutzer angegebenen Pr\u00e4ferenzen.<\/p>\n<h2>Dauer der Datenspeicherung<\/h2>\n<p>Die personenbezogenen Daten werden von EMERA eine bestimmte Zeit lang gespeichert:<\/p>\n<ul>\n<li>Bei der Anmeldung f\u00fcr den Newsletter erfasste Daten: w\u00e4hrend der gesamten Dauer der Anmeldung des Benutzers f\u00fcr den Newsletter und 3 Jahre nach der Abmeldung.<\/li>\n<li>Im Rahmen einer Anfrage f\u00fcr die Zusendung von Unterlagen, f\u00fcr R\u00fcckruf oder Kontakt erfasste Daten: 3 Jahre.<\/li>\n<li>Im Rahmen einer Stellenbewerbung des Benutzers erfasste Daten: ein Jahr.<\/li>\n<\/ul>\n<p><strong>Weitergabe personenbezogener Daten an Dritte<\/strong><\/p>\n<p>Personenbezogene Daten k\u00f6nnen in nachstehenden F\u00e4llen mit Drittunternehmen geteilt werden:<\/p>\n<ul>\n<li>Wenn der Benutzer die Website eines Dritten zum Zugriff auf seine Daten erm\u00e4chtigt;<\/li>\n<li>Falls dies gesetzlich vorgeschrieben ist, kann die Website zur Bearbeitung der gegen die Website eingereichten Reklamationen oder zur Einhaltung von Verwaltungs- und Gerichtsverfahren Daten weitergeben;<\/li>\n<li>Falls die Website an einem Zusammenschluss, einem Kauf, einer Verm\u00f6gensabtretung oder einem Insolvenzverfahren beteiligt ist, kann es sein, dass sie verpflichtet ist, ihre Verm\u00f6genswerte einschlie\u00dflich der personenbezogenen Daten ganz oder teilweise abzutreten oder weiterzugeben. In einem solchen Fall werden die Benutzer vor der Weitergabe der personenbezogenen Daten an einen Dritten \u00fcber den Vorgang informiert.<\/li>\n<\/ul>\n<p><strong>Sicherheit und Vertraulichkeit<\/strong><\/p>\n<p>Die Website ergreift die organisatorischen, technischen, Software- und dinglichen Ma\u00dfnahmen im Hinblick auf digitale Sicherheit, um die personenbezogenen Daten gegen \u00c4nderung, Vernichtung und unbefugten Zugriff zu sch\u00fctzen. Es wird allerdings darauf hingewiesen, dass das Internet keine vollst\u00e4ndig gesicherte Umgebung ist und die Website die Sicherheit der \u00dcbertragung oder Speicherung der Informationen im Internet nicht gew\u00e4hrleisten kann.<\/p>\n<p><strong>Wahrnehmung der Rechte der Benutzer<\/strong><\/p>\n<p>In Anwendung der f\u00fcr personenbezogene Daten geltenden Vorschriften stehen den Benutzern folgende Rechte zu:<\/p>\n<p>\u2013\u00a0\u00a0\u00a0\u00a0\u00a0\u00a0\u00a0\u00a0\u00a0\u00a0 Sie k\u00f6nnen per E-Mail an arco@emera.fr ihr Recht auf Auskunft wahrnehmen, um die sie betreffenden personenbezogenen Daten zu erfahren. Die Website kann in diesem Fall vor Gew\u00e4hrung dieses Rechts einen Identit\u00e4tsnachweis des Benutzers verlangen, um die Richtigkeit der Anfrage zu \u00fcberpr\u00fcfen;<\/p>\n<p>\u2013\u00a0\u00a0\u00a0\u00a0\u00a0\u00a0\u00a0\u00a0\u00a0\u00a0 Falls die von der Website gespeicherten personenbezogenen Daten nicht richtig sind, k\u00f6nnen die Benutzer per E-Mail an arco@emera.fr die Aktualisierung der Informationen verlangen;<\/p>\n<p>\u2013\u00a0\u00a0\u00a0\u00a0\u00a0\u00a0\u00a0\u00a0\u00a0\u00a0 Gem\u00e4\u00df den geltenden Datenschutzgesetzen k\u00f6nnen die Benutzer per E-Mail an arco@emera.fr die Berichtigung oder L\u00f6schung ihrer personenbezogenen Daten verlangen.<\/p>\n<p><strong>Entwicklung vorliegender Bestimmung<\/strong><\/p>\n<p>Die Website beh\u00e4lt sich vor, jederzeit \u00c4nderungen an vorliegender Datenschutzbestimmung vorzunehmen. Im Fall einer \u00c4nderung an vorliegender Datenschutzbestimmung verpflichtet sich die Website, eine neue Version auf der Website zu ver\u00f6ffentlichen. Die Website informiert die Benutzer au\u00dferdem mindestens 15 Tage vor dem Inkrafttreten per E-Mail \u00fcber die betreffende \u00c4nderung. Ist der Benutzer mit der neuen Fassung der Datenschutzbestimmung nicht einverstanden, hat er die M\u00f6glichkeit, durch eine an arco@emera.fr gerichtete E-Mail die L\u00f6schung seiner personenbezogenen Daten zu verlangen.<\/p>\n<h2>Geistiges Eigentum<\/h2>\n<p><strong>Beachtung der Rechte am geistigen Eigentum<\/strong><\/p>\n<p>EMERA ist im Besitz s\u00e4mtlicher Rechte am geistigen Eigentum, die f\u00fcr den Betrieb der Website verwendet werden. Allgemeiner sind s\u00e4mtliche auf der Website wiedergegebenen oder verwendeten Bestandteile (die \u201eBestandteile\u201c) urheberrechtlich gesch\u00fctzt.<\/p>\n<p>Jede vollst\u00e4ndige oder teilweise Wiedergabe, Darstellung, Verwendung oder Anpassung dieser Bestandteile in beliebiger Form ist ohne vorherige schriftliche Genehmigung von EMERA streng verboten. Sollte EMERA bei Kenntnisnahme solcher unbefugten Verwendungen keinen Rechtsweg beschreiten, gilt dies nicht als Einverst\u00e4ndnis mit den genannten Verwendungen oder als Verzicht auf Verfolgung.<\/p>\n<p><strong>Beachtung des Urheberrechts \u2013 Copyright \u00a9 \u2013 Links (von EMERA oder ihren Partnern)<\/strong><\/p>\n<p>Die Website beachtet das Urheberrecht sowie verwandte Schutzrechte (im Folgenden die \u201eUrheberrechte\u201c). S\u00e4mtliche Urheberrechte an den auf der Website wiedergegebenen und mitgeteilten gesch\u00fctzten Werken werden weltweit vorbehalten. Sofern nicht anderweitig genehmigt, ist jegliche \u00fcber die individuelle Wiedergabe und Einsichtnahme hinausgehende Verwendung der Werke verboten.<\/p>\n<h2>Wiedergabe auf Papier<\/h2>\n<p>Die Wiedergabe (Nachdruck) der Seiten der Website auf Papier ist f\u00fcr einen streng privaten, nicht gesch\u00e4ftlichen Gebrauch gestattet.<\/p>\n<h2>Wiedergabe auf elektronischen Tr\u00e4gern<\/h2>\n<p>Die vollst\u00e4ndige oder teilweise Wiedergabe der Website auf einem elektronischen Tr\u00e4ger ist untersagt.<\/p>\n<h2>Einschr\u00e4nkungen<\/h2>\n<p>EMERA ist Eigent\u00fcmer s\u00e4mtlicher Marken und anderer geistiger Eigentumsrechte am gesamten Inhalt und Aufbau der Website (einschlie\u00dflich insbesondere Informationen, Texten, Bildern, Urheberrechten, Mustern und Vorlagen). Eine Verwendung dieses Inhalts und der zugeh\u00f6rigen Rechte am geistigen Eigentum ohne vorherige ausdr\u00fcckliche schriftliche Genehmigung von EMERA ist nicht gestattet. Alle diese Rechte sind ausdr\u00fccklich vorbehalten.<\/p>\n<p>Der Benutzer verpflichtet sich, die Rechte von EMERA am geistigen Eigentum f\u00fcr alle Bestandteile der Website von EMERA zu beachten und Dritte zur Beachtung dieser Rechte aufzufordern.<\/p>\n<p>Der Benutzer verpflichtet sich, EMERA unverz\u00fcglich \u00fcber eventuell von ihm festgestellte Verletzungen ihrer Rechte am geistigen Eigentum zu informieren.<\/p>\n<p>Der Benutzer erkennt an und ist damit einverstanden, dass der Aufruf der Website und der von EMERA zur Verf\u00fcgung gestellten EDV-Programme und Softwarel\u00f6sungen keine Abtretung oder Lizenzierung der Rechte am geistigen Eigentum (insbesondere Marken- oder Urheberrechte) oder anderer Rechte zugunsten des Benutzers zur Folge hat.<\/p>\n<p>Ohne ausdr\u00fcckliche schriftliche Genehmigung von EMERA ist es daher streng verboten, die Website in irgendeiner Form wiederzugeben, zu vertreiben, zu \u00fcbertragen, zu ver\u00f6ffentlichen, durch einen Link oder Hyperlink zug\u00e4nglich zu machen oder zu \u00e4ndern, anzupassen oder zu berichtigen. Ein Versto\u00df gegen vorliegende Bestimmung wird als Verletzung des Urheberrechts, des Markenrechts oder anderer Rechte am geistigen Eigentum gewertet, wof\u00fcr der Benutzer zivil- und\/oder strafrechtlich belangt werden kann.<\/p>\n<h2>Mitteilungen<\/h2>\n<p>Alle im Rahmen dieses Vertrags vorgesehenen Benachrichtigungen und Mitteilungen m\u00fcssen an die im Kopf dieses Dokuments genannte Anschrift (Mitteilungen an EMERA) beziehungsweise an die vom Benutzer beim Ausf\u00fcllen von Formularen der Website eingegebene Anschrift (Mitteilungen an den Benutzer) zugestellt werden, die gegebenenfalls regelm\u00e4\u00dfig gem\u00e4\u00df den Vorschriften dieser Bedingungen zu aktualisieren ist.<\/p>\n<p>Alle in Anwendung dieser Bestimmung ergehenden Mitteilungen gelten unter nachstehenden Bedingungen als rechtsg\u00fcltig zugestellt und empfangen:<\/p>\n<ul>\n<li>E-Mail \u2013 am Versandtag;<\/li>\n<li>Eingeschriebener Brief mit R\u00fcckschein \u2013 an dem auf den Tag des R\u00fcckscheins folgenden Tag.<\/li>\n<\/ul>\n<h2>Streitf\u00e4lle und Gerichtsstand<\/h2>\n<p>Der Vertrag untersteht franz\u00f6sischem Recht.<\/p>\n<p>Streitf\u00e4lle hinsichtlich des vorliegenden Vertrags sind bei dem f\u00fcr die Angelegenheit und das Gebiet zust\u00e4ndigen Gericht einzureichen.<\/p>\n<\/header>\n<\/div><\/section>\n<div  class='avia-button-wrap av-av_button-9a0d94076e57f1c9dbee330a6fde5e48-wrap avia-button-center  avia-builder-el-1  el_after_av_textblock  avia-builder-el-last '><a href='https:\/\/gracieuse.ch\/de\/impressum\/'  class='avia-button av-av_button-9a0d94076e57f1c9dbee330a6fde5e48 av-link-btn avia-icon_select-yes-left-icon avia-size-medium avia-position-center avia-color-theme-color'  target=\"_blank\"  rel=\"noopener noreferrer\"  aria-label=\"Impressum\"><span class='avia_button_icon avia_button_icon_left' aria-hidden='true' data-av_icon='\ue84b' data-av_iconfont='entypo-fontello'><\/span><span class='avia_iconbox_title' >Impressum<\/span><\/a><\/div>\n","protected":false},"excerpt":{"rendered":"","protected":false},"author":6,"featured_media":0,"parent":0,"menu_order":0,"comment_status":"closed","ping_status":"closed","template":"","meta":{"_seopress_robots_primary_cat":"","_seopress_titles_title":"","_seopress_titles_desc":"","_seopress_robots_index":"","footnotes":""},"class_list":["post-1721","page","type-page","status-publish","hentry"],"_links":{"self":[{"href":"https:\/\/gracieuse.ch\/de\/wp-json\/wp\/v2\/pages\/1721","targetHints":{"allow":["GET"]}}],"collection":[{"href":"https:\/\/gracieuse.ch\/de\/wp-json\/wp\/v2\/pages"}],"about":[{"href":"https:\/\/gracieuse.ch\/de\/wp-json\/wp\/v2\/types\/page"}],"author":[{"embeddable":true,"href":"https:\/\/gracieuse.ch\/de\/wp-json\/wp\/v2\/users\/6"}],"replies":[{"embeddable":true,"href":"https:\/\/gracieuse.ch\/de\/wp-json\/wp\/v2\/comments?post=1721"}],"version-history":[{"count":6,"href":"https:\/\/gracieuse.ch\/de\/wp-json\/wp\/v2\/pages\/1721\/revisions"}],"predecessor-version":[{"id":1774,"href":"https:\/\/gracieuse.ch\/de\/wp-json\/wp\/v2\/pages\/1721\/revisions\/1774"}],"wp:attachment":[{"href":"https:\/\/gracieuse.ch\/de\/wp-json\/wp\/v2\/media?parent=1721"}],"curies":[{"name":"wp","href":"https:\/\/api.w.org\/{rel}","templated":true}]}}