{"id":1360,"date":"2017-03-01T10:23:45","date_gmt":"2017-03-01T09:23:45","guid":{"rendered":"https:\/\/gracieuse.ch\/?page_id=1360"},"modified":"2017-03-01T10:23:45","modified_gmt":"2017-03-01T09:23:45","slug":"philosophie","status":"publish","type":"page","link":"https:\/\/gracieuse.ch\/de\/domaine\/philosophie\/","title":{"rendered":"Philosophie"},"content":{"rendered":"<div id='layer_slider_1'  class='avia-layerslider main_color avia-shadow  avia-builder-el-0  el_before_av_textblock  avia-builder-el-first  container_wrap sidebar_right'  style='height: 431px; max-width: 1310px; margin: 0 auto;'  ><\/div><div id='after_layer_slider_1'  class='main_color av_default_container_wrap container_wrap sidebar_right'  ><div class='container av-section-cont-open' ><div class='template-page content  av-content-small alpha units'><div class='post-entry post-entry-type-page post-entry-1360'><div class='entry-content-wrapper clearfix'>\n<section  class='av_textblock_section av-av_textblock-0366cc7376be6c9e82a3e9cc8987b64f '   itemscope=\"itemscope\" itemtype=\"https:\/\/schema.org\/CreativeWork\" ><div class='avia_textblock'  itemprop=\"text\" ><h1 style=\"text-align: center;\">PHILOSOPHIE<\/h1>\n<\/div><\/section>\n<div  class='hr av-av_hr-bad5bc90bcef2f12297bff634a297b07 hr-short  avia-builder-el-2  el_after_av_textblock  el_before_av_one_third  hr-center'><span class='hr-inner '><span class=\"hr-inner-style\"><\/span><\/span><\/div>\n<div  class='flex_column av-av_one_third-2a9015ff38129c418a3f2eafba3e9512 av_one_third  avia-builder-el-3  el_after_av_hr  el_before_av_two_third  first flex_column_div  '     ><style type=\"text\/css\" data-created_by=\"avia_inline_auto\" id=\"style-css-av-av_image-2bb99b977ece2882412d3121d076d94e\">\n.avia-image-container.av-av_image-2bb99b977ece2882412d3121d076d94e img.avia_image{\nbox-shadow:none;\n}\n.avia-image-container.av-av_image-2bb99b977ece2882412d3121d076d94e .av-image-caption-overlay-center{\ncolor:#ffffff;\n}\n<\/style>\n<div  class='avia-image-container av-av_image-2bb99b977ece2882412d3121d076d94e av-styling- avia-align-center  avia-builder-el-4  avia-builder-el-no-sibling '   itemprop=\"image\" itemscope=\"itemscope\" itemtype=\"https:\/\/schema.org\/ImageObject\" ><div class=\"avia-image-container-inner\"><div class=\"avia-image-overlay-wrap\"><img alt=\"\" fetchpriority=\"high\" class='wp-image-64 avia-img-lazy-loading-not-64 avia_image ' src='https:\/\/gracieuse.ch\/wp-content\/uploads\/2015\/03\/GMartinez188-5-495x400.jpg' alt='' title='GMartinez188-5'  height=\"400\" width=\"495\"  itemprop=\"thumbnailUrl\"  \/><\/div><\/div><\/div><\/div>\n\n<style type=\"text\/css\" data-created_by=\"avia_inline_auto\" id=\"style-css-av-av_two_third-2a64de42b738552fe666ca889af77e28\">\n.flex_column.av-av_two_third-2a64de42b738552fe666ca889af77e28{\nborder-radius:0px 0px 0px 0px;\npadding:0px 0px 0px 0px;\n}\n<\/style>\n<div  class='flex_column av-av_two_third-2a64de42b738552fe666ca889af77e28 av_two_third  avia-builder-el-5  el_after_av_one_third  el_before_av_hr  flex_column_div av-zero-column-padding  '     ><section  class='av_textblock_section av-av_textblock-0366cc7376be6c9e82a3e9cc8987b64f '   itemscope=\"itemscope\" itemtype=\"https:\/\/schema.org\/CreativeWork\" ><div class='avia_textblock'  itemprop=\"text\" ><p><strong>Komfort und Eleganz<\/strong><\/p>\n<p>Die Residenz bietet Ihnen pr\u00e4chtige, 60 bis 140 m\u00b2 gro\u00dfe Wohnungen mit Balkon und einem herrlichen Blick auf den Genfersee und die Alpen. Sie k\u00f6nnen entweder die eleganten M\u00f6bel der m\u00f6blierten Wohnungen nutzen oder sich den Wohnraum nach Ihrem Geschmack einrichten. F\u00fcr Begegnungen und Austausch mit Gleichgesinnten stehen Ihnen unsere ger\u00e4umigen lichtdurchfluteten Gemeinschaftsbereiche zur Verf\u00fcgung.<\/p>\n<p><strong>Feinschmeckerk\u00fcche<\/strong><\/p>\n<p>Ganz besondere Aufmerksamkeit wird der Gastronomie gewidmet. In unseren drei Restaurants finden Sie raffinierte wohlschmeckende K\u00fcche in vornehmem Dekor. Sie k\u00f6nnen dort auch Ihre G\u00e4ste empfangen, ein Festessen in privatem Rahmen veranstalten und sich bei sch\u00f6nem Wetter an einer der sch\u00f6nsten Terrassen des Seeufers erfreuen.<\/p>\n<p><strong>Exzellenz<\/strong><\/p>\n<p>Sie werden den ausgezeichneten 4-Sterne-Service unseres auf Ihr Wohlergehen bedachten Personals sehr zu sch\u00e4tzen wissen. Vertrauen Sie uns Ihre Haushaltsaufgaben an und genie\u00dfen Sie entspannende Augenblicke in der Barlounge, beim Billardspiel oder im Schwimmbad. Es stehen Ihnen auch ein Friseur, ein Fu\u00dfpflegedienst und weitere Serviceleistungen zur Verf\u00fcgung, um Ihnen Ihren Aufenthalt noch angenehmer zu machen.<\/p>\n<p><strong>Dynamik<\/strong><\/p>\n<p>Das Domaine de La Gracieuse bietet Ihnen eine gro\u00dfe Auswahl an Aktivit\u00e4ten im Freien sowie in der Residenz. Ein Konzert in unserem Musiksaal, ein Bouleturnier, Wassergymnastikkurse oder eine Runde Tischtennis mit einem Freund &#8211; wie auch immer Ihre Interessen gelagert sind, in unserem umfangreichen Freizeitangebot ist bestimmt das Richtige f\u00fcr Sie dabei.<\/p>\n<\/div><\/section><\/div>\n<style type=\"text\/css\" data-created_by=\"avia_inline_auto\" id=\"style-css-av-av_hr-0688d0b0b6ed2f8b057db7a8270206df\">\n#top .hr.hr-invisible.av-av_hr-0688d0b0b6ed2f8b057db7a8270206df{\nheight:50px;\n}\n<\/style>\n<div  class='hr av-av_hr-0688d0b0b6ed2f8b057db7a8270206df hr-invisible  avia-builder-el-7  el_after_av_two_third  el_before_av_hr '><span class='hr-inner '><span class=\"hr-inner-style\"><\/span><\/span><\/div><\/p>\n<div  class='hr av-av_hr-bad5bc90bcef2f12297bff634a297b07 hr-short  avia-builder-el-8  el_after_av_hr  el_before_av_hr  hr-center'><span class='hr-inner '><span class=\"hr-inner-style\"><\/span><\/span><\/div>\n\n<style type=\"text\/css\" data-created_by=\"avia_inline_auto\" id=\"style-css-av-av_hr-0688d0b0b6ed2f8b057db7a8270206df\">\n#top .hr.hr-invisible.av-av_hr-0688d0b0b6ed2f8b057db7a8270206df{\nheight:50px;\n}\n<\/style>\n<div  class='hr av-av_hr-0688d0b0b6ed2f8b057db7a8270206df hr-invisible  avia-builder-el-9  el_after_av_hr  el_before_av_one_third '><span class='hr-inner '><span class=\"hr-inner-style\"><\/span><\/span><\/div>\n<div  class='flex_column av-av_one_third-2a9015ff38129c418a3f2eafba3e9512 av_one_third  avia-builder-el-10  el_after_av_hr  el_before_av_one_third  first flex_column_div  '     ><p>\n<style type=\"text\/css\" data-created_by=\"avia_inline_auto\" id=\"style-css-av-av_image-d452ecf7358b6dc020849907d1312767\">\n.avia-image-container.av-av_image-d452ecf7358b6dc020849907d1312767 img.avia_image{\nbox-shadow:none;\n}\n.avia-image-container.av-av_image-d452ecf7358b6dc020849907d1312767 .av-image-caption-overlay-center{\ncolor:#ffffff;\n}\n<\/style>\n<div  class='avia-image-container av-av_image-d452ecf7358b6dc020849907d1312767 av-styling- av-img-linked avia-align-center  avia-builder-el-11  el_before_av_textblock  avia-builder-el-first '   itemprop=\"image\" itemscope=\"itemscope\" itemtype=\"https:\/\/schema.org\/ImageObject\" ><div class=\"avia-image-container-inner\"><div class=\"avia-image-overlay-wrap\"><a href=\"https:\/\/gracieuse.ch\/en\/the-domain\/healthcare\/\" class='avia_image '  aria-label='miniature LG exterieurs 148 G Martinez'><img alt=\"\" fetchpriority=\"high\" class='wp-image-605 avia-img-lazy-loading-not-605 avia_image ' src='https:\/\/gracieuse.ch\/wp-content\/uploads\/2015\/03\/miniature-LG-exterieurs-148-G-Martinez-300x199.jpg' alt='' title='miniature LG exterieurs 148 G Martinez'  height=\"199\" width=\"300\"  itemprop=\"thumbnailUrl\"  \/><\/a><\/div><\/div><\/div><br \/>\n<section  class='av_textblock_section av-av_textblock-0366cc7376be6c9e82a3e9cc8987b64f '   itemscope=\"itemscope\" itemtype=\"https:\/\/schema.org\/CreativeWork\" ><div class='avia_textblock'  itemprop=\"text\" ><h3 style=\"text-align: center;\"><a href=\"https:\/\/gracieuse.ch\/domaine\/\" target=\"_blank\" rel=\"noopener\">LE DOMAINE<\/a><\/h3>\n<h3 style=\"text-align: center;\"><\/h3>\n<\/div><\/section><\/p><\/div>\n\n<style type=\"text\/css\" data-created_by=\"avia_inline_auto\" id=\"style-css-av-av_one_third-2a64de42b738552fe666ca889af77e28\">\n.flex_column.av-av_one_third-2a64de42b738552fe666ca889af77e28{\nborder-radius:0px 0px 0px 0px;\npadding:0px 0px 0px 0px;\n}\n<\/style>\n<div  class='flex_column av-av_one_third-2a64de42b738552fe666ca889af77e28 av_one_third  avia-builder-el-13  el_after_av_one_third  el_before_av_one_third  flex_column_div av-zero-column-padding  '     ><p>\n<style type=\"text\/css\" data-created_by=\"avia_inline_auto\" id=\"style-css-av-av_image-887b7578bb96c201ee29821d80d91575\">\n.avia-image-container.av-av_image-887b7578bb96c201ee29821d80d91575 img.avia_image{\nbox-shadow:none;\n}\n.avia-image-container.av-av_image-887b7578bb96c201ee29821d80d91575 .av-image-caption-overlay-center{\ncolor:#ffffff;\n}\n<\/style>\n<div  class='avia-image-container av-av_image-887b7578bb96c201ee29821d80d91575 av-styling- av-img-linked avia-align-center  avia-builder-el-14  el_before_av_textblock  avia-builder-el-first '   itemprop=\"image\" itemscope=\"itemscope\" itemtype=\"https:\/\/schema.org\/ImageObject\" ><div class=\"avia-image-container-inner\"><div class=\"avia-image-overlay-wrap\"><a href=\"https:\/\/gracieuse.ch\/en\/the-domain\/healthcare\/\" class='avia_image '  aria-label='miniature La Gracieuse appartement31'><img alt=\"\" fetchpriority=\"high\" class='wp-image-596 avia-img-lazy-loading-not-596 avia_image ' src='https:\/\/gracieuse.ch\/wp-content\/uploads\/2015\/03\/miniature-La-Gracieuse-appartement31-300x199.jpg' alt='' title='miniature La Gracieuse appartement31'  height=\"199\" width=\"300\"  itemprop=\"thumbnailUrl\"  \/><\/a><\/div><\/div><\/div><br \/>\n<section  class='av_textblock_section av-av_textblock-0366cc7376be6c9e82a3e9cc8987b64f '   itemscope=\"itemscope\" itemtype=\"https:\/\/schema.org\/CreativeWork\" ><div class='avia_textblock'  itemprop=\"text\" ><h3 style=\"text-align: center;\"><a href=\"https:\/\/gracieuse.ch\/appartements\/\" target=\"_blank\" rel=\"noopener\">LES APPARTEMENTS<\/a><\/h3>\n<h3 style=\"text-align: center;\"><\/h3>\n<\/div><\/section><\/p><\/div>\n\n<style type=\"text\/css\" data-created_by=\"avia_inline_auto\" id=\"style-css-av-av_one_third-2a64de42b738552fe666ca889af77e28\">\n.flex_column.av-av_one_third-2a64de42b738552fe666ca889af77e28{\nborder-radius:0px 0px 0px 0px;\npadding:0px 0px 0px 0px;\n}\n<\/style>\n<div  class='flex_column av-av_one_third-2a64de42b738552fe666ca889af77e28 av_one_third  avia-builder-el-16  el_after_av_one_third  avia-builder-el-last  flex_column_div av-zero-column-padding  '     ><p>\n<style type=\"text\/css\" data-created_by=\"avia_inline_auto\" id=\"style-css-av-av_image-db7d966943a59c94f90e49312024fdf5\">\n.avia-image-container.av-av_image-db7d966943a59c94f90e49312024fdf5 img.avia_image{\nbox-shadow:none;\n}\n.avia-image-container.av-av_image-db7d966943a59c94f90e49312024fdf5 .av-image-caption-overlay-center{\ncolor:#ffffff;\n}\n<\/style>\n<div  class='avia-image-container av-av_image-db7d966943a59c94f90e49312024fdf5 av-styling- av-img-linked avia-align-center  avia-builder-el-17  el_before_av_textblock  avia-builder-el-first '   itemprop=\"image\" itemscope=\"itemscope\" itemtype=\"https:\/\/schema.org\/ImageObject\" ><div class=\"avia-image-container-inner\"><div class=\"avia-image-overlay-wrap\"><a href=\"https:\/\/gracieuse.ch\/en\/the-domain\/healthcare\/\" class='avia_image '  aria-label='DOCUMENTATION'><img alt=\"\" fetchpriority=\"high\" class='wp-image-1108 avia-img-lazy-loading-not-1108 avia_image ' src='https:\/\/gracieuse.ch\/wp-content\/uploads\/2015\/05\/Documentation-300x212.jpg' alt='' title='DOCUMENTATION'  height=\"212\" width=\"300\"  itemprop=\"thumbnailUrl\"  \/><\/a><\/div><\/div><\/div><br \/>\n<section  class='av_textblock_section av-av_textblock-0366cc7376be6c9e82a3e9cc8987b64f '   itemscope=\"itemscope\" itemtype=\"https:\/\/schema.org\/CreativeWork\" ><div class='avia_textblock'  itemprop=\"text\" ><h3 style=\"text-align: center;\"><a href=\"https:\/\/gracieuse.ch\/demande-de-documentation\/\" target=\"_blank\" rel=\"noopener\">DOCUMENTATION<\/a><\/h3>\n<h3 style=\"text-align: center;\"><\/h3>\n<\/div><\/section><\/p><\/div>\n","protected":false},"excerpt":{"rendered":"","protected":false},"author":2,"featured_media":0,"parent":1106,"menu_order":0,"comment_status":"open","ping_status":"open","template":"","meta":{"_seopress_robots_primary_cat":"","_seopress_titles_title":"","_seopress_titles_desc":"","_seopress_robots_index":"","footnotes":""},"class_list":["post-1360","page","type-page","status-publish","hentry"],"_links":{"self":[{"href":"https:\/\/gracieuse.ch\/de\/wp-json\/wp\/v2\/pages\/1360","targetHints":{"allow":["GET"]}}],"collection":[{"href":"https:\/\/gracieuse.ch\/de\/wp-json\/wp\/v2\/pages"}],"about":[{"href":"https:\/\/gracieuse.ch\/de\/wp-json\/wp\/v2\/types\/page"}],"author":[{"embeddable":true,"href":"https:\/\/gracieuse.ch\/de\/wp-json\/wp\/v2\/users\/2"}],"replies":[{"embeddable":true,"href":"https:\/\/gracieuse.ch\/de\/wp-json\/wp\/v2\/comments?post=1360"}],"version-history":[{"count":1,"href":"https:\/\/gracieuse.ch\/de\/wp-json\/wp\/v2\/pages\/1360\/revisions"}],"predecessor-version":[{"id":1361,"href":"https:\/\/gracieuse.ch\/de\/wp-json\/wp\/v2\/pages\/1360\/revisions\/1361"}],"up":[{"embeddable":true,"href":"https:\/\/gracieuse.ch\/de\/wp-json\/wp\/v2\/pages\/1106"}],"wp:attachment":[{"href":"https:\/\/gracieuse.ch\/de\/wp-json\/wp\/v2\/media?parent=1360"}],"curies":[{"name":"wp","href":"https:\/\/api.w.org\/{rel}","templated":true}]}}