{"id":1150,"date":"2015-03-26T09:53:32","date_gmt":"2015-03-26T08:53:32","guid":{"rendered":"https:\/\/gracieuse.ch\/contact-2\/"},"modified":"2026-02-05T16:21:26","modified_gmt":"2026-02-05T15:21:26","slug":"contact","status":"publish","type":"page","link":"https:\/\/gracieuse.ch\/de\/contact\/","title":{"rendered":"Contact"},"content":{"rendered":"<div id='layer_slider_1'  class='avia-layerslider main_color avia-shadow  avia-builder-el-0  el_before_av_textblock  avia-builder-el-first  container_wrap sidebar_right'  style='height: 401px;'  ><\/div><div id='after_layer_slider_1'  class='main_color av_default_container_wrap container_wrap sidebar_right'  ><div class='container av-section-cont-open' ><div class='template-page content  av-content-small alpha units'><div class='post-entry post-entry-type-page post-entry-1150'><div class='entry-content-wrapper clearfix'>\n<section  class='av_textblock_section av-8s2ae-5d05b0a78e99fd2a164c25a8c81dc38b '   itemscope=\"itemscope\" itemtype=\"https:\/\/schema.org\/CreativeWork\" ><div class='avia_textblock'  itemprop=\"text\" ><h1 style=\"text-align: center;\">Contact<\/h1>\n<\/div><\/section>\n<div  class='hr av-8b1mu-ae8e31714a8f734c24014f80d96d6777 hr-short  avia-builder-el-2  el_after_av_textblock  el_before_av_one_full  hr-center'><span class='hr-inner '><span class=\"hr-inner-style\"><\/span><\/span><\/div>\n<div  class='flex_column av-7ofz6-826e83ff9dd360ced682717a2da1650a av_one_full  avia-builder-el-3  el_after_av_hr  el_before_av_two_third  first flex_column_div  '     ><section  class='av_textblock_section av-6rtd2-52c72d7f255dda5031b1965c68d8f839 '   itemscope=\"itemscope\" itemtype=\"https:\/\/schema.org\/CreativeWork\" ><div class='avia_textblock'  itemprop=\"text\" ><p style=\"text-align: center;\">Si vous souhaitez obtenir une documentation compl\u00e8te, merci d&#8217;en faire la demande <a href=\"https:\/\/gracieuse.ch\/demande-de-documentation\/\">via la page pr\u00e9vue \u00e0 cet effet<\/a> !<\/p>\n<\/div><\/section><\/div><div  class='flex_column av-68oea-3724c27945fc95da76165d8d3e952562 av_two_third  avia-builder-el-5  el_after_av_one_full  el_before_av_one_third  first flex_column_div  column-top-margin'     ><section  class='av_textblock_section av-5veru-a61498be568794df7a111f35d0f72680 '   itemscope=\"itemscope\" itemtype=\"https:\/\/schema.org\/CreativeWork\" ><div class='avia_textblock'  itemprop=\"text\" >\n<div class=\"wpcf7 no-js\" id=\"wpcf7-f128-o1\" lang=\"fr-FR\" dir=\"ltr\" data-wpcf7-id=\"128\">\n<div class=\"screen-reader-response\"><p role=\"status\" aria-live=\"polite\" aria-atomic=\"true\"><\/p> <ul><\/ul><\/div>\n<form action=\"\/de\/wp-json\/wp\/v2\/pages\/1150#wpcf7-f128-o1\" method=\"post\" class=\"wpcf7-form init\" aria-label=\"Formulaire de contact\" novalidate=\"novalidate\" data-status=\"init\">\n<fieldset class=\"hidden-fields-container\"><input type=\"hidden\" name=\"_wpcf7\" value=\"128\" \/><input type=\"hidden\" name=\"_wpcf7_version\" value=\"6.1.5\" \/><input type=\"hidden\" name=\"_wpcf7_locale\" value=\"fr_FR\" \/><input type=\"hidden\" name=\"_wpcf7_unit_tag\" value=\"wpcf7-f128-o1\" \/><input type=\"hidden\" name=\"_wpcf7_container_post\" value=\"0\" \/><input type=\"hidden\" name=\"_wpcf7_posted_data_hash\" value=\"\" \/><input type=\"hidden\" name=\"_wpcf7dtx_version\" value=\"5.0.5\" \/>\n<\/fieldset>\n<div class=\"flex_column av_one_half first\">\n\t<p>Nom*<br \/>\n<span class=\"wpcf7-form-control-wrap\" data-name=\"nom\"><input size=\"40\" maxlength=\"400\" class=\"wpcf7-form-control wpcf7-text wpcf7-validates-as-required\" aria-required=\"true\" aria-invalid=\"false\" value=\"\" type=\"text\" name=\"nom\" \/><\/span>\n\t<\/p>\n<\/div>\n<div class=\"flex_column av_one_half\">\n\t<p>Pr\u00e9nom*<br \/>\n<span class=\"wpcf7-form-control-wrap\" data-name=\"prenom\"><input size=\"40\" maxlength=\"400\" class=\"wpcf7-form-control wpcf7-text wpcf7-validates-as-required\" aria-required=\"true\" aria-invalid=\"false\" value=\"\" type=\"text\" name=\"prenom\" \/><\/span>\n\t<\/p>\n<\/div>\n<div class=\"flex_column av_one_half first\">\n\t<p>T\u00e9l\u00e9phone<br \/>\n<span class=\"wpcf7-form-control-wrap\" data-name=\"telephone\"><input size=\"40\" maxlength=\"400\" class=\"wpcf7-form-control wpcf7-tel wpcf7-text wpcf7-validates-as-tel\" aria-invalid=\"false\" value=\"\" type=\"tel\" name=\"telephone\" \/><\/span>\n\t<\/p>\n<\/div>\n<div class=\"flex_column av_one_half\">\n\t<p>E-mail*<br \/>\n<span class=\"wpcf7-form-control-wrap\" data-name=\"emailaddress\"><input size=\"40\" maxlength=\"400\" class=\"wpcf7-form-control wpcf7-email wpcf7-validates-as-required wpcf7-text wpcf7-validates-as-email\" aria-required=\"true\" aria-invalid=\"false\" value=\"\" type=\"email\" name=\"emailaddress\" \/><\/span>\n\t<\/p>\n<\/div>\n<div class=\"flex_column av_one_half first\">\n\t<p>Adresse<br \/>\n<span class=\"wpcf7-form-control-wrap\" data-name=\"adresse\"><input size=\"40\" maxlength=\"400\" class=\"wpcf7-form-control wpcf7-text\" aria-invalid=\"false\" value=\"\" type=\"text\" name=\"adresse\" \/><\/span>\n\t<\/p>\n<\/div>\n<div class=\"flex_column av_one_half\">\n\t<p>NPA - Ville<br \/>\n<span class=\"wpcf7-form-control-wrap\" data-name=\"ville\"><input size=\"40\" maxlength=\"400\" class=\"wpcf7-form-control wpcf7-text\" aria-invalid=\"false\" value=\"\" type=\"text\" name=\"ville\" \/><\/span>\n\t<\/p>\n<\/div>\n<div class=\"flex_column av_one_half first\">\n\t<p>Sujet<br \/>\n<span class=\"wpcf7-form-control-wrap\" data-name=\"sujet\"><input size=\"40\" maxlength=\"400\" class=\"wpcf7-form-control wpcf7-text\" aria-invalid=\"false\" value=\"\" type=\"text\" name=\"sujet\" \/><\/span>\n\t<\/p>\n<\/div>\n<div class=\"flex_column av_one_full first\">\n\t<p>Message*<br \/>\n<span class=\"wpcf7-form-control-wrap\" data-name=\"message\"><textarea cols=\"40\" rows=\"10\" maxlength=\"2000\" class=\"wpcf7-form-control wpcf7-textarea wpcf7-validates-as-required\" aria-required=\"true\" aria-invalid=\"false\" name=\"message\"><\/textarea><\/span>\n\t<\/p>\n<\/div>\n<div class=\"flex_column av_one_half first\">\n\t<p><input type=\"hidden\" name=\"contact_form_7_recaptcha\" value=\"g-recaptcha-P272zBcvA0igub3\" class=\"g-recaptcha-explicit-id\"><div id=\"g-recaptcha-P272zBcvA0igub3\"><\/div><span class=\"wpcf7-form-control-wrap g-recaptcha-explicit\" data-sitekey=\"6Lf8rPwpAAAAAAba8LyioNJF15hu_vP9IrtO2ZBJ\"><\/span>\n\t<\/p>\n<\/div>\n<div class=\"flex_column av_one_full first\">\n\t<p><span class=\"wpcf7-form-control-wrap\" data-name=\"checkbox-722\"><span class=\"wpcf7-form-control wpcf7-acceptance\"><span class=\"wpcf7-list-item\"><input type=\"checkbox\" name=\"checkbox-722\" value=\"1\" aria-invalid=\"false\" \/><\/span><\/span><\/span> En soumettant ce formulaire, j'accepte que les informations saisies dans ce formulaire soient utilis\u00e9es pour permettre de me recontacter. J\u2019affirme avoir pris connaissance de notre <a href=\"https:\/\/gracieuse.ch\/conditions-generales-dutilisation\/\" target=\"_blank\" rel=\"noopener\">politique de confidentialit\u00e9<\/a>.\n\t<\/p>\n<\/div>\n<div class=\"flex_column av_one_half first\">\n\t<p><input class=\"wpcf7-form-control wpcf7-submit has-spinner\" type=\"submit\" value=\"Envoyer\" \/>\n\t<\/p>\n<\/div>\n<div class=\"flex_column av_one_full\" style=\"margin-top:20px;\">\n\t<p><small style=\"font-size:11px; line-height:1.5; color:#888; text-align:left; display:block;\">(1) Les destinataires de vos donn\u00e9es sont le personnel habilit\u00e9 par EMERA EXPLOITATIONS. (2) Nous conservons vos donn\u00e9es pendant une dur\u00e9e n\u2019exc\u00e9dant pas celle n\u00e9cessaire aux fins pour lesquelles elles ont \u00e9t\u00e9 collect\u00e9es (3) Vous b\u00e9n\u00e9ficiez d\u2019un droit d\u2019acc\u00e8s, de rectification, de suppression et de portabilit\u00e9 des donn\u00e9es personnelles vous concernant. Vous pouvez \u00e9galement pr\u00e9voir des dispositions post-mortem sur vos donn\u00e9es, demander la limitation du traitement ainsi que retirer votre consentement \u00e0 tout moment. (4) Vous pouvez exercer ces droits par voie postale : EMERA EXPLOITATIONS - D\u00e9partement protection des donn\u00e9es \u2013 45 All\u00e9e des Ormes, Espace Park B, CS 12100, 06254 MOUGINS ; ou par courriel \u00e0 donneespersonnelles@emera.fr. Vous avez la possibilit\u00e9 d\u2019introduire une r\u00e9clamation aupr\u00e8s d\u2019une autorit\u00e9 de contr\u00f4le.<\/small>\n\t<\/p>\n<\/div><div class=\"wpcf7-response-output\" aria-hidden=\"true\"><\/div>\n<\/form>\n<\/div>\n\n<\/div><\/section><\/div><\/p>\n<div  class='flex_column av-5c9kq-9b74f2f1c8c6310d19c6fdfa7fc12495 av_one_third  avia-builder-el-7  el_after_av_two_third  avia-builder-el-last  flex_column_div  column-top-margin'     ><p>\n<style type=\"text\/css\" data-created_by=\"avia_inline_auto\" id=\"style-css-av-4qeoy-eab83882d4acf3a038382098a03aa14d\">\n#top .hr.hr-invisible.av-4qeoy-eab83882d4acf3a038382098a03aa14d{\nheight:35px;\n}\n<\/style>\n<div  class='hr av-4qeoy-eab83882d4acf3a038382098a03aa14d hr-invisible  avia-builder-el-8  el_before_av_image  avia-builder-el-first '><span class='hr-inner '><span class=\"hr-inner-style\"><\/span><\/span><\/div><br \/>\n\n<style type=\"text\/css\" data-created_by=\"avia_inline_auto\" id=\"style-css-av-40o2m-c8524bbfce096e79bafa4d000456dd15\">\n.avia-image-container.av-40o2m-c8524bbfce096e79bafa4d000456dd15 img.avia_image{\nbox-shadow:none;\n}\n.avia-image-container.av-40o2m-c8524bbfce096e79bafa4d000456dd15 .av-image-caption-overlay-center{\ncolor:#ffffff;\n}\n<\/style>\n<div  class='avia-image-container av-40o2m-c8524bbfce096e79bafa4d000456dd15 av-styling- av-img-linked avia-align-center  avia-builder-el-9  el_after_av_hr  el_before_av_textblock '   itemprop=\"image\" itemscope=\"itemscope\" itemtype=\"https:\/\/schema.org\/ImageObject\" ><div class=\"avia-image-container-inner\"><div class=\"avia-image-overlay-wrap\"><a href=\"https:\/\/gracieuse.ch\/contact\/\" class='avia_image '  aria-label='contact-logo'><img alt=\"\" fetchpriority=\"high\" class='wp-image-1154 avia-img-lazy-loading-not-1154 avia_image ' src='https:\/\/gracieuse.ch\/wp-content\/uploads\/2015\/03\/contact-logo-495x400.jpg' alt='' title='contact-logo'  height=\"400\" width=\"495\"  itemprop=\"thumbnailUrl\"  \/><\/a><\/div><\/div><\/div><br \/>\n<section  class='av_textblock_section av-3ckxy-09608ef839dd70c338f6f095f1cfd04b '   itemscope=\"itemscope\" itemtype=\"https:\/\/schema.org\/CreativeWork\" ><div class='avia_textblock'  itemprop=\"text\" ><\/div><\/section><br \/>\n<section  class='av_textblock_section av-2i7ci-f1e42056c8ff81842e1c5e9ee3f2bed6 '   itemscope=\"itemscope\" itemtype=\"https:\/\/schema.org\/CreativeWork\" ><div class='avia_textblock'  itemprop=\"text\" ><p style=\"text-align: center;\"><strong>Domaine de la Gracieuse<\/strong><br \/>\nChemin des Vignes 14<br \/>\n1027 Lonay<\/p>\n<p style=\"text-align: center;\">Pour contacter la r\u00e9ception de la r\u00e9sidence h\u00f4teli\u00e8re : +41 21 804 51 51.<\/p>\n<p style=\"text-align: center;\">Pour contacter la r\u00e9ception de l&#8217;unit\u00e9 de soins : +41 21 545 58 40.<\/p>\n<p style=\"text-align: center;\">Pour tout renseignement sur la r\u00e9sidence h\u00f4teli\u00e8re ou l&#8217;unit\u00e9 de soins, contacter le\u00a0 +41 21 804 51 51 et demander Joanna CESAR.<\/p>\n<\/div><\/section><\/p><\/div>\n","protected":false},"excerpt":{"rendered":"","protected":false},"author":2,"featured_media":0,"parent":0,"menu_order":0,"comment_status":"open","ping_status":"open","template":"","meta":{"_seopress_robots_primary_cat":"","_seopress_titles_title":"","_seopress_titles_desc":"","_seopress_robots_index":"","footnotes":""},"class_list":["post-1150","page","type-page","status-publish","hentry"],"_links":{"self":[{"href":"https:\/\/gracieuse.ch\/de\/wp-json\/wp\/v2\/pages\/1150","targetHints":{"allow":["GET"]}}],"collection":[{"href":"https:\/\/gracieuse.ch\/de\/wp-json\/wp\/v2\/pages"}],"about":[{"href":"https:\/\/gracieuse.ch\/de\/wp-json\/wp\/v2\/types\/page"}],"author":[{"embeddable":true,"href":"https:\/\/gracieuse.ch\/de\/wp-json\/wp\/v2\/users\/2"}],"replies":[{"embeddable":true,"href":"https:\/\/gracieuse.ch\/de\/wp-json\/wp\/v2\/comments?post=1150"}],"version-history":[{"count":12,"href":"https:\/\/gracieuse.ch\/de\/wp-json\/wp\/v2\/pages\/1150\/revisions"}],"predecessor-version":[{"id":2838,"href":"https:\/\/gracieuse.ch\/de\/wp-json\/wp\/v2\/pages\/1150\/revisions\/2838"}],"wp:attachment":[{"href":"https:\/\/gracieuse.ch\/de\/wp-json\/wp\/v2\/media?parent=1150"}],"curies":[{"name":"wp","href":"https:\/\/api.w.org\/{rel}","templated":true}]}}