{"id":1127,"date":"2015-03-26T09:52:33","date_gmt":"2015-03-26T08:52:33","guid":{"rendered":"https:\/\/gracieuse.ch\/loisirs-2\/"},"modified":"2024-11-04T11:35:42","modified_gmt":"2024-11-04T10:35:42","slug":"loisirs","status":"publish","type":"page","link":"https:\/\/gracieuse.ch\/de\/loisirs\/","title":{"rendered":"Freizeit"},"content":{"rendered":"<div id='layer_slider_1'  class='avia-layerslider main_color avia-shadow  avia-builder-el-0  el_before_av_textblock  avia-builder-el-first  container_wrap sidebar_right'  style='height: 401px;'  ><\/div><div id='after_layer_slider_1'  class='main_color av_default_container_wrap container_wrap sidebar_right'  ><div class='container av-section-cont-open' ><div class='template-page content  av-content-small alpha units'><div class='post-entry post-entry-type-page post-entry-1127'><div class='entry-content-wrapper clearfix'>\n<section  class='av_textblock_section av-443iw-f783367068e23444e0e147ce6cdf3a92 '   itemscope=\"itemscope\" itemtype=\"https:\/\/schema.org\/CreativeWork\" ><div class='avia_textblock'  itemprop=\"text\" ><h2 id=\"tw-target-text\" class=\"tw-data-text tw-ta tw-text-large\" dir=\"ltr\" style=\"text-align: center;\" data-placeholder=\"Traduction\" data-mce-style=\"text-align: center;\">Freizeit<\/h2>\n<\/div><\/section>\n<div  class='hr av-3h858-77cc1634db1891c464275a0d1f2a431c hr-short  avia-builder-el-2  el_after_av_textblock  el_before_av_one_third  hr-center'><span class='hr-inner '><span class=\"hr-inner-style\"><\/span><\/span><\/div>\n<div  class='flex_column av-2ho7g-769949648b032cb0068b3b898d18239a av_one_third  avia-builder-el-3  el_after_av_hr  el_before_av_two_third  first flex_column_div  '     ><style type=\"text\/css\" data-created_by=\"avia_inline_auto\" id=\"style-css-av-22pxo-86eff94a43f78e7f25c9d5770e7a75d9\">\n#top .avia-gallery.av-22pxo-86eff94a43f78e7f25c9d5770e7a75d9 .avia-gallery-thumb a{\nwidth:25%;\n}\n<\/style>\n<div  class='avia-gallery av-22pxo-86eff94a43f78e7f25c9d5770e7a75d9 avia_animate_when_visible  avia-builder-el-4  avia-builder-el-no-sibling  avia_lazyload av-slideshow-ui av-loop-manual-endless av-control-hidden av-navigate-arrows hover-effect av-control-hidden avia-gallery-animate avia-gallery-1'  itemprop=\"image\" itemscope=\"itemscope\" itemtype=\"https:\/\/schema.org\/ImageObject\" ><meta itemprop=\"contentURL\" content=\"https:\/\/gracieuse.ch\/de\/loisirs\/\"><a class='avia-gallery-big fakeLightbox lightbox avia-gallery-big-crop-thumb ' href=\"https:\/\/gracieuse.ch\/wp-content\/uploads\/2024\/10\/Domaine-de-la-Gracieuse-1868-Modifier-web-1030x687.jpg\"  data-onclick='1' title='Domaine de la Gracieuse-1868-Modifier-web' ><span class='avia-gallery-big-inner'  itemprop=\"thumbnailUrl\" ><img alt=\"\" fetchpriority=\"high\" class=\"wp-image-1988 avia-img-lazy-loading-not-1988\"  width='495' height='400' src='https:\/\/gracieuse.ch\/wp-content\/uploads\/2024\/10\/Domaine-de-la-Gracieuse-1868-Modifier-web-495x400.jpg' title='Domaine de la Gracieuse-1868-Modifier-web' alt='' \/><\/span><\/a><div class='avia-gallery-thumb'><a href=\"https:\/\/gracieuse.ch\/wp-content\/uploads\/2024\/10\/Domaine-de-la-Gracieuse-1868-Modifier-web-1030x687.jpg\" data-rel='gallery-1' data-prev-img='https:\/\/gracieuse.ch\/wp-content\/uploads\/2024\/10\/Domaine-de-la-Gracieuse-1868-Modifier-web-495x400.jpg' class='first_thumb lightbox ' data-onclick='1' title='Domaine de la Gracieuse-1868-Modifier-web'  itemprop=\"thumbnailUrl\"  ><img alt=\"\" fetchpriority=\"high\" class=\"wp-image-1988 avia-img-lazy-loading-not-1988\"   src='https:\/\/gracieuse.ch\/wp-content\/uploads\/2024\/10\/Domaine-de-la-Gracieuse-1868-Modifier-web-180x180.jpg' width='180' height='180'  title='Domaine de la Gracieuse-1868-Modifier-web' alt='' \/><div class='big-prev-fake'><img alt=\"\" loading=\"lazy\" class=\"wp-image-1988 avia-img-lazy-loading-1988\"  width='495' height='400' src='https:\/\/gracieuse.ch\/wp-content\/uploads\/2024\/10\/Domaine-de-la-Gracieuse-1868-Modifier-web-495x400.jpg' title='Domaine de la Gracieuse-1868-Modifier-web' alt='' \/><\/div><\/a><a href=\"https:\/\/gracieuse.ch\/wp-content\/uploads\/2024\/10\/Domaine-de-la-Gracieuse-1919-Modifier-web-1030x687.jpg\" data-rel='gallery-1' data-prev-img='https:\/\/gracieuse.ch\/wp-content\/uploads\/2024\/10\/Domaine-de-la-Gracieuse-1919-Modifier-web-495x400.jpg' class='lightbox ' data-onclick='2' title='Domaine de la Gracieuse-1919-Modifier-web'  itemprop=\"thumbnailUrl\"  ><img alt=\"\" fetchpriority=\"high\" class=\"wp-image-1992 avia-img-lazy-loading-not-1992\"   src='https:\/\/gracieuse.ch\/wp-content\/uploads\/2024\/10\/Domaine-de-la-Gracieuse-1919-Modifier-web-180x180.jpg' width='180' height='180'  title='Domaine de la Gracieuse-1919-Modifier-web' alt='' \/><div class='big-prev-fake'><img alt=\"\" loading=\"lazy\" class=\"wp-image-1992 avia-img-lazy-loading-1992\"  width='495' height='400' src='https:\/\/gracieuse.ch\/wp-content\/uploads\/2024\/10\/Domaine-de-la-Gracieuse-1919-Modifier-web-495x400.jpg' title='Domaine de la Gracieuse-1919-Modifier-web' alt='' \/><\/div><\/a><a href=\"https:\/\/gracieuse.ch\/wp-content\/uploads\/2015\/03\/GMartinez056-684x1030.jpg\" data-rel='gallery-1' data-prev-img='https:\/\/gracieuse.ch\/wp-content\/uploads\/2015\/03\/GMartinez056-495x400.jpg' class='lightbox ' data-onclick='3' title='GMartinez056'  itemprop=\"thumbnailUrl\"  ><img alt=\"\" fetchpriority=\"high\" class=\"wp-image-1129 avia-img-lazy-loading-not-1129\"   src='https:\/\/gracieuse.ch\/wp-content\/uploads\/2015\/03\/GMartinez056-180x180.jpg' width='180' height='180'  title='GMartinez056' alt='' \/><div class='big-prev-fake'><img alt=\"\" loading=\"lazy\" class=\"wp-image-1129 avia-img-lazy-loading-1129\"  width='495' height='400' src='https:\/\/gracieuse.ch\/wp-content\/uploads\/2015\/03\/GMartinez056-495x400.jpg' title='GMartinez056' alt='' \/><\/div><\/a><a href=\"https:\/\/gracieuse.ch\/wp-content\/uploads\/2024\/10\/Domaine-de-la-Gracieuse-1934-Modifier-web-1030x687.jpg\" data-rel='gallery-1' data-prev-img='https:\/\/gracieuse.ch\/wp-content\/uploads\/2024\/10\/Domaine-de-la-Gracieuse-1934-Modifier-web-495x400.jpg' class='lightbox ' data-onclick='4' title='Domaine de la Gracieuse-1934-Modifier-web'  itemprop=\"thumbnailUrl\"  ><img alt=\"\" fetchpriority=\"high\" class=\"wp-image-1996 avia-img-lazy-loading-not-1996\"   src='https:\/\/gracieuse.ch\/wp-content\/uploads\/2024\/10\/Domaine-de-la-Gracieuse-1934-Modifier-web-180x180.jpg' width='180' height='180'  title='Domaine de la Gracieuse-1934-Modifier-web' alt='' \/><div class='big-prev-fake'><img alt=\"\" loading=\"lazy\" class=\"wp-image-1996 avia-img-lazy-loading-1996\"  width='495' height='400' src='https:\/\/gracieuse.ch\/wp-content\/uploads\/2024\/10\/Domaine-de-la-Gracieuse-1934-Modifier-web-495x400.jpg' title='Domaine de la Gracieuse-1934-Modifier-web' alt='' \/><\/div><\/a><a href=\"https:\/\/gracieuse.ch\/wp-content\/uploads\/2015\/03\/GMartinez060-1030x684.jpg\" data-rel='gallery-1' data-prev-img='https:\/\/gracieuse.ch\/wp-content\/uploads\/2015\/03\/GMartinez060-495x400.jpg' class='first_thumb lightbox ' data-onclick='5' title='GMartinez060'  itemprop=\"thumbnailUrl\"  ><img alt=\"\" fetchpriority=\"high\" class=\"wp-image-1133 avia-img-lazy-loading-not-1133\"   src='https:\/\/gracieuse.ch\/wp-content\/uploads\/2015\/03\/GMartinez060-180x180.jpg' width='180' height='180'  title='GMartinez060' alt='' \/><div class='big-prev-fake'><img alt=\"\" loading=\"lazy\" class=\"wp-image-1133 avia-img-lazy-loading-1133\"  width='495' height='400' src='https:\/\/gracieuse.ch\/wp-content\/uploads\/2015\/03\/GMartinez060-495x400.jpg' title='GMartinez060' alt='' \/><\/div><\/a><a href=\"https:\/\/gracieuse.ch\/wp-content\/uploads\/2015\/03\/GMartinez063-1030x684.jpg\" data-rel='gallery-1' data-prev-img='https:\/\/gracieuse.ch\/wp-content\/uploads\/2015\/03\/GMartinez063-495x400.jpg' class='lightbox ' data-onclick='6' title='GMartinez063'  itemprop=\"thumbnailUrl\"  ><img alt=\"\" fetchpriority=\"high\" class=\"wp-image-1136 avia-img-lazy-loading-not-1136\"   src='https:\/\/gracieuse.ch\/wp-content\/uploads\/2015\/03\/GMartinez063-180x180.jpg' width='180' height='180'  title='GMartinez063' alt='' \/><div class='big-prev-fake'><img alt=\"\" loading=\"lazy\" class=\"wp-image-1136 avia-img-lazy-loading-1136\"  width='495' height='400' src='https:\/\/gracieuse.ch\/wp-content\/uploads\/2015\/03\/GMartinez063-495x400.jpg' title='GMartinez063' alt='' \/><\/div><\/a><a href=\"https:\/\/gracieuse.ch\/wp-content\/uploads\/2015\/03\/GMartinez065-684x1030.jpg\" data-rel='gallery-1' data-prev-img='https:\/\/gracieuse.ch\/wp-content\/uploads\/2015\/03\/GMartinez065-495x400.jpg' class='lightbox ' data-onclick='7' title='GMartinez065'  itemprop=\"thumbnailUrl\"  ><img alt=\"\" fetchpriority=\"high\" class=\"wp-image-1138 avia-img-lazy-loading-not-1138\"   src='https:\/\/gracieuse.ch\/wp-content\/uploads\/2015\/03\/GMartinez065-180x180.jpg' width='180' height='180'  title='GMartinez065' alt='' \/><div class='big-prev-fake'><img alt=\"\" loading=\"lazy\" class=\"wp-image-1138 avia-img-lazy-loading-1138\"  width='495' height='400' src='https:\/\/gracieuse.ch\/wp-content\/uploads\/2015\/03\/GMartinez065-495x400.jpg' title='GMartinez065' alt='' \/><\/div><\/a><a href=\"https:\/\/gracieuse.ch\/wp-content\/uploads\/2024\/10\/Domaine-de-la-Gracieuse-1943-Modifier-web-1030x687.jpg\" data-rel='gallery-1' data-prev-img='https:\/\/gracieuse.ch\/wp-content\/uploads\/2024\/10\/Domaine-de-la-Gracieuse-1943-Modifier-web-495x400.jpg' class='lightbox ' data-onclick='8' title='Domaine de la Gracieuse-1943-Modifier-web'  itemprop=\"thumbnailUrl\"  ><img alt=\"\" fetchpriority=\"high\" class=\"wp-image-2000 avia-img-lazy-loading-not-2000\"   src='https:\/\/gracieuse.ch\/wp-content\/uploads\/2024\/10\/Domaine-de-la-Gracieuse-1943-Modifier-web-180x180.jpg' width='180' height='180'  title='Domaine de la Gracieuse-1943-Modifier-web' alt='' \/><div class='big-prev-fake'><img alt=\"\" loading=\"lazy\" class=\"wp-image-2000 avia-img-lazy-loading-2000\"  width='495' height='400' src='https:\/\/gracieuse.ch\/wp-content\/uploads\/2024\/10\/Domaine-de-la-Gracieuse-1943-Modifier-web-495x400.jpg' title='Domaine de la Gracieuse-1943-Modifier-web' alt='' \/><\/div><\/a><\/div><\/div><\/div>\n<style type=\"text\/css\" data-created_by=\"avia_inline_auto\" id=\"style-css-av-1agyk-e90bf27edbc717e8c436943bb3e74060\">\n.flex_column.av-1agyk-e90bf27edbc717e8c436943bb3e74060{\nborder-radius:0px 0px 0px 0px;\npadding:0px 0px 0px 0px;\n}\n<\/style>\n<div  class='flex_column av-1agyk-e90bf27edbc717e8c436943bb3e74060 av_two_third  avia-builder-el-5  el_after_av_one_third  avia-builder-el-last  flex_column_div av-zero-column-padding  '     ><section  class='av_textblock_section av-u128-9ed940fac787281831cc8e088ec0a661 '   itemscope=\"itemscope\" itemtype=\"https:\/\/schema.org\/CreativeWork\" ><div class='avia_textblock'  itemprop=\"text\" ><p><strong>Eine gro\u00dfe Auswahl an Aktivit\u00e4ten<\/strong><\/p>\n<p>Neben den Hoteldienstleistungen bietet das Anwesen eine gro\u00dfe Auswahl an kulturellen, sportlichen und spielerischen Aktivit\u00e4ten in seinen gro\u00dfen und angenehmen Gemeinschaftsbereichen.<\/p>\n<p>Schwimmbad, Auditorium, Bibliothek, Billardraum, Bouleplatz und Putting-Green erm\u00f6glichen es den Bewohnern, soziale Kontakte zu kn\u00fcpfen und neue Freundschaften zu schmieden.<\/p>\n<p>Die drei Restaurants der Einrichtung bieten eine raffinierte und geschmacklich berauschende K\u00fcche, wobei sie auf den Geschmack, die Ern\u00e4hrung und die Gesundheit jedes einzelnen Bewohners eingehen. Insbesondere das Restaurant Drakkar bietet einen au\u00dfergew\u00f6hnlichen Blick auf den See und den Mont Blanc und erm\u00f6glicht es den G\u00e4sten, einzigartige Momente mit ihren Angeh\u00f6rigen und Besuchern zu genie\u00dfen.<\/p>\n<\/div><\/section><\/div><\/p>\n","protected":false},"excerpt":{"rendered":"","protected":false},"author":2,"featured_media":0,"parent":0,"menu_order":0,"comment_status":"open","ping_status":"closed","template":"","meta":{"_seopress_robots_primary_cat":"","_seopress_titles_title":"","_seopress_titles_desc":"","_seopress_robots_index":"","footnotes":""},"class_list":["post-1127","page","type-page","status-publish","hentry"],"_links":{"self":[{"href":"https:\/\/gracieuse.ch\/de\/wp-json\/wp\/v2\/pages\/1127","targetHints":{"allow":["GET"]}}],"collection":[{"href":"https:\/\/gracieuse.ch\/de\/wp-json\/wp\/v2\/pages"}],"about":[{"href":"https:\/\/gracieuse.ch\/de\/wp-json\/wp\/v2\/types\/page"}],"author":[{"embeddable":true,"href":"https:\/\/gracieuse.ch\/de\/wp-json\/wp\/v2\/users\/2"}],"replies":[{"embeddable":true,"href":"https:\/\/gracieuse.ch\/de\/wp-json\/wp\/v2\/comments?post=1127"}],"version-history":[{"count":22,"href":"https:\/\/gracieuse.ch\/de\/wp-json\/wp\/v2\/pages\/1127\/revisions"}],"predecessor-version":[{"id":2589,"href":"https:\/\/gracieuse.ch\/de\/wp-json\/wp\/v2\/pages\/1127\/revisions\/2589"}],"wp:attachment":[{"href":"https:\/\/gracieuse.ch\/de\/wp-json\/wp\/v2\/media?parent=1127"}],"curies":[{"name":"wp","href":"https:\/\/api.w.org\/{rel}","templated":true}]}}