{"id":1120,"date":"2015-04-21T08:31:54","date_gmt":"2015-03-26T08:51:32","guid":{"rendered":"https:\/\/gracieuse.ch\/domaine\/soins\/"},"modified":"2024-11-04T14:00:38","modified_gmt":"2024-11-04T13:00:38","slug":"soins","status":"publish","type":"page","link":"https:\/\/gracieuse.ch\/de\/domaine\/soins\/","title":{"rendered":"Pflege"},"content":{"rendered":"<div id='layer_slider_1'  class='avia-layerslider main_color avia-shadow  avia-builder-el-0  el_before_av_textblock  avia-builder-el-first  container_wrap sidebar_right'  style='height: 401px;'  ><\/div><div id='after_layer_slider_1'  class='main_color av_default_container_wrap container_wrap sidebar_right'  ><div class='container av-section-cont-open' ><div class='template-page content  av-content-small alpha units'><div class='post-entry post-entry-type-page post-entry-1120'><div class='entry-content-wrapper clearfix'>\n<section  class='av_textblock_section av-3mz5jk-9130e6a1d46daa542e416fb1baf23c19 '   itemscope=\"itemscope\" itemtype=\"https:\/\/schema.org\/CreativeWork\" ><div class='avia_textblock'  itemprop=\"text\" ><h1 style=\"text-align: center;\" data-mce-style=\"text-align: center;\">PFLEGE<\/h1>\n<\/div><\/section>\n\n<style type=\"text\/css\" data-created_by=\"avia_inline_auto\" id=\"style-css-av-2oyqu8-bf139b1f6ac1127ccb5c52768c57f5a5\">\n.flex_column.av-2oyqu8-bf139b1f6ac1127ccb5c52768c57f5a5{\nborder-radius:0px 0px 0px 0px;\npadding:0px 0px 0px 0px;\n}\n<\/style>\n<div  class='flex_column av-2oyqu8-bf139b1f6ac1127ccb5c52768c57f5a5 av_one_full  avia-builder-el-2  el_after_av_textblock  el_before_av_gallery  first flex_column_div av-zero-column-padding  column-top-margin'     ><section  class='av_textblock_section av-2lqn20-f666272468deb8e2c384375367b4a9a4 '   itemscope=\"itemscope\" itemtype=\"https:\/\/schema.org\/CreativeWork\" ><div class='avia_textblock'  itemprop=\"text\" ><p>Bei Bedarf ist eine Krankenschwester in der Residenz anwesend, die rund um die Uhr eingreifen kann. Eine h\u00e4usliche Pflegestruktur sorgt bei Bedarf f\u00fcr Ihre Sicherheit und wird aktiviert, wenn Sie Hilfe beim Duschen, bei der Verabreichung von Medikamenten oder bei der \u00dcberwachung von Vitalparametern ben\u00f6tigen. <\/p>\n<p>Ein Team von professionellen Physiotherapeuten steht Ihnen zur Verf\u00fcgung. Ebenso stehen eine Ergotherapeutin, eine Fu\u00dfpflegerin, ein H\u00f6rger\u00e4teakustiker und ein tragbarer R\u00f6ntgendienst zur Verf\u00fcgung. Dieses Team wird von einem medizinischen Dienst beaufsichtigt, der unter der Woche im Wohnheim anwesend ist und nachts und am Wochenende angerufen werden kann. Alle medizinischen Leistungen werden von der Grundversicherung \u00fcbernommen.<\/p>\n<\/div><\/section><br \/>\n<div  class='hr av-2dcweg-76020e0b911cabcda372b5178dd19fa1 hr-short  avia-builder-el-4  el_after_av_textblock  el_before_av_textblock  hr-center'><span class='hr-inner '><span class=\"hr-inner-style\"><\/span><\/span><\/div><br \/>\n<section  class='av_textblock_section av-26h6yo-128bb28e41b4e75efd4810e35424ecee '   itemscope=\"itemscope\" itemtype=\"https:\/\/schema.org\/CreativeWork\" ><div class='avia_textblock'  itemprop=\"text\" ><p><strong>Pflegeeinheit<\/strong><\/p>\n<p>Die Pflegestation ist ein Pflegeheim, in dem pflegebed\u00fcrftige Menschen mit einem auf Wohlbefinden ausgerichteten Ansatz betreut werden. Unser engagiertes Team verbindet medizinisches Fachwissen mit dem Touch eines Hotels und setzt sich f\u00fcr eine individuelle Betreuung ein, die jedem Bewohner Komfort und Gelassenheit garantiert.<\/p>\n<p>Unsere beiden Bereiche, der psychogene und der geriatrische, sind speziell auf die unterschiedlichen Bed\u00fcrfnisse unserer Patienten zugeschnitten. Die ger\u00e4umigen und hellen Zimmer sind sorgf\u00e4ltig eingerichtet und schaffen eine Umgebung, die zum Entspannen einl\u00e4dt. Neben einer hochwertigen medizinischen Versorgung bieten wir anregende Aktivit\u00e4ten und angenehme Gemeinschaftsr\u00e4ume, die den Austausch und die soziale Bindung f\u00f6rdern. Unser Ziel ist es, einen Lebensort zu schaffen, an dem sich jeder Einzelne respektiert, wertgesch\u00e4tzt und von Wohlwollen umgeben f\u00fchlt.<\/p>\n<\/div><\/section><br \/>\n<div  class='avia-button-wrap av-m2ndkyay-67cf2cb4e931787a3df04fe99d373045-wrap avia-button-left  avia-builder-el-6  el_after_av_textblock  el_before_av_hr '><a href='https:\/\/gracieuse.ch\/domaine\/unite-de-soins\/'  class='avia-button av-m2ndkyay-67cf2cb4e931787a3df04fe99d373045 av-link-btn avia-icon_select-no avia-size-small avia-position-left avia-color-theme-color'   aria-label=\"Mehr \u00fcber die Pflegeeinheit\"><span class='avia_iconbox_title' >Mehr \u00fcber die Pflegeeinheit<\/span><\/a><\/div><br \/>\n<div  class='hr av-dnerc-bd758c998f61956e0ad954592e378645 hr-short  avia-builder-el-7  el_after_av_button  avia-builder-el-last  hr-center'><span class='hr-inner '><span class=\"hr-inner-style\"><\/span><\/span><\/div><\/p><\/div>\n<style type=\"text\/css\" data-created_by=\"avia_inline_auto\" id=\"style-css-av-m2t44qf4-182257ac0d0a3f04b16dd9c72ec80389\">\n#top .avia-gallery.av-m2t44qf4-182257ac0d0a3f04b16dd9c72ec80389 .avia-gallery-thumb a{\nwidth:20%;\n}\n<\/style>\n<div  class='avia-gallery av-m2t44qf4-182257ac0d0a3f04b16dd9c72ec80389 avia_animate_when_visible  avia-builder-el-8  el_after_av_one_full  el_before_av_hr  avia_lazyload avia-gallery-animate avia-gallery-1'  itemprop=\"image\" itemscope=\"itemscope\" itemtype=\"https:\/\/schema.org\/ImageObject\" ><meta itemprop=\"contentURL\" content=\"https:\/\/gracieuse.ch\/de\/domaine\/soins\/\"><div class='avia-gallery-thumb'><a href=\"https:\/\/gracieuse.ch\/wp-content\/uploads\/2024\/10\/Domaine-de-la-Gracieuse-Lonay-60-Modifier-web-1030x687.jpg\" data-rel='gallery-1' data-prev-img='https:\/\/gracieuse.ch\/wp-content\/uploads\/2024\/10\/Domaine-de-la-Gracieuse-Lonay-60-Modifier-web-495x400.jpg' class='first_thumb lightbox ' data-onclick='1' title='Domaine de la Gracieuse - Lonay-60-Modifier-web'  itemprop=\"thumbnailUrl\"  ><img alt=\"\" fetchpriority=\"high\" class=\"wp-image-2032 avia-img-lazy-loading-not-2032\"   src='https:\/\/gracieuse.ch\/wp-content\/uploads\/2024\/10\/Domaine-de-la-Gracieuse-Lonay-60-Modifier-web-495x400.jpg' width='495' height='400'  title='Domaine de la Gracieuse - Lonay-60-Modifier-web' alt='' \/><div class='big-prev-fake'><img alt=\"\" loading=\"lazy\" class=\"wp-image-2032 avia-img-lazy-loading-2032\"  width='495' height='400' src='https:\/\/gracieuse.ch\/wp-content\/uploads\/2024\/10\/Domaine-de-la-Gracieuse-Lonay-60-Modifier-web-495x400.jpg' title='Domaine de la Gracieuse - Lonay-60-Modifier-web' alt='' \/><\/div><\/a><a href=\"https:\/\/gracieuse.ch\/wp-content\/uploads\/2024\/10\/Gracieuse-interieur-95-1030x605.jpg\" data-rel='gallery-1' data-prev-img='https:\/\/gracieuse.ch\/wp-content\/uploads\/2024\/10\/Gracieuse-interieur-95-495x400.jpg' class='lightbox ' data-onclick='2' title='Gracieuse-int\u00e9rieur (95)'  itemprop=\"thumbnailUrl\"  ><img alt=\"\" fetchpriority=\"high\" class=\"wp-image-2202 avia-img-lazy-loading-not-2202\"   src='https:\/\/gracieuse.ch\/wp-content\/uploads\/2024\/10\/Gracieuse-interieur-95-495x400.jpg' width='495' height='400'  title='Gracieuse-int\u00e9rieur (95)' alt='' \/><div class='big-prev-fake'><img alt=\"\" loading=\"lazy\" class=\"wp-image-2202 avia-img-lazy-loading-2202\"  width='495' height='400' src='https:\/\/gracieuse.ch\/wp-content\/uploads\/2024\/10\/Gracieuse-interieur-95-495x400.jpg' title='Gracieuse-int\u00e9rieur (95)' alt='' \/><\/div><\/a><a href=\"https:\/\/gracieuse.ch\/wp-content\/uploads\/2024\/10\/Domaine-de-la-Gracieuse-Lonay-6-Modifier-web-1030x687.jpg\" data-rel='gallery-1' data-prev-img='https:\/\/gracieuse.ch\/wp-content\/uploads\/2024\/10\/Domaine-de-la-Gracieuse-Lonay-6-Modifier-web-495x400.jpg' class='lightbox ' data-onclick='3' title='Domaine de la Gracieuse - Lonay-6-Modifier-web'  itemprop=\"thumbnailUrl\"  ><img alt=\"\" fetchpriority=\"high\" class=\"wp-image-2020 avia-img-lazy-loading-not-2020\"   src='https:\/\/gracieuse.ch\/wp-content\/uploads\/2024\/10\/Domaine-de-la-Gracieuse-Lonay-6-Modifier-web-495x400.jpg' width='495' height='400'  title='Domaine de la Gracieuse - Lonay-6-Modifier-web' alt='' \/><div class='big-prev-fake'><img alt=\"\" loading=\"lazy\" class=\"wp-image-2020 avia-img-lazy-loading-2020\"  width='495' height='400' src='https:\/\/gracieuse.ch\/wp-content\/uploads\/2024\/10\/Domaine-de-la-Gracieuse-Lonay-6-Modifier-web-495x400.jpg' title='Domaine de la Gracieuse - Lonay-6-Modifier-web' alt='' \/><\/div><\/a><a href=\"https:\/\/gracieuse.ch\/wp-content\/uploads\/2024\/10\/Domaine-de-la-Gracieuse-Lonay-15-Modifier-2-web-1030x687.jpg\" data-rel='gallery-1' data-prev-img='https:\/\/gracieuse.ch\/wp-content\/uploads\/2024\/10\/Domaine-de-la-Gracieuse-Lonay-15-Modifier-2-web-495x400.jpg' class='lightbox ' data-onclick='4' title='Domaine de la Gracieuse - Lonay-15-Modifier-2-web'  itemprop=\"thumbnailUrl\"  ><img alt=\"\" fetchpriority=\"high\" class=\"wp-image-2024 avia-img-lazy-loading-not-2024\"   src='https:\/\/gracieuse.ch\/wp-content\/uploads\/2024\/10\/Domaine-de-la-Gracieuse-Lonay-15-Modifier-2-web-495x400.jpg' width='495' height='400'  title='Domaine de la Gracieuse - Lonay-15-Modifier-2-web' alt='' \/><div class='big-prev-fake'><img alt=\"\" loading=\"lazy\" class=\"wp-image-2024 avia-img-lazy-loading-2024\"  width='495' height='400' src='https:\/\/gracieuse.ch\/wp-content\/uploads\/2024\/10\/Domaine-de-la-Gracieuse-Lonay-15-Modifier-2-web-495x400.jpg' title='Domaine de la Gracieuse - Lonay-15-Modifier-2-web' alt='' \/><\/div><\/a><\/div><\/div><\/p>\n<div  class='hr av-1udfgo-aa13730acb6d2c968be4d27fc560a3b9 hr-short  avia-builder-el-9  el_after_av_gallery  el_before_av_hr  hr-center'><span class='hr-inner '><span class=\"hr-inner-style\"><\/span><\/span><\/div>\n\n<style type=\"text\/css\" data-created_by=\"avia_inline_auto\" id=\"style-css-av-1oh368-c1f84004a4a6f28d1164204b2f3074e0\">\n#top .hr.hr-invisible.av-1oh368-c1f84004a4a6f28d1164204b2f3074e0{\nheight:50px;\n}\n<\/style>\n<div  class='hr av-1oh368-c1f84004a4a6f28d1164204b2f3074e0 hr-invisible  avia-builder-el-10  el_after_av_hr  el_before_av_one_third '><span class='hr-inner '><span class=\"hr-inner-style\"><\/span><\/span><\/div>\n<div  class='flex_column av-1jrhgo-67a3169a39c5d0b96cfaf3948804fbb0 av_one_third  avia-builder-el-11  el_after_av_hr  el_before_av_one_third  first flex_column_div  '     ><p>\n<style type=\"text\/css\" data-created_by=\"avia_inline_auto\" id=\"style-css-av-4x7sw-feaa4dfbcd0bdc275265d104b078a6dc\">\n.avia-image-container.av-4x7sw-feaa4dfbcd0bdc275265d104b078a6dc img.avia_image{\nbox-shadow:none;\n}\n.avia-image-container.av-4x7sw-feaa4dfbcd0bdc275265d104b078a6dc .av-image-caption-overlay-center{\ncolor:#ffffff;\n}\n<\/style>\n<div  class='avia-image-container av-4x7sw-feaa4dfbcd0bdc275265d104b078a6dc av-styling- av-img-linked avia-align-center  avia-builder-el-12  el_before_av_textblock  avia-builder-el-first '   itemprop=\"image\" itemscope=\"itemscope\" itemtype=\"https:\/\/schema.org\/ImageObject\" ><div class=\"avia-image-container-inner\"><div class=\"avia-image-overlay-wrap\"><a href=\"https:\/\/gracieuse.ch\/de\/domaine\/\" class='avia_image '  aria-label='miniature LG exterieurs 148 G Martinez'><img alt=\"\" fetchpriority=\"high\" class='wp-image-605 avia-img-lazy-loading-not-605 avia_image ' src='https:\/\/gracieuse.ch\/wp-content\/uploads\/2015\/03\/miniature-LG-exterieurs-148-G-Martinez-300x199.jpg' alt='' title='miniature LG exterieurs 148 G Martinez'  height=\"199\" width=\"300\"  itemprop=\"thumbnailUrl\"  \/><\/a><\/div><\/div><\/div><br \/>\n<section  class='av_textblock_section av-16hh4o-380489465933fd5983cfe4bb4258d910 '   itemscope=\"itemscope\" itemtype=\"https:\/\/schema.org\/CreativeWork\" ><div class='avia_textblock'  itemprop=\"text\" ><h3 style=\"text-align: center;\" data-mce-style=\"text-align: center;\">DAS DOMAINE<\/h3>\n<h3 style=\"text-align: center;\" data-mce-style=\"text-align: center;\"><\/h3>\n<\/div><\/section><\/p><\/div>\n\n<style type=\"text\/css\" data-created_by=\"avia_inline_auto\" id=\"style-css-av-15nolk-3756f10390a4fb4469a40d8677d7c821\">\n.flex_column.av-15nolk-3756f10390a4fb4469a40d8677d7c821{\nborder-radius:0px 0px 0px 0px;\npadding:0px 0px 0px 0px;\n}\n<\/style>\n<div  class='flex_column av-15nolk-3756f10390a4fb4469a40d8677d7c821 av_one_third  avia-builder-el-14  el_after_av_one_third  el_before_av_one_third  flex_column_div av-zero-column-padding  '     ><p>\n<style type=\"text\/css\" data-created_by=\"avia_inline_auto\" id=\"style-css-av-ue4ag-0f06457d3d2a3c8a0e02073777f19f43\">\n.avia-image-container.av-ue4ag-0f06457d3d2a3c8a0e02073777f19f43 img.avia_image{\nbox-shadow:none;\n}\n.avia-image-container.av-ue4ag-0f06457d3d2a3c8a0e02073777f19f43 .av-image-caption-overlay-center{\ncolor:#ffffff;\n}\n<\/style>\n<div  class='avia-image-container av-ue4ag-0f06457d3d2a3c8a0e02073777f19f43 av-styling- av-img-linked avia-align-center  avia-builder-el-15  el_before_av_textblock  avia-builder-el-first '   itemprop=\"image\" itemscope=\"itemscope\" itemtype=\"https:\/\/schema.org\/ImageObject\" ><div class=\"avia-image-container-inner\"><div class=\"avia-image-overlay-wrap\"><a href=\"https:\/\/gracieuse.ch\/de\/appartements\/\" class='avia_image '  aria-label='Domaine de la Gracieuse-2013-Modifier-web'><img alt=\"\" fetchpriority=\"high\" class='wp-image-2012 avia-img-lazy-loading-not-2012 avia_image ' src='https:\/\/gracieuse.ch\/wp-content\/uploads\/2024\/10\/Domaine-de-la-Gracieuse-2013-Modifier-web-300x200.jpg' alt='' title='Domaine de la Gracieuse-2013-Modifier-web'  height=\"200\" width=\"300\"  itemprop=\"thumbnailUrl\"  \/><\/a><\/div><\/div><\/div><br \/>\n<section  class='av_textblock_section av-qmjw0-da12929f20249d92c793f0a14e96884b '   itemscope=\"itemscope\" itemtype=\"https:\/\/schema.org\/CreativeWork\" ><div class='avia_textblock'  itemprop=\"text\" ><h3 style=\"text-align: center;\" data-mce-style=\"text-align: center;\">DIE WOHNUNGEN<\/h3>\n<h3 style=\"text-align: center;\" data-mce-style=\"text-align: center;\"><\/h3>\n<\/div><\/section><\/p><\/div>\n\n<style type=\"text\/css\" data-created_by=\"avia_inline_auto\" id=\"style-css-av-j6pww-635602dcbeba49f756e9395af26930d9\">\n.flex_column.av-j6pww-635602dcbeba49f756e9395af26930d9{\nborder-radius:0px 0px 0px 0px;\npadding:0px 0px 0px 0px;\n}\n<\/style>\n<div  class='flex_column av-j6pww-635602dcbeba49f756e9395af26930d9 av_one_third  avia-builder-el-17  el_after_av_one_third  avia-builder-el-last  flex_column_div av-zero-column-padding  '     ><p>\n<style type=\"text\/css\" data-created_by=\"avia_inline_auto\" id=\"style-css-av-ffboo-ce9f5ff4d8a06a2e0ef2ec45f1d17607\">\n.avia-image-container.av-ffboo-ce9f5ff4d8a06a2e0ef2ec45f1d17607 img.avia_image{\nbox-shadow:none;\n}\n.avia-image-container.av-ffboo-ce9f5ff4d8a06a2e0ef2ec45f1d17607 .av-image-caption-overlay-center{\ncolor:#ffffff;\n}\n<\/style>\n<div  class='avia-image-container av-ffboo-ce9f5ff4d8a06a2e0ef2ec45f1d17607 av-styling- av-img-linked avia-align-center  avia-builder-el-18  el_before_av_textblock  avia-builder-el-first '   itemprop=\"image\" itemscope=\"itemscope\" itemtype=\"https:\/\/schema.org\/ImageObject\" ><div class=\"avia-image-container-inner\"><div class=\"avia-image-overlay-wrap\"><a href=\"https:\/\/gracieuse.ch\/de\/restaurant-bar\/\" class='avia_image '  aria-label='Domaine de la Gracieuse - Lonay-282-Modifier-web'><img alt=\"\" fetchpriority=\"high\" class='wp-image-1968 avia-img-lazy-loading-not-1968 avia_image ' src='https:\/\/gracieuse.ch\/wp-content\/uploads\/2024\/10\/Domaine-de-la-Gracieuse-Lonay-282-Modifier-web-300x201.jpg' alt='' title='Domaine de la Gracieuse - Lonay-282-Modifier-web'  height=\"201\" width=\"300\"  itemprop=\"thumbnailUrl\"  \/><\/a><\/div><\/div><\/div><br \/>\n<section  class='av_textblock_section av-78lcg-4cadc6519841baeda8cd1ab76e8420cd '   itemscope=\"itemscope\" itemtype=\"https:\/\/schema.org\/CreativeWork\" ><div class='avia_textblock'  itemprop=\"text\" ><h3 style=\"text-align: center;\" data-mce-style=\"text-align: center;\">DAS RESTAURANT\/DIE BAR<\/h3>\n<h3 style=\"text-align: center;\" data-mce-style=\"text-align: center;\"><\/h3>\n<\/div><\/section><\/p><\/div>\n","protected":false},"excerpt":{"rendered":"","protected":false},"author":2,"featured_media":0,"parent":1106,"menu_order":0,"comment_status":"open","ping_status":"open","template":"","meta":{"_seopress_robots_primary_cat":"","_seopress_titles_title":"","_seopress_titles_desc":"","_seopress_robots_index":"","footnotes":""},"class_list":["post-1120","page","type-page","status-publish","hentry"],"_links":{"self":[{"href":"https:\/\/gracieuse.ch\/de\/wp-json\/wp\/v2\/pages\/1120","targetHints":{"allow":["GET"]}}],"collection":[{"href":"https:\/\/gracieuse.ch\/de\/wp-json\/wp\/v2\/pages"}],"about":[{"href":"https:\/\/gracieuse.ch\/de\/wp-json\/wp\/v2\/types\/page"}],"author":[{"embeddable":true,"href":"https:\/\/gracieuse.ch\/de\/wp-json\/wp\/v2\/users\/2"}],"replies":[{"embeddable":true,"href":"https:\/\/gracieuse.ch\/de\/wp-json\/wp\/v2\/comments?post=1120"}],"version-history":[{"count":30,"href":"https:\/\/gracieuse.ch\/de\/wp-json\/wp\/v2\/pages\/1120\/revisions"}],"predecessor-version":[{"id":2652,"href":"https:\/\/gracieuse.ch\/de\/wp-json\/wp\/v2\/pages\/1120\/revisions\/2652"}],"up":[{"embeddable":true,"href":"https:\/\/gracieuse.ch\/de\/wp-json\/wp\/v2\/pages\/1106"}],"wp:attachment":[{"href":"https:\/\/gracieuse.ch\/de\/wp-json\/wp\/v2\/media?parent=1120"}],"curies":[{"name":"wp","href":"https:\/\/api.w.org\/{rel}","templated":true}]}}