{"id":1117,"date":"2015-04-21T08:34:25","date_gmt":"2015-03-26T08:51:32","guid":{"rendered":"https:\/\/gracieuse.ch\/domaine\/pour-vous-servir\/"},"modified":"2024-10-29T11:26:49","modified_gmt":"2024-10-29T10:26:49","slug":"pour-vous-servir","status":"publish","type":"page","link":"https:\/\/gracieuse.ch\/de\/domaine\/pour-vous-servir\/","title":{"rendered":"Individuelle Leistungen"},"content":{"rendered":"<div id='layer_slider_1'  class='avia-layerslider main_color avia-shadow  avia-builder-el-0  el_before_av_textblock  avia-builder-el-first  container_wrap sidebar_right'  style='height: 401px;'  ><\/div><div id='after_layer_slider_1'  class='main_color av_default_container_wrap container_wrap sidebar_right'  ><div class='container av-section-cont-open' ><div class='template-page content  av-content-small alpha units'><div class='post-entry post-entry-type-page post-entry-1117'><div class='entry-content-wrapper clearfix'>\n<section  class='av_textblock_section av-39dm38-48ace40f2e29cff82f1bf8c383e906ab '   itemscope=\"itemscope\" itemtype=\"https:\/\/schema.org\/CreativeWork\" ><div class='avia_textblock'  itemprop=\"text\" ><h1 style=\"text-align: center;\">SERVICES PERSONNALIS\u00c9S<\/h1>\n<\/div><\/section>\n<div  class='hr av-32lj1w-8f2c3118b847d436c87a89ce7ec012e3 hr-short  avia-builder-el-2  el_after_av_textblock  el_before_av_one_third  hr-center'><span class='hr-inner '><span class=\"hr-inner-style\"><\/span><\/span><\/div>\n<div  class='flex_column av-2wxdik-c190147eaf6a1a9b0bf672cc6382c719 av_one_third  avia-builder-el-3  el_after_av_hr  el_before_av_two_third  first flex_column_div  '     ><p>\n<style type=\"text\/css\" data-created_by=\"avia_inline_auto\" id=\"style-css-av-2t6cek-809b2debb49e9e8d43547e8002682b50\">\n.avia-image-container.av-2t6cek-809b2debb49e9e8d43547e8002682b50 img.avia_image{\nbox-shadow:none;\n}\n.avia-image-container.av-2t6cek-809b2debb49e9e8d43547e8002682b50 .av-image-caption-overlay-center{\ncolor:#ffffff;\n}\n<\/style>\n<div  class='avia-image-container av-2t6cek-809b2debb49e9e8d43547e8002682b50 av-styling- avia-align-center  avia-builder-el-4  el_before_av_textblock  avia-builder-el-first '   itemprop=\"image\" itemscope=\"itemscope\" itemtype=\"https:\/\/schema.org\/ImageObject\" ><div class=\"avia-image-container-inner\"><div class=\"avia-image-overlay-wrap\"><img alt=\"\" fetchpriority=\"high\" class='wp-image-2096 avia-img-lazy-loading-not-2096 avia_image ' src='https:\/\/gracieuse.ch\/wp-content\/uploads\/2024\/10\/Domaine-de-la-Gracieuse-Lonay-129-Modifier-web-300x200.jpg' alt='' title='Domaine de la Gracieuse - Lonay-129-Modifier-web'  height=\"200\" width=\"300\"  itemprop=\"thumbnailUrl\"  \/><\/div><\/div><\/div><br \/>\n<section  class='av_textblock_section av-2lpbzo-004d822fd58f3b01019d0325b3ceefe2 '   itemscope=\"itemscope\" itemtype=\"https:\/\/schema.org\/CreativeWork\" ><div class='avia_textblock'  itemprop=\"text\" ><\/div><\/section><\/p><\/div>\n<style type=\"text\/css\" data-created_by=\"avia_inline_auto\" id=\"style-css-av-2erfuk-585ae6909cc9389c8ff1f41dcd96d0dd\">\n.flex_column.av-2erfuk-585ae6909cc9389c8ff1f41dcd96d0dd{\nborder-radius:0px 0px 0px 0px;\npadding:0px 0px 0px 0px;\n}\n<\/style>\n<div  class='flex_column av-2erfuk-585ae6909cc9389c8ff1f41dcd96d0dd av_two_third  avia-builder-el-6  el_after_av_one_third  el_before_av_hr  flex_column_div av-zero-column-padding  '     ><section  class='av_textblock_section av-26a4c4-42b624074078fbdd565d94b28f8501dd '   itemscope=\"itemscope\" itemtype=\"https:\/\/schema.org\/CreativeWork\" ><div class='avia_textblock'  itemprop=\"text\" ><p><strong>Un service attentionn\u00e9 et de qualit\u00e9<\/strong><\/p>\n<p>B\u00e9n\u00e9ficiez d\u2019un service 4 \u00e9toiles et d\u2019une \u00e9quipe attentive \u00e0 votre bien-\u00eatre. Vous pourrez nous confier les t\u00e2ches de blanchisserie, de repassage ou de couture, une buanderie est \u00e9galement \u00e0 votre disposition. Notre personnel de la r\u00e9ception et de la boutique sont pr\u00e9sents tous les jours. Une \u00e9quipe technique peut vous apporter son aide dans l\u2019entreprise de petits travaux (d\u00e9pannages, menuiserie, \u00e9lectricit\u00e9, etc.) et propose un service de navette jusqu\u2019\u00e0 la gare de Morges quatre fois par jour. D\u2019autres prestations telles qu\u2019un salon de coiffure, un cabinet de p\u00e9dicure et un cabinet de physioth\u00e9rapie sont accessibles sur le site de La Gracieuse.<\/p>\n<\/div><\/section><\/div><\/p>\n\n<style type=\"text\/css\" data-created_by=\"avia_inline_auto\" id=\"style-css-av-ruho-5e7c50a29cfb5fb0ce22be1dec3e7a52\">\n#top .hr.hr-invisible.av-ruho-5e7c50a29cfb5fb0ce22be1dec3e7a52{\nheight:50px;\n}\n<\/style>\n<div  class='hr av-ruho-5e7c50a29cfb5fb0ce22be1dec3e7a52 hr-invisible  avia-builder-el-8  el_after_av_two_third  el_before_av_hr '><span class='hr-inner '><span class=\"hr-inner-style\"><\/span><\/span><\/div>\n<div  class='hr av-1wi9o4-8b9d48d9c5dd10f734cbb42e1c31eccf hr-short  avia-builder-el-9  el_after_av_hr  el_before_av_hr  hr-center'><span class='hr-inner '><span class=\"hr-inner-style\"><\/span><\/span><\/div>\n\n<style type=\"text\/css\" data-created_by=\"avia_inline_auto\" id=\"style-css-av-1or858-22a2a77bc678b5dfa59454daf8e0fb62\">\n#top .hr.hr-invisible.av-1or858-22a2a77bc678b5dfa59454daf8e0fb62{\nheight:50px;\n}\n<\/style>\n<div  class='hr av-1or858-22a2a77bc678b5dfa59454daf8e0fb62 hr-invisible  avia-builder-el-10  el_after_av_hr  el_before_av_one_third '><span class='hr-inner '><span class=\"hr-inner-style\"><\/span><\/span><\/div>\n<div  class='flex_column av-5ouek-91f4d4298657d2f3b8a99fadec106bd1 av_one_third  avia-builder-el-11  el_after_av_hr  el_before_av_one_third  first flex_column_div  '     ><p>\n<style type=\"text\/css\" data-created_by=\"avia_inline_auto\" id=\"style-css-av-1eaif0-9c6ddaf98bc31c21bf5630572cffdb34\">\n.avia-image-container.av-1eaif0-9c6ddaf98bc31c21bf5630572cffdb34 img.avia_image{\nbox-shadow:none;\n}\n.avia-image-container.av-1eaif0-9c6ddaf98bc31c21bf5630572cffdb34 .av-image-caption-overlay-center{\ncolor:#ffffff;\n}\n<\/style>\n<div  class='avia-image-container av-1eaif0-9c6ddaf98bc31c21bf5630572cffdb34 av-styling- av-img-linked avia-align-center  avia-builder-el-12  el_before_av_textblock  avia-builder-el-first '   itemprop=\"image\" itemscope=\"itemscope\" itemtype=\"https:\/\/schema.org\/ImageObject\" ><div class=\"avia-image-container-inner\"><div class=\"avia-image-overlay-wrap\"><a href=\"https:\/\/gracieuse.ch\/domaine\/\" class='avia_image '  aria-label='miniature LG exterieurs 148 G Martinez'><img alt=\"\" fetchpriority=\"high\" class='wp-image-605 avia-img-lazy-loading-not-605 avia_image ' src='https:\/\/gracieuse.ch\/wp-content\/uploads\/2015\/03\/miniature-LG-exterieurs-148-G-Martinez-300x199.jpg' alt='' title='miniature LG exterieurs 148 G Martinez'  height=\"199\" width=\"300\"  itemprop=\"thumbnailUrl\"  \/><\/a><\/div><\/div><\/div><br \/>\n<section  class='av_textblock_section av-16h73o-c4c21a252cce8292373c64427aab5177 '   itemscope=\"itemscope\" itemtype=\"https:\/\/schema.org\/CreativeWork\" ><div class='avia_textblock'  itemprop=\"text\" ><h3 style=\"text-align: center;\">LE DOMAINE<\/h3>\n<h3 style=\"text-align: center;\"><\/h3>\n<\/div><\/section><\/p><\/div>\n\n<style type=\"text\/css\" data-created_by=\"avia_inline_auto\" id=\"style-css-av-10giy4-879263ccd3ac650e20158a98a767c42b\">\n.flex_column.av-10giy4-879263ccd3ac650e20158a98a767c42b{\nborder-radius:0px 0px 0px 0px;\npadding:0px 0px 0px 0px;\n}\n<\/style>\n<div  class='flex_column av-10giy4-879263ccd3ac650e20158a98a767c42b av_one_third  avia-builder-el-14  el_after_av_one_third  el_before_av_one_third  flex_column_div av-zero-column-padding  '     ><p>\n<style type=\"text\/css\" data-created_by=\"avia_inline_auto\" id=\"style-css-av-vrvyk-aceb0935348a3bce0c54c762e150da7b\">\n.avia-image-container.av-vrvyk-aceb0935348a3bce0c54c762e150da7b img.avia_image{\nbox-shadow:none;\n}\n.avia-image-container.av-vrvyk-aceb0935348a3bce0c54c762e150da7b .av-image-caption-overlay-center{\ncolor:#ffffff;\n}\n<\/style>\n<div  class='avia-image-container av-vrvyk-aceb0935348a3bce0c54c762e150da7b av-styling- av-img-linked avia-align-center  avia-builder-el-15  el_before_av_textblock  avia-builder-el-first '   itemprop=\"image\" itemscope=\"itemscope\" itemtype=\"https:\/\/schema.org\/ImageObject\" ><div class=\"avia-image-container-inner\"><div class=\"avia-image-overlay-wrap\"><a href=\"https:\/\/gracieuse.ch\/appartements\/\" class='avia_image '  aria-label='Domaine de la Gracieuse-2013-Modifier-web'><img alt=\"\" fetchpriority=\"high\" class='wp-image-2012 avia-img-lazy-loading-not-2012 avia_image ' src='https:\/\/gracieuse.ch\/wp-content\/uploads\/2024\/10\/Domaine-de-la-Gracieuse-2013-Modifier-web-300x200.jpg' alt='' title='Domaine de la Gracieuse-2013-Modifier-web'  height=\"200\" width=\"300\"  itemprop=\"thumbnailUrl\"  \/><\/a><\/div><\/div><\/div><br \/>\n<section  class='av_textblock_section av-p6n2c-cda721d3c47fca97d066a286d2413efc '   itemscope=\"itemscope\" itemtype=\"https:\/\/schema.org\/CreativeWork\" ><div class='avia_textblock'  itemprop=\"text\" ><h3 style=\"text-align: center;\">LES APPARTEMENTS<\/h3>\n<h3 style=\"text-align: center;\"><\/h3>\n<\/div><\/section><\/p><\/div>\n<style type=\"text\/css\" data-created_by=\"avia_inline_auto\" id=\"style-css-av-l0a98-9e8cb45a0d3b3ef82c9b003dd9430da0\">\n.flex_column.av-l0a98-9e8cb45a0d3b3ef82c9b003dd9430da0{\nborder-radius:0px 0px 0px 0px;\npadding:0px 0px 0px 0px;\n}\n<\/style>\n<div  class='flex_column av-l0a98-9e8cb45a0d3b3ef82c9b003dd9430da0 av_one_third  avia-builder-el-17  el_after_av_one_third  avia-builder-el-last  flex_column_div av-zero-column-padding  '     ><p>\n<style type=\"text\/css\" data-created_by=\"avia_inline_auto\" id=\"style-css-av-hf8f8-52da8ccbb0cbbd0cb5b7e2bf3b2ad503\">\n.avia-image-container.av-hf8f8-52da8ccbb0cbbd0cb5b7e2bf3b2ad503 img.avia_image{\nbox-shadow:none;\n}\n.avia-image-container.av-hf8f8-52da8ccbb0cbbd0cb5b7e2bf3b2ad503 .av-image-caption-overlay-center{\ncolor:#ffffff;\n}\n<\/style>\n<div  class='avia-image-container av-hf8f8-52da8ccbb0cbbd0cb5b7e2bf3b2ad503 av-styling- av-img-linked avia-align-center  avia-builder-el-18  el_before_av_textblock  avia-builder-el-first '   itemprop=\"image\" itemscope=\"itemscope\" itemtype=\"https:\/\/schema.org\/ImageObject\" ><div class=\"avia-image-container-inner\"><div class=\"avia-image-overlay-wrap\"><a href=\"https:\/\/gracieuse.ch\/demande-de-documentation\/\" class='avia_image '  aria-label='DOCUMENTATION'><img alt=\"\" fetchpriority=\"high\" class='wp-image-1108 avia-img-lazy-loading-not-1108 avia_image ' src='https:\/\/gracieuse.ch\/wp-content\/uploads\/2015\/05\/Documentation-300x212.jpg' alt='' title='DOCUMENTATION'  height=\"212\" width=\"300\"  itemprop=\"thumbnailUrl\"  \/><\/a><\/div><\/div><\/div><br \/>\n<section  class='av_textblock_section av-awux8-edf38e139f258d9c74b7744c81774e51 '   itemscope=\"itemscope\" itemtype=\"https:\/\/schema.org\/CreativeWork\" ><div class='avia_textblock'  itemprop=\"text\" ><h3 style=\"text-align: center;\">DOCUMENTATION<\/h3>\n<h3 style=\"text-align: center;\"><\/h3>\n<\/div><\/section><\/p><\/div><\/p>\n","protected":false},"excerpt":{"rendered":"","protected":false},"author":2,"featured_media":0,"parent":1106,"menu_order":0,"comment_status":"open","ping_status":"open","template":"","meta":{"_seopress_robots_primary_cat":"","_seopress_titles_title":"","_seopress_titles_desc":"","_seopress_robots_index":"","footnotes":""},"class_list":["post-1117","page","type-page","status-publish","hentry"],"_links":{"self":[{"href":"https:\/\/gracieuse.ch\/de\/wp-json\/wp\/v2\/pages\/1117","targetHints":{"allow":["GET"]}}],"collection":[{"href":"https:\/\/gracieuse.ch\/de\/wp-json\/wp\/v2\/pages"}],"about":[{"href":"https:\/\/gracieuse.ch\/de\/wp-json\/wp\/v2\/types\/page"}],"author":[{"embeddable":true,"href":"https:\/\/gracieuse.ch\/de\/wp-json\/wp\/v2\/users\/2"}],"replies":[{"embeddable":true,"href":"https:\/\/gracieuse.ch\/de\/wp-json\/wp\/v2\/comments?post=1117"}],"version-history":[{"count":9,"href":"https:\/\/gracieuse.ch\/de\/wp-json\/wp\/v2\/pages\/1117\/revisions"}],"predecessor-version":[{"id":2373,"href":"https:\/\/gracieuse.ch\/de\/wp-json\/wp\/v2\/pages\/1117\/revisions\/2373"}],"up":[{"embeddable":true,"href":"https:\/\/gracieuse.ch\/de\/wp-json\/wp\/v2\/pages\/1106"}],"wp:attachment":[{"href":"https:\/\/gracieuse.ch\/de\/wp-json\/wp\/v2\/media?parent=1117"}],"curies":[{"name":"wp","href":"https:\/\/api.w.org\/{rel}","templated":true}]}}