{"id":1114,"date":"2015-03-26T09:52:16","date_gmt":"2015-03-26T08:52:16","guid":{"rendered":"https:\/\/gracieuse.ch\/restaurant-bar-3\/"},"modified":"2024-11-05T08:33:19","modified_gmt":"2024-11-05T07:33:19","slug":"restaurant-bar","status":"publish","type":"page","link":"https:\/\/gracieuse.ch\/de\/restaurant-bar\/","title":{"rendered":"Restaurants und Bar"},"content":{"rendered":"<div id='layer_slider_1'  class='avia-layerslider main_color avia-shadow  avia-builder-el-0  el_before_av_textblock  avia-builder-el-first  container_wrap sidebar_right'  style='height: 401px;'  ><\/div><div id='after_layer_slider_1'  class='main_color av_default_container_wrap container_wrap sidebar_right'  ><div class='container av-section-cont-open' ><div class='template-page content  av-content-small alpha units'><div class='post-entry post-entry-type-page post-entry-1114'><div class='entry-content-wrapper clearfix'>\n<section  class='av_textblock_section av-2waaa-0fe709f7dd85e0c3b2dd32055865f6c1 '   itemscope=\"itemscope\" itemtype=\"https:\/\/schema.org\/CreativeWork\" ><div class='avia_textblock'  itemprop=\"text\" ><h1 style=\"text-align: center;\" data-mce-style=\"text-align: center;\">Restaurants und Bar<\/h1>\n<\/div><\/section>\n<div  class='hr av-20nxq-13b308a7d743c85679825980cb4c1449 hr-default  avia-builder-el-2  el_after_av_textblock  el_before_av_textblock '><span class='hr-inner '><span class=\"hr-inner-style\"><\/span><\/span><\/div>\n<section  class='av_textblock_section av-51ty-970f32f7fc1a022cdb8db6527b9c2757 '   itemscope=\"itemscope\" itemtype=\"https:\/\/schema.org\/CreativeWork\" ><div class='avia_textblock'  itemprop=\"text\" ><p><strong>Die Freuden des Essens<\/strong><\/p>\n<p>Entdecken Sie eine raffinierte und einfallsreiche K\u00fcche in einem der drei Restaurants, die Ihnen in der Residenz zur Verf\u00fcgung stehen. Im ersten Restaurant genie\u00dfen Sie eines der drei von unserem K\u00fcchenchef zusammengestellten Men\u00fcs, im zweiten, <strong>\u201eLe Drakkar\u201c<\/strong>, k\u00f6nnen Sie jedes Gericht genie\u00dfen, das sorgf\u00e4ltig aus frischen und saisonalen Zutaten zubereitet wird und die authentischen Aromen unserer Region hervorhebt. Das elegante und gem\u00fctliche Ambiente l\u00e4dt zu einer einzigartigen kulinarischen Reise ein, auf der unser K\u00fcchenchef Sie mit k\u00fchnen und raffinierten Kreationen verw\u00f6hnt. Begleiten Sie Ihr Essen mit einer sorgf\u00e4ltig ausgew\u00e4hlten Auswahl an Weinen, um ein unvergessliches gastronomisches Erlebnis zu schaffen.<\/p>\n<p>Auf Wunsch k\u00f6nnen die Mahlzeiten auch im Apartment serviert werden. Profitieren Sie auch von einem exklusiven und privaten Bereich, in den Sie Ihre Lieben zum Beispiel zu einem Geburtstagsessen einladen k\u00f6nnen.<\/p>\n<\/div><\/section>\n<div  class='avia-button-wrap av-m32t4e5w-2f009537237d0112e0c47d301f74cc1e-wrap avia-button-left  avia-builder-el-4  el_after_av_textblock  el_before_av_hr '><a href='https:\/\/www.ledrakkar.ch'  class='avia-button av-m32t4e5w-2f009537237d0112e0c47d301f74cc1e av-link-btn avia-icon_select-yes-left-icon avia-size-small avia-position-left avia-color-theme-color'   aria-label=\"Reservieren Sie einen Tisch \"><span class='avia_button_icon avia_button_icon_left' aria-hidden='true' data-av_icon='\ue84e' data-av_iconfont='entypo-fontello'><\/span><span class='avia_iconbox_title' >Reservieren Sie einen Tisch <\/span><\/a><\/div>\n<div  class='hr av-okge-b2db7836452f2dab3bfac80ce8248872 hr-short  avia-builder-el-5  el_after_av_button  el_before_av_gallery  hr-center'><span class='hr-inner '><span class=\"hr-inner-style\"><\/span><\/span><\/div>\n\n<style type=\"text\/css\" data-created_by=\"avia_inline_auto\" id=\"style-css-av-m2t3e7rb-767d8c6172de82dd79761eca121fe586\">\n#top .avia-gallery.av-m2t3e7rb-767d8c6172de82dd79761eca121fe586 .avia-gallery-thumb a{\nwidth:20%;\n}\n<\/style>\n<div  class='avia-gallery av-m2t3e7rb-767d8c6172de82dd79761eca121fe586 avia_animate_when_visible  avia-builder-el-6  el_after_av_hr  el_before_av_hr  avia_lazyload avia-gallery-animate avia-gallery-1'  itemprop=\"image\" itemscope=\"itemscope\" itemtype=\"https:\/\/schema.org\/ImageObject\" ><meta itemprop=\"contentURL\" content=\"https:\/\/gracieuse.ch\/de\/restaurant-bar\/\"><div class='avia-gallery-thumb'><a href=\"https:\/\/gracieuse.ch\/wp-content\/uploads\/2024\/10\/Domaine-de-la-Gracieuse-Lonay-282-Modifier-web-1030x691.jpg\" data-rel='gallery-1' data-prev-img='https:\/\/gracieuse.ch\/wp-content\/uploads\/2024\/10\/Domaine-de-la-Gracieuse-Lonay-282-Modifier-web-495x400.jpg' class='first_thumb lightbox ' data-onclick='1' title='Domaine de la Gracieuse - Lonay-282-Modifier-web'  itemprop=\"thumbnailUrl\"  ><img alt=\"\" fetchpriority=\"high\" class=\"wp-image-1968 avia-img-lazy-loading-not-1968\"   src='https:\/\/gracieuse.ch\/wp-content\/uploads\/2024\/10\/Domaine-de-la-Gracieuse-Lonay-282-Modifier-web-495x400.jpg' width='495' height='400'  title='Domaine de la Gracieuse - Lonay-282-Modifier-web' alt='' \/><div class='big-prev-fake'><img alt=\"\" loading=\"lazy\" class=\"wp-image-1968 avia-img-lazy-loading-1968\"  width='495' height='400' src='https:\/\/gracieuse.ch\/wp-content\/uploads\/2024\/10\/Domaine-de-la-Gracieuse-Lonay-282-Modifier-web-495x400.jpg' title='Domaine de la Gracieuse - Lonay-282-Modifier-web' alt='' \/><\/div><\/a><a href=\"https:\/\/gracieuse.ch\/wp-content\/uploads\/2024\/10\/Domaine-de-la-Gracieuse-Lonay-105-web-1030x687.jpg\" data-rel='gallery-1' data-prev-img='https:\/\/gracieuse.ch\/wp-content\/uploads\/2024\/10\/Domaine-de-la-Gracieuse-Lonay-105-web-495x400.jpg' class='lightbox ' data-onclick='2' title='Domaine de la Gracieuse - Lonay-105-web'  itemprop=\"thumbnailUrl\"  ><img alt=\"\" fetchpriority=\"high\" class=\"wp-image-2088 avia-img-lazy-loading-not-2088\"   src='https:\/\/gracieuse.ch\/wp-content\/uploads\/2024\/10\/Domaine-de-la-Gracieuse-Lonay-105-web-495x400.jpg' width='495' height='400'  title='Domaine de la Gracieuse - Lonay-105-web' alt='' \/><div class='big-prev-fake'><img alt=\"\" loading=\"lazy\" class=\"wp-image-2088 avia-img-lazy-loading-2088\"  width='495' height='400' src='https:\/\/gracieuse.ch\/wp-content\/uploads\/2024\/10\/Domaine-de-la-Gracieuse-Lonay-105-web-495x400.jpg' title='Domaine de la Gracieuse - Lonay-105-web' alt='' \/><\/div><\/a><a href=\"https:\/\/gracieuse.ch\/wp-content\/uploads\/2024\/10\/Domaine-de-la-Gracieuse-Lonay-97-web-1030x687.jpg\" data-rel='gallery-1' data-prev-img='https:\/\/gracieuse.ch\/wp-content\/uploads\/2024\/10\/Domaine-de-la-Gracieuse-Lonay-97-web-495x400.jpg' class='lightbox ' data-onclick='3' title='Domaine de la Gracieuse - Lonay-97-web'  itemprop=\"thumbnailUrl\"  ><img alt=\"\" fetchpriority=\"high\" class=\"wp-image-2056 avia-img-lazy-loading-not-2056\"   src='https:\/\/gracieuse.ch\/wp-content\/uploads\/2024\/10\/Domaine-de-la-Gracieuse-Lonay-97-web-495x400.jpg' width='495' height='400'  title='Domaine de la Gracieuse - Lonay-97-web' alt='' \/><div class='big-prev-fake'><img alt=\"\" loading=\"lazy\" class=\"wp-image-2056 avia-img-lazy-loading-2056\"  width='495' height='400' src='https:\/\/gracieuse.ch\/wp-content\/uploads\/2024\/10\/Domaine-de-la-Gracieuse-Lonay-97-web-495x400.jpg' title='Domaine de la Gracieuse - Lonay-97-web' alt='' \/><\/div><\/a><a href=\"https:\/\/gracieuse.ch\/wp-content\/uploads\/2024\/10\/Domaine-de-la-Gracieuse-Lonay-98-web-1030x687.jpg\" data-rel='gallery-1' data-prev-img='https:\/\/gracieuse.ch\/wp-content\/uploads\/2024\/10\/Domaine-de-la-Gracieuse-Lonay-98-web-495x400.jpg' class='lightbox ' data-onclick='4' title='Domaine de la Gracieuse - Lonay-98-web'  itemprop=\"thumbnailUrl\"  ><img alt=\"\" fetchpriority=\"high\" class=\"wp-image-2060 avia-img-lazy-loading-not-2060\"   src='https:\/\/gracieuse.ch\/wp-content\/uploads\/2024\/10\/Domaine-de-la-Gracieuse-Lonay-98-web-495x400.jpg' width='495' height='400'  title='Domaine de la Gracieuse - Lonay-98-web' alt='' \/><div class='big-prev-fake'><img alt=\"\" loading=\"lazy\" class=\"wp-image-2060 avia-img-lazy-loading-2060\"  width='495' height='400' src='https:\/\/gracieuse.ch\/wp-content\/uploads\/2024\/10\/Domaine-de-la-Gracieuse-Lonay-98-web-495x400.jpg' title='Domaine de la Gracieuse - Lonay-98-web' alt='' \/><\/div><\/a><a href=\"https:\/\/gracieuse.ch\/wp-content\/uploads\/2024\/11\/LG-restaurant-16-GMartinez-1030x687.jpg\" data-rel='gallery-1' data-prev-img='https:\/\/gracieuse.ch\/wp-content\/uploads\/2024\/11\/LG-restaurant-16-GMartinez-495x400.jpg' class='lightbox ' data-onclick='5' title='LG restaurant 16 GMartinez'  itemprop=\"thumbnailUrl\"  ><img alt=\"\" fetchpriority=\"high\" class=\"wp-image-2737 avia-img-lazy-loading-not-2737\"   src='https:\/\/gracieuse.ch\/wp-content\/uploads\/2024\/11\/LG-restaurant-16-GMartinez-495x400.jpg' width='495' height='400'  title='LG restaurant 16 GMartinez' alt='' \/><div class='big-prev-fake'><img alt=\"\" loading=\"lazy\" class=\"wp-image-2737 avia-img-lazy-loading-2737\"  width='495' height='400' src='https:\/\/gracieuse.ch\/wp-content\/uploads\/2024\/11\/LG-restaurant-16-GMartinez-495x400.jpg' title='LG restaurant 16 GMartinez' alt='' \/><\/div><\/a><\/div><\/div>\n<div  class='hr av-ruti-342b44aa2c688837831309eff2ba0ead hr-short  avia-builder-el-7  el_after_av_gallery  avia-builder-el-last  hr-center'><span class='hr-inner '><span class=\"hr-inner-style\"><\/span><\/span><\/div>\n","protected":false},"excerpt":{"rendered":"","protected":false},"author":2,"featured_media":0,"parent":0,"menu_order":0,"comment_status":"open","ping_status":"open","template":"","meta":{"_seopress_robots_primary_cat":"","_seopress_titles_title":"","_seopress_titles_desc":"","_seopress_robots_index":"","footnotes":""},"class_list":["post-1114","page","type-page","status-publish","hentry"],"_links":{"self":[{"href":"https:\/\/gracieuse.ch\/de\/wp-json\/wp\/v2\/pages\/1114","targetHints":{"allow":["GET"]}}],"collection":[{"href":"https:\/\/gracieuse.ch\/de\/wp-json\/wp\/v2\/pages"}],"about":[{"href":"https:\/\/gracieuse.ch\/de\/wp-json\/wp\/v2\/types\/page"}],"author":[{"embeddable":true,"href":"https:\/\/gracieuse.ch\/de\/wp-json\/wp\/v2\/users\/2"}],"replies":[{"embeddable":true,"href":"https:\/\/gracieuse.ch\/de\/wp-json\/wp\/v2\/comments?post=1114"}],"version-history":[{"count":20,"href":"https:\/\/gracieuse.ch\/de\/wp-json\/wp\/v2\/pages\/1114\/revisions"}],"predecessor-version":[{"id":2743,"href":"https:\/\/gracieuse.ch\/de\/wp-json\/wp\/v2\/pages\/1114\/revisions\/2743"}],"wp:attachment":[{"href":"https:\/\/gracieuse.ch\/de\/wp-json\/wp\/v2\/media?parent=1114"}],"curies":[{"name":"wp","href":"https:\/\/api.w.org\/{rel}","templated":true}]}}